{"id":4986,"date":"2023-06-16T15:03:05","date_gmt":"2023-06-16T13:03:05","guid":{"rendered":"https:\/\/ambberna.esteri.it\/servizi-consolari-e-visti\/servizi-per-il-cittadino-italiano\/servizi-elettorali\/elezioni-europee\/"},"modified":"2024-05-30T15:15:59","modified_gmt":"2024-05-30T13:15:59","slug":"elezioni-europee","status":"publish","type":"page","link":"https:\/\/ambberna.esteri.it\/fr\/servizi-consolari-e-visti\/servizi-per-il-cittadino-italiano\/servizi-elettorali\/elezioni-europee\/","title":{"rendered":"\u00c9lections europ\u00e9ennes"},"content":{"rendered":"<div>\n<p>Les ressortissants italiens peuvent consulter sur le site esteri.it, au <a href=\"https:\/\/www.esteri.it\/wp-content\/uploads\/2024\/05\/circ-dait-049-servelet-16-05-2024.pdf\">lien<\/a> suivant, la Circulaire n\u00b0 49\/2024 du Minist\u00e8re de l&rsquo;Int\u00e9rieur contenant des informations sur les r\u00e9ductions de voyage sur le <strong>territoire italien<\/strong>, pour les \u00e9lecteurs r\u00e9sidant en Italie et \u00e0 l&rsquo;\u00e9tranger.<\/p>\n<p>Dans la <a href=\"https:\/\/www.esteri.it\/wp-content\/uploads\/2024\/05\/circ-dait-049-servelet-16-05-2024.pdf\">Circulaire<\/a> mentionn\u00e9e, sont \u00e9galement indiqu\u00e9es les p\u00e9riodes de validit\u00e9 pr\u00e9vues pour chaque type de r\u00e9duction.<\/p>\n<\/div>\n","protected":false},"excerpt":{"rendered":"Les ressortissants italiens peuvent consulter sur le site esteri.it, au lien suivant, la Circulaire n\u00b0 49\/2024 du Minist\u00e8re de l&rsquo;Int\u00e9rieur contenant des informations sur les r\u00e9ductions de voyage sur le territoire italien, pour les \u00e9lecteurs r\u00e9sidant en Italie et \u00e0 l&rsquo;\u00e9tranger. Dans la Circulaire mentionn\u00e9e, sont \u00e9galement indiqu\u00e9es les p\u00e9riodes de validit\u00e9 pr\u00e9vues pour chaque [&hellip;]","protected":false},"author":4,"featured_media":0,"parent":4967,"menu_order":0,"comment_status":"closed","ping_status":"closed","template":"","meta":{"footnotes":""},"class_list":["post-4986","page","type-page","status-publish","hentry"],"_links":{"self":[{"href":"https:\/\/ambberna.esteri.it\/fr\/wp-json\/wp\/v2\/pages\/4986","targetHints":{"allow":["GET"]}}],"collection":[{"href":"https:\/\/ambberna.esteri.it\/fr\/wp-json\/wp\/v2\/pages"}],"about":[{"href":"https:\/\/ambberna.esteri.it\/fr\/wp-json\/wp\/v2\/types\/page"}],"author":[{"embeddable":true,"href":"https:\/\/ambberna.esteri.it\/fr\/wp-json\/wp\/v2\/users\/4"}],"replies":[{"embeddable":true,"href":"https:\/\/ambberna.esteri.it\/fr\/wp-json\/wp\/v2\/comments?post=4986"}],"version-history":[{"count":3,"href":"https:\/\/ambberna.esteri.it\/fr\/wp-json\/wp\/v2\/pages\/4986\/revisions"}],"predecessor-version":[{"id":6573,"href":"https:\/\/ambberna.esteri.it\/fr\/wp-json\/wp\/v2\/pages\/4986\/revisions\/6573"}],"up":[{"embeddable":true,"href":"https:\/\/ambberna.esteri.it\/fr\/wp-json\/wp\/v2\/pages\/4967"}],"wp:attachment":[{"href":"https:\/\/ambberna.esteri.it\/fr\/wp-json\/wp\/v2\/media?parent=4986"}],"curies":[{"name":"wp","href":"https:\/\/api.w.org\/{rel}","templated":true}]}}