{"id":4997,"date":"2023-06-16T15:06:19","date_gmt":"2023-06-16T13:06:19","guid":{"rendered":"https:\/\/ambberna.esteri.it\/servizi-consolari-e-visti\/servizi-per-il-cittadino-italiano\/servizi-elettorali\/elezioni-comites\/"},"modified":"2023-12-04T15:21:08","modified_gmt":"2023-12-04T13:21:08","slug":"elezioni-comites","status":"publish","type":"page","link":"https:\/\/ambberna.esteri.it\/fr\/servizi-consolari-e-visti\/servizi-per-il-cittadino-italiano\/servizi-elettorali\/elezioni-comites\/","title":{"rendered":"\u00c9lections des Com.It.Es."},"content":{"rendered":"<p>Les Com.it.es. (Comit\u00e9s des Italiens \u00e0 l&rsquo;\u00e9tranger), institu\u00e9s par la loi n\u00b0 205\/1985, sont des organes repr\u00e9sentatifs de notre communaut\u00e9 et sont \u00e9lus sur la base de listes de candidats sign\u00e9es par des citoyens italiens r\u00e9sidant dans chaque circonscription consulaire o\u00f9 r\u00e9sident au moins 3 000 citoyens italiens ; m\u00eame dans les circonscriptions o\u00f9 r\u00e9sident moins de 3 000 citoyens italiens, les Comit\u00e9s peuvent \u00eatre nomm\u00e9s par les autorit\u00e9s diplomatiques et consulaires.<\/p>\n<p>La l\u00e9gislation sur les Com.it.Es. a \u00e9t\u00e9 profond\u00e9ment modifi\u00e9e par la loi n\u00b0 286 du 26 octobre 2003 et par le d\u00e9cret pr\u00e9sidentiel n\u00b0 395 du 29 d\u00e9cembre 2003 (r\u00e8glement d&rsquo;application).<\/p>\n<p>Parmi les nombreuses innovations, la premi\u00e8re \u00e0 noter est l&rsquo;introduction du vote par correspondance pour l&rsquo;\u00e9lection des Comit\u00e9s ; la loi renvoie aux proc\u00e9dures pr\u00e9vues par la loi 459 du 27 d\u00e9cembre 2001 : la base \u00e9lectorale est donc la m\u00eame que celle pr\u00e9vue pour l&rsquo;\u00e9lection des repr\u00e9sentants au Parlement national.<\/p>\n<p>Pour permettre au citoyen de voter par correspondance, le bureau consulaire envoie au domicile de chaque \u00e9lecteur, dans les d\u00e9lais pr\u00e9vus par la loi, une enveloppe contenant tout le mat\u00e9riel \u00e9lectoral et une feuille d&rsquo;information expliquant comment voter. Le citoyen vote, en prenant soin de suivre attentivement les instructions, puis renvoie le bulletin de vote par la poste \u00e0 son bureau consulaire, en utilisant l&rsquo;enveloppe d\u00e9j\u00e0 affranchie. L&rsquo;enveloppe doit \u00eatre envoy\u00e9e le plus t\u00f4t possible.<\/p>\n<p>Les commissions sont compos\u00e9es de 12 membres ou de 18 membres, selon qu&rsquo;elles sont \u00e9lues dans des circonscriptions consulaires comptant moins ou plus de 100 000 ressortissants italiens r\u00e9sidents, telles qu&rsquo;elles r\u00e9sultent de la liste mise \u00e0 jour utilis\u00e9e pour \u00e9lire les repr\u00e9sentants au parlement national. Une fois \u00e9lu, le Comit\u00e9 peut ensuite d\u00e9cider de coopter 4 ou 6 membres, citoyens \u00e9trangers d&rsquo;origine italienne.<\/p>\n<p>Un \u00e9l\u00e9ment particuli\u00e8rement nouveau est constitu\u00e9 par l&rsquo;article 1, paragraphe 2 de la loi 286\/2003, qui d\u00e9finit pour la premi\u00e8re fois les Com.It.Es. comme des \u00ab\u00a0organes repr\u00e9sentatifs des Italiens \u00e0 l&rsquo;\u00e9tranger dans les relations avec les repr\u00e9sentations diplomatiques et consulaires\u00a0\u00bb ; de cette mani\u00e8re, leur r\u00f4le est renforc\u00e9, tant par rapport aux communaut\u00e9s dont ils sont l&rsquo;expression que par rapport \u00e0 l&rsquo;autorit\u00e9 consulaire. En effet, la nouvelle loi met l&rsquo;accent sur les relations \u00e9troites de collaboration et de coop\u00e9ration qui doivent \u00eatre \u00e9tablies entre l&rsquo;autorit\u00e9 consulaire et les comit\u00e9s, notamment par le biais d&rsquo;un \u00ab\u00a0flux r\u00e9gulier d&rsquo;informations\u00a0\u00bb.<\/p>\n<p>En ce qui concerne leurs fonctions, les comit\u00e9s It.Es. contribuent, \u00e9galement par le biais d&rsquo;\u00e9tudes et de recherches, \u00e0 identifier les besoins de la communaut\u00e9 de r\u00e9f\u00e9rence en mati\u00e8re de d\u00e9veloppement social, culturel et civil ; une attention particuli\u00e8re est accord\u00e9e \u00e0 la participation des jeunes, \u00e0 l&rsquo;\u00e9galit\u00e9 des chances, \u00e0 l&rsquo;assistance sociale et \u00e9ducative, \u00e0 la formation professionnelle, au secteur r\u00e9cr\u00e9atif, au sport et aux loisirs.<\/p>\n<p>Les Comit\u00e9s sont \u00e9galement appel\u00e9s \u00e0 coop\u00e9rer avec les autorit\u00e9s consulaires pour prot\u00e9ger les droits et les int\u00e9r\u00eats des citoyens italiens r\u00e9sidant dans la circonscription consulaire.<\/p>\n<p>En Suisse, il existe 7 Com.It.Es. situ\u00e9es \u00e0 Berne, Zurich, Gen\u00e8ve, Lausanne, Lugano, B\u00e2le et Saint-Gall.<\/p>\n","protected":false},"excerpt":{"rendered":"Les Com.it.es. (Comit\u00e9s des Italiens \u00e0 l&rsquo;\u00e9tranger), institu\u00e9s par la loi n\u00b0 205\/1985, sont des organes repr\u00e9sentatifs de notre communaut\u00e9 et sont \u00e9lus sur la base de listes de candidats sign\u00e9es par des citoyens italiens r\u00e9sidant dans chaque circonscription consulaire o\u00f9 r\u00e9sident au moins 3 000 citoyens italiens ; m\u00eame dans les circonscriptions o\u00f9 r\u00e9sident [&hellip;]","protected":false},"author":4,"featured_media":0,"parent":4967,"menu_order":0,"comment_status":"closed","ping_status":"closed","template":"","meta":{"footnotes":""},"class_list":["post-4997","page","type-page","status-publish","hentry"],"_links":{"self":[{"href":"https:\/\/ambberna.esteri.it\/fr\/wp-json\/wp\/v2\/pages\/4997","targetHints":{"allow":["GET"]}}],"collection":[{"href":"https:\/\/ambberna.esteri.it\/fr\/wp-json\/wp\/v2\/pages"}],"about":[{"href":"https:\/\/ambberna.esteri.it\/fr\/wp-json\/wp\/v2\/types\/page"}],"author":[{"embeddable":true,"href":"https:\/\/ambberna.esteri.it\/fr\/wp-json\/wp\/v2\/users\/4"}],"replies":[{"embeddable":true,"href":"https:\/\/ambberna.esteri.it\/fr\/wp-json\/wp\/v2\/comments?post=4997"}],"version-history":[{"count":1,"href":"https:\/\/ambberna.esteri.it\/fr\/wp-json\/wp\/v2\/pages\/4997\/revisions"}],"predecessor-version":[{"id":5003,"href":"https:\/\/ambberna.esteri.it\/fr\/wp-json\/wp\/v2\/pages\/4997\/revisions\/5003"}],"up":[{"embeddable":true,"href":"https:\/\/ambberna.esteri.it\/fr\/wp-json\/wp\/v2\/pages\/4967"}],"wp:attachment":[{"href":"https:\/\/ambberna.esteri.it\/fr\/wp-json\/wp\/v2\/media?parent=4997"}],"curies":[{"name":"wp","href":"https:\/\/api.w.org\/{rel}","templated":true}]}}