{"id":5034,"date":"2023-06-19T15:26:14","date_gmt":"2023-06-19T13:26:14","guid":{"rendered":"https:\/\/ambberna.esteri.it\/servizi-consolari-e-visti\/servizi-per-il-cittadino-italiano\/servizi-elettorali\/elezioni-amministrative-e-referendum-locali-in-italia\/"},"modified":"2023-12-04T15:36:18","modified_gmt":"2023-12-04T13:36:18","slug":"elezioni-amministrative-e-referendum-locali-in-italia","status":"publish","type":"page","link":"https:\/\/ambberna.esteri.it\/fr\/servizi-consolari-e-visti\/servizi-per-il-cittadino-italiano\/servizi-elettorali\/elezioni-amministrative-e-referendum-locali-in-italia\/","title":{"rendered":"\u00c9lections locales et r\u00e9f\u00e9rendums en Italie"},"content":{"rendered":"<p>Veuillez patienter quelques instants pour atteindre la page qui vous int\u00e9resse<br \/>\n<meta http-equiv=\"Refresh\" content=\"0; url='https:\/\/www.esteri.it\/en\/servizi-consolari-e-visti\/italiani-all-estero\/elezioni-amministrative-e-referendum\/'\" \/><\/p>\n","protected":false},"excerpt":{"rendered":"Veuillez patienter quelques instants pour atteindre la page qui vous int\u00e9resse","protected":false},"author":4,"featured_media":0,"parent":4967,"menu_order":0,"comment_status":"closed","ping_status":"closed","template":"","meta":{"footnotes":""},"class_list":["post-5034","page","type-page","status-publish","hentry"],"_links":{"self":[{"href":"https:\/\/ambberna.esteri.it\/fr\/wp-json\/wp\/v2\/pages\/5034","targetHints":{"allow":["GET"]}}],"collection":[{"href":"https:\/\/ambberna.esteri.it\/fr\/wp-json\/wp\/v2\/pages"}],"about":[{"href":"https:\/\/ambberna.esteri.it\/fr\/wp-json\/wp\/v2\/types\/page"}],"author":[{"embeddable":true,"href":"https:\/\/ambberna.esteri.it\/fr\/wp-json\/wp\/v2\/users\/4"}],"replies":[{"embeddable":true,"href":"https:\/\/ambberna.esteri.it\/fr\/wp-json\/wp\/v2\/comments?post=5034"}],"version-history":[{"count":1,"href":"https:\/\/ambberna.esteri.it\/fr\/wp-json\/wp\/v2\/pages\/5034\/revisions"}],"predecessor-version":[{"id":5038,"href":"https:\/\/ambberna.esteri.it\/fr\/wp-json\/wp\/v2\/pages\/5034\/revisions\/5038"}],"up":[{"embeddable":true,"href":"https:\/\/ambberna.esteri.it\/fr\/wp-json\/wp\/v2\/pages\/4967"}],"wp:attachment":[{"href":"https:\/\/ambberna.esteri.it\/fr\/wp-json\/wp\/v2\/media?parent=5034"}],"curies":[{"name":"wp","href":"https:\/\/api.w.org\/{rel}","templated":true}]}}