{"id":5099,"date":"2023-06-27T16:05:48","date_gmt":"2023-06-27T14:05:48","guid":{"rendered":"https:\/\/ambberna.esteri.it\/servizi-consolari-e-visti\/servizi-per-il-cittadino-italiano\/spid-per-residenti-allestero\/"},"modified":"2023-12-05T10:30:15","modified_gmt":"2023-12-05T08:30:15","slug":"spid-per-residenti-allestero","status":"publish","type":"page","link":"https:\/\/ambberna.esteri.it\/fr\/servizi-consolari-e-visti\/servizi-per-il-cittadino-italiano\/spid-per-residenti-allestero\/","title":{"rendered":"SPID pour les r\u00e9sidents \u00e0 l&rsquo;\u00e9tranger"},"content":{"rendered":"<div>\n<p>Actuellement, le <strong>syst\u00e8me public d&rsquo;identit\u00e9 num\u00e9rique (SPID)<\/strong> est le principal outil d&rsquo;identification en ligne pour les citoyens et les entreprises dans leurs relations avec l&rsquo;administration publique italienne, y compris les bureaux consulaires \u00e0 l&rsquo;\u00e9tranger.<\/p>\n<p>Veuillez noter que pour l&rsquo;acc\u00e8s aux services consulaires en ligne (en particulier le portail Fast-It)<\/p>\n<ul>\n<li>\u00e0 partir du 1er janvier 2026, la cr\u00e9ation de nouveaux comptes n\u00e9cessitera obligatoirement la <strong>possession d&rsquo;identifiants SPID<\/strong>, ou alternativement de CIE ou CNS<\/li>\n<li>les personnes qui disposent d\u00e9j\u00e0 d&rsquo;un profil d&rsquo;acc\u00e8s avec nom d&rsquo;utilisateur et mot de passe ne pourront continuer \u00e0 l&rsquo;utiliser que jusqu&rsquo;au 31 mars 2026.<\/li>\n<\/ul>\n<p>Il est donc recommand\u00e9 de prendre des mesures d\u00e8s maintenant pour obtenir les identifiants SPID : les parties int\u00e9ress\u00e9es peuvent contacter les fournisseurs d&rsquo;identit\u00e9 d\u00e9sign\u00e9s pour fournir le service.<\/p>\n<p>Le Registre consulaire <strong>ne<\/strong> peut <strong>pas<\/strong> fournir d&rsquo;identifiants SPID, car il n&rsquo;est pas un <em>Identity Provider<\/em>.<\/p>\n<p>Toutes les informations, ainsi que les instructions sur la mani\u00e8re d&rsquo;obtenir vos identifiants, sont disponibles<\/p>\n<ul>\n<li>sur la page du minist\u00e8re des affaires \u00e9trang\u00e8res et de la coop\u00e9ration internationale consacr\u00e9e \u00e0 <a href=\"https:\/\/www.spid.gov.it\/en\/what-is-spid\/how-to-choose-between-digital-identity-providers\/\"><strong>SPID<\/strong><\/a><\/li>\n<li>sur la <a href=\"https:\/\/www.spid.gov.it\/en\/frequently-asked-questions\/\"><strong>FAQ &#8211; Foire aux questions<\/strong><\/a> du site institutionnel de l&rsquo;Agenzia dell&rsquo;Italia Digitale.<\/li>\n<\/ul>\n<\/div>\n","protected":false},"excerpt":{"rendered":"Actuellement, le syst\u00e8me public d&rsquo;identit\u00e9 num\u00e9rique (SPID) est le principal outil d&rsquo;identification en ligne pour les citoyens et les entreprises dans leurs relations avec l&rsquo;administration publique italienne, y compris les bureaux consulaires \u00e0 l&rsquo;\u00e9tranger. Veuillez noter que pour l&rsquo;acc\u00e8s aux services consulaires en ligne (en particulier le portail Fast-It) \u00e0 partir du 1er janvier 2026, [&hellip;]","protected":false},"author":4,"featured_media":0,"parent":3974,"menu_order":13,"comment_status":"closed","ping_status":"closed","template":"","meta":{"footnotes":""},"class_list":["post-5099","page","type-page","status-publish","hentry"],"_links":{"self":[{"href":"https:\/\/ambberna.esteri.it\/fr\/wp-json\/wp\/v2\/pages\/5099","targetHints":{"allow":["GET"]}}],"collection":[{"href":"https:\/\/ambberna.esteri.it\/fr\/wp-json\/wp\/v2\/pages"}],"about":[{"href":"https:\/\/ambberna.esteri.it\/fr\/wp-json\/wp\/v2\/types\/page"}],"author":[{"embeddable":true,"href":"https:\/\/ambberna.esteri.it\/fr\/wp-json\/wp\/v2\/users\/4"}],"replies":[{"embeddable":true,"href":"https:\/\/ambberna.esteri.it\/fr\/wp-json\/wp\/v2\/comments?post=5099"}],"version-history":[{"count":1,"href":"https:\/\/ambberna.esteri.it\/fr\/wp-json\/wp\/v2\/pages\/5099\/revisions"}],"predecessor-version":[{"id":5104,"href":"https:\/\/ambberna.esteri.it\/fr\/wp-json\/wp\/v2\/pages\/5099\/revisions\/5104"}],"up":[{"embeddable":true,"href":"https:\/\/ambberna.esteri.it\/fr\/wp-json\/wp\/v2\/pages\/3974"}],"wp:attachment":[{"href":"https:\/\/ambberna.esteri.it\/fr\/wp-json\/wp\/v2\/media?parent=5099"}],"curies":[{"name":"wp","href":"https:\/\/api.w.org\/{rel}","templated":true}]}}