{"id":5129,"date":"2023-04-11T18:22:23","date_gmt":"2023-04-11T16:22:23","guid":{"rendered":"https:\/\/ambberna.esteri.it\/servizi-consolari-e-visti\/servizi-per-il-cittadino-straniero\/cittadinanza\/"},"modified":"2025-05-28T11:24:13","modified_gmt":"2025-05-28T09:24:13","slug":"cittadinanza","status":"publish","type":"page","link":"https:\/\/ambberna.esteri.it\/fr\/servizi-consolari-e-visti\/servizi-per-il-cittadino-straniero\/cittadinanza\/","title":{"rendered":"Citoyennet\u00e9"},"content":{"rendered":"<div>\n<p><strong>Page en cours de mise \u00e0 jour apr\u00e8s l&rsquo;entr\u00e9e en vigueur du D.L. 28 mars 2025, n. 36 \u201cDispositions urgentes sur la citoyennet\u00e9\u201d, converti avec les modifications apport\u00e9es par la loi 23 mai 2025, n. 74<\/strong><\/p>\n<table style=\"background-color: #ffffe0;\">\n<tbody>\n<tr style=\"background-color: #bdb76b; color: #ffffff;\">\n<td width=\"189\"><strong><b>Personnel du bureau<\/b><\/strong><\/td>\n<td width=\"207\"><strong><b>Email<br \/>\n<\/b><\/strong><\/td>\n<td width=\"118\"><strong><b>T\u00e9l\u00e9phone<\/b><\/strong><\/td>\n<\/tr>\n<tr>\n<td width=\"189\">Zampini Fiorenzo<\/td>\n<td width=\"207\"><a href=\"mailto:berna.cittadinanza@esteri.it\">berna.cittadinanza@esteri.it<\/a><\/td>\n<td width=\"118\">+41 31 390 10 14<\/td>\n<\/tr>\n<\/tbody>\n<\/table>\n<\/div>\n<p>&nbsp;<\/p>\n<p>Vous pouvez consulter la <a href=\"https:\/\/www.esteri.it\/en\/servizi-consolari-e-visti\/italiani-all-estero\/cittadinanza\/\">page web<\/a> du Minist\u00e8re des Affaires \u00e9trang\u00e8res et de la Coop\u00e9ration internationale pour obtenir des informations sur les diff\u00e9rents types d&rsquo;acquisition de la citoyennet\u00e9 italienne : par filiation, par naissance sur le territoire italien, par mariage avec un citoyen italien, par r\u00e9sidence en Italie, par m\u00e9rites sp\u00e9ciaux et par reconnaissance.<\/p>\n<p>ATTENTION : Le bureau de la citoyennet\u00e9 de la Chancellerie consulaire re\u00e7oit <strong>uniquement<\/strong> sur rendez-vous. Cette page d\u00e9crit la proc\u00e9dure d&rsquo;octroi de la citoyennet\u00e9 italienne pour le mariage avec un citoyen italien \u00e0 l&rsquo;\u00e9tranger : les demandeurs seront convoqu\u00e9s directement par le bureau de la citoyennet\u00e9 <strong>APR\u00c8S<\/strong> avoir soumis leur demande en ligne.<\/p>\n<p>Pour les autres demandes, les personnes int\u00e9ress\u00e9es sont invit\u00e9es \u00e0 contacter le bureau de la citoyennet\u00e9 par e-mail : <a href=\"mailto:berna.cittadinanza@esteri.it\">berna.cittadinanza@esteri.it<\/a><\/p>\n<p>&nbsp;<\/p>\n<p><strong>ACQUISITION DE LA CITOYENNET\u00c9 ITALIENNE POUR LES \u00c9TRANGERS R\u00c9SIDANT \u00c0 L&rsquo;\u00c9TRANGER<br \/>\n<\/strong>(Art. 5 &#8211; mariage avec un\/e citoyen\/ne italien\/ne et Art. 9, \u00a7 1, lettre c, Loi n\u00b0 91\/1992)<\/p>\n<p>La proc\u00e9dure d&rsquo;acquisition de la nationalit\u00e9 italienne par mariage peut \u00eatre consult\u00e9e au<a href=\"https:\/\/ambberna.esteri.it\/wp-content\/uploads\/2024\/12\/Cittadinanza-italiana-per-matrimonio-01_2025.pdf\"><span style=\"text-decoration: underline;\"> lien<\/span><\/a> suivante.<\/p>\n<p><span style=\"text-decoration: underline;\"><br \/>\nAUTRES CAS<\/span><\/p>\n<p>Pour tous les autres cas d&rsquo;acquisition\/reconnaissance\/perte de la citoyennet\u00e9 italienne, les int\u00e9ress\u00e9s sont invit\u00e9s \u00e0 contacter directement le Bureau de la Citoyennet\u00e9 de ce Consulat par e-mail : <a href=\"mailto:berna.cittadinanza@esteri.it\">berna.cittadinanza@esteri.it<\/a>.<\/p>\n","protected":false},"excerpt":{"rendered":"Page en cours de mise \u00e0 jour apr\u00e8s l&rsquo;entr\u00e9e en vigueur du D.L. 28 mars 2025, n. 36 \u201cDispositions urgentes sur la citoyennet\u00e9\u201d, converti avec les modifications apport\u00e9es par la loi 23 mai 2025, n. 74 Personnel du bureau Email T\u00e9l\u00e9phone Zampini Fiorenzo berna.cittadinanza@esteri.it +41 31 390 10 14 &nbsp; Vous pouvez consulter la page [&hellip;]","protected":false},"author":1,"featured_media":0,"parent":3981,"menu_order":2,"comment_status":"closed","ping_status":"closed","template":"","meta":{"footnotes":""},"class_list":["post-5129","page","type-page","status-publish","hentry"],"_links":{"self":[{"href":"https:\/\/ambberna.esteri.it\/fr\/wp-json\/wp\/v2\/pages\/5129","targetHints":{"allow":["GET"]}}],"collection":[{"href":"https:\/\/ambberna.esteri.it\/fr\/wp-json\/wp\/v2\/pages"}],"about":[{"href":"https:\/\/ambberna.esteri.it\/fr\/wp-json\/wp\/v2\/types\/page"}],"author":[{"embeddable":true,"href":"https:\/\/ambberna.esteri.it\/fr\/wp-json\/wp\/v2\/users\/1"}],"replies":[{"embeddable":true,"href":"https:\/\/ambberna.esteri.it\/fr\/wp-json\/wp\/v2\/comments?post=5129"}],"version-history":[{"count":6,"href":"https:\/\/ambberna.esteri.it\/fr\/wp-json\/wp\/v2\/pages\/5129\/revisions"}],"predecessor-version":[{"id":7980,"href":"https:\/\/ambberna.esteri.it\/fr\/wp-json\/wp\/v2\/pages\/5129\/revisions\/7980"}],"up":[{"embeddable":true,"href":"https:\/\/ambberna.esteri.it\/fr\/wp-json\/wp\/v2\/pages\/3981"}],"wp:attachment":[{"href":"https:\/\/ambberna.esteri.it\/fr\/wp-json\/wp\/v2\/media?parent=5129"}],"curies":[{"name":"wp","href":"https:\/\/api.w.org\/{rel}","templated":true}]}}