{"id":5149,"date":"2023-06-19T16:02:47","date_gmt":"2023-06-19T14:02:47","guid":{"rendered":"https:\/\/ambberna.esteri.it\/servizi-consolari-e-visti\/servizi-per-il-cittadino-italiano\/albo-consolare-e-altri-servizi\/la-trasparenza\/"},"modified":"2023-12-05T13:15:03","modified_gmt":"2023-12-05T11:15:03","slug":"la-trasparenza","status":"publish","type":"page","link":"https:\/\/ambberna.esteri.it\/fr\/servizi-consolari-e-visti\/servizi-per-il-cittadino-italiano\/albo-consolare-e-altri-servizi\/la-trasparenza\/","title":{"rendered":"Transparence"},"content":{"rendered":"<p><strong>Protection des donn\u00e9es \u00e0 caract\u00e8re personnel : information des utilisateurs sur les services consulaires<\/strong><\/p>\n<ul>\n<li><a href=\"https:\/\/www.esteri.it\/en\/trasparenza_comunicazioni_legali\/protezione-dati-personali\/\">R\u00e8glement g\u00e9n\u00e9ral sur la protection des donn\u00e9es (UE 2016\/679)<\/a><\/li>\n<li><a href=\"https:\/\/ambberna.esteri.it\/wp-content\/uploads\/2023\/06\/informativa_servizi_consolari__ex_visti_e_cittadinanza_.pdf\">Informations sur le traitement des donn\u00e9es \u00e0 caract\u00e8re personnel des services consulaires (\u00e0 l&rsquo;exclusion des visas et de la citoyennet\u00e9)<\/a><\/li>\n<li><a href=\"https:\/\/ambberna.esteri.it\/wp-content\/uploads\/2023\/06\/informativa_cittadinanza__jure_sanguinis_e_naturalizzazione_.pdf\">Informations sur le traitement des donn\u00e9es \u00e0 caract\u00e8re personnel relatives \u00e0 la citoyennet\u00e9 iure sanguinis et \u00e0 la naturalisation<\/a><\/li>\n<\/ul>\n<p><strong><a href=\"https:\/\/ambberna.esteri.it\/amministrazione-trasparente\/bandi-di-concorso\/\">Concours g\u00e9n\u00e9raux, en cours et s\u00e9lections achev\u00e9es<\/a><\/strong><\/p>\n<p><a href=\"https:\/\/www.esteri.it\/en\/servizi-consolari-e-visti\/italiani-all-estero\/concorsi-per-edilizia-popolare\/\"><strong>Concours pour l&rsquo;attribution de logements sociaux E.R.P.<\/strong><\/a><\/p>\n<p><a href=\"https:\/\/ambberna.esteri.it\/it\/servizi-consolari-e-visti\/servizi-per-il-cittadino-italiano\/albo-consolare-e-altri-servizi\/la-trasparenza\/certificazione-esecuzione-lavori-eseguiti-allestero-da-imprese-italiane\/\"><strong>Certification des travaux effectu\u00e9s \u00e0 l&rsquo;\u00e9tranger par des entreprises italiennes<\/strong><\/a><\/p>\n","protected":false},"excerpt":{"rendered":"Protection des donn\u00e9es \u00e0 caract\u00e8re personnel : information des utilisateurs sur les services consulaires R\u00e8glement g\u00e9n\u00e9ral sur la protection des donn\u00e9es (UE 2016\/679) Informations sur le traitement des donn\u00e9es \u00e0 caract\u00e8re personnel des services consulaires (\u00e0 l&rsquo;exclusion des visas et de la citoyennet\u00e9) Informations sur le traitement des donn\u00e9es \u00e0 caract\u00e8re personnel relatives \u00e0 la [&hellip;]","protected":false},"author":4,"featured_media":0,"parent":4528,"menu_order":0,"comment_status":"closed","ping_status":"closed","template":"","meta":{"footnotes":""},"class_list":["post-5149","page","type-page","status-publish","hentry"],"_links":{"self":[{"href":"https:\/\/ambberna.esteri.it\/fr\/wp-json\/wp\/v2\/pages\/5149","targetHints":{"allow":["GET"]}}],"collection":[{"href":"https:\/\/ambberna.esteri.it\/fr\/wp-json\/wp\/v2\/pages"}],"about":[{"href":"https:\/\/ambberna.esteri.it\/fr\/wp-json\/wp\/v2\/types\/page"}],"author":[{"embeddable":true,"href":"https:\/\/ambberna.esteri.it\/fr\/wp-json\/wp\/v2\/users\/4"}],"replies":[{"embeddable":true,"href":"https:\/\/ambberna.esteri.it\/fr\/wp-json\/wp\/v2\/comments?post=5149"}],"version-history":[{"count":1,"href":"https:\/\/ambberna.esteri.it\/fr\/wp-json\/wp\/v2\/pages\/5149\/revisions"}],"predecessor-version":[{"id":5153,"href":"https:\/\/ambberna.esteri.it\/fr\/wp-json\/wp\/v2\/pages\/5149\/revisions\/5153"}],"up":[{"embeddable":true,"href":"https:\/\/ambberna.esteri.it\/fr\/wp-json\/wp\/v2\/pages\/4528"}],"wp:attachment":[{"href":"https:\/\/ambberna.esteri.it\/fr\/wp-json\/wp\/v2\/media?parent=5149"}],"curies":[{"name":"wp","href":"https:\/\/api.w.org\/{rel}","templated":true}]}}