{"id":5281,"date":"2023-06-13T09:54:57","date_gmt":"2023-06-13T07:54:57","guid":{"rendered":"https:\/\/ambberna.esteri.it\/italia-e-svizzera\/diplomazia-economica\/fare-affari-in-svizzera\/guida-strumenti\/"},"modified":"2023-12-07T14:59:26","modified_gmt":"2023-12-07T12:59:26","slug":"guida-strumenti","status":"publish","type":"page","link":"https:\/\/ambberna.esteri.it\/fr\/italia-e-svizzera\/diplomazia-economica\/fare-affari-in-svizzera\/guida-strumenti\/","title":{"rendered":"Guide de l&rsquo;instrument"},"content":{"rendered":"<p>Le d\u00e9cret du 12 juin 2023 du minist\u00e8re de l&rsquo;Entreprise et du Made in Italy a \u00e9t\u00e9 publi\u00e9 au Journal officiel du 9 ao\u00fbt 2023, indiquant les modalit\u00e9s d&rsquo;utilisation des ressources suppl\u00e9mentaires conf\u00e9r\u00e9es au Fonds de soutien au capital-risque et visant \u00e0 soutenir les investissements dans le capital des start-ups innovantes et des petites et moyennes entreprises innovantes.<\/p>\n<p>En particulier, le d\u00e9cret apporte quelques modifications au d\u00e9cret du ministre du D\u00e9veloppement \u00e9conomique (d\u00e9sormais minist\u00e8re de l&rsquo;Entreprise et du Made in Italy) du 1er octobre 2020 en pr\u00e9cisant les d\u00e9finitions suivantes :<\/p>\n<ul>\n<li>\u00ab\u00a0financement de conversion est l&rsquo;instrument de \u00ab\u00a0quasi-fonds propres\u00a0\u00bb qui consiste en un apport, qui ne donne pas lieu \u00e0 remboursement, produisant des int\u00e9r\u00eats notionnels pour la p\u00e9riode de temps indiqu\u00e9e dans le r\u00e8glement de gestion, qui s&rsquo;accumulent \u00e0 un taux d&rsquo;int\u00e9r\u00eat notionnel simple annuel \u00e9galement indiqu\u00e9 dans le r\u00e8glement de gestion, qui seront convertis en fonds propres de la soci\u00e9t\u00e9 cible (en tenant compte des int\u00e9r\u00eats notionnels aux seules fins du ratio de conversion) en cas de survenance, avant la fin des activit\u00e9s de liquidation du Fonds, des circonstances suivantes, \u00e0 moins qu&rsquo;il n&rsquo;y soit renonc\u00e9, y compris aux int\u00e9r\u00eats notionnels, par la SGR dans l&rsquo;int\u00e9r\u00eat exclusif des participants au Fonds ;<\/li>\n<li>\u00ab\u00a0investisseurs proposants\u00a0\u00bb : investisseurs professionnels ou investisseurs qualifi\u00e9s qui soumettent au Fonds une ou plusieurs soci\u00e9t\u00e9s cibles dans lesquelles ledit investisseur a investi un montant d&rsquo;au moins 50.000,00 EUR chacune\u00a0\u00bb.<\/li>\n<\/ul>\n<p>Le d\u00e9cret pr\u00e9voit notamment que<\/p>\n<ul>\n<li>lorsque l&rsquo;entreprise cible est une PME innovante \u00e9mettant des actions cot\u00e9es en bourse, l&rsquo;investissement initial du Fonds dans cette entreprise cible peut \u00e9galement \u00eatre effectu\u00e9 par le biais d&rsquo;une prise de participation<\/li>\n<li>le Fonds peut effectuer des investissements ult\u00e9rieurs dans les entreprises du portefeuille, en s\u00e9lectionnant de pr\u00e9f\u00e9rence celles dans lesquelles le Fonds a d\u00e9j\u00e0 converti l&rsquo;instrument financier de conversion, jusqu&rsquo;\u00e0 un montant total maximum, en utilisant les ressources pr\u00e9vues \u00e0 l&rsquo;article 38, paragraphe 3, du d\u00e9cret-loi n\u00b0 34\/2020, de 50 000 000 \u20ac, y compris les co\u00fbts et les d\u00e9penses li\u00e9s \u00e0 ces investissements. La valeur des op\u00e9rations individuelles d&rsquo;investissement ult\u00e9rieur ne peut d\u00e9passer un maximum de 5 000 000 d&rsquo;euros par soci\u00e9t\u00e9 de portefeuille individuelle\u00a0\u00bb ;<\/li>\n<li>la SGR per\u00e7oit \u00e9galement une commission de performance, conforme aux pratiques du march\u00e9, d&rsquo;un montant \u00e9gal \u00e0 15 % (quinze pour cent) appliqu\u00e9 au montant r\u00e9sultant de la diff\u00e9rence entre la valeur finale du Fonds et la valeur nominale du Fonds, net de tout rendement minimum reconnu \u00e0 l&rsquo;investisseur \u00e9gal \u00e0 5 % par an compos\u00e9 appliqu\u00e9 au montant vers\u00e9 et de temps en temps effectivement utilis\u00e9 des actifs du Fonds calcul\u00e9s dans la p\u00e9riode entre la date d&rsquo;utilisation effective de ces montants et la date de la distribution concern\u00e9e.<\/li>\n<\/ul>\n<p>&nbsp;<\/p>\n","protected":false},"excerpt":{"rendered":"Le d\u00e9cret du 12 juin 2023 du minist\u00e8re de l&rsquo;Entreprise et du Made in Italy a \u00e9t\u00e9 publi\u00e9 au Journal officiel du 9 ao\u00fbt 2023, indiquant les modalit\u00e9s d&rsquo;utilisation des ressources suppl\u00e9mentaires conf\u00e9r\u00e9es au Fonds de soutien au capital-risque et visant \u00e0 soutenir les investissements dans le capital des start-ups innovantes et des petites et [&hellip;]","protected":false},"author":4,"featured_media":0,"parent":4229,"menu_order":0,"comment_status":"closed","ping_status":"closed","template":"","meta":{"footnotes":""},"class_list":["post-5281","page","type-page","status-publish","hentry"],"_links":{"self":[{"href":"https:\/\/ambberna.esteri.it\/fr\/wp-json\/wp\/v2\/pages\/5281","targetHints":{"allow":["GET"]}}],"collection":[{"href":"https:\/\/ambberna.esteri.it\/fr\/wp-json\/wp\/v2\/pages"}],"about":[{"href":"https:\/\/ambberna.esteri.it\/fr\/wp-json\/wp\/v2\/types\/page"}],"author":[{"embeddable":true,"href":"https:\/\/ambberna.esteri.it\/fr\/wp-json\/wp\/v2\/users\/4"}],"replies":[{"embeddable":true,"href":"https:\/\/ambberna.esteri.it\/fr\/wp-json\/wp\/v2\/comments?post=5281"}],"version-history":[{"count":1,"href":"https:\/\/ambberna.esteri.it\/fr\/wp-json\/wp\/v2\/pages\/5281\/revisions"}],"predecessor-version":[{"id":5290,"href":"https:\/\/ambberna.esteri.it\/fr\/wp-json\/wp\/v2\/pages\/5281\/revisions\/5290"}],"up":[{"embeddable":true,"href":"https:\/\/ambberna.esteri.it\/fr\/wp-json\/wp\/v2\/pages\/4229"}],"wp:attachment":[{"href":"https:\/\/ambberna.esteri.it\/fr\/wp-json\/wp\/v2\/media?parent=5281"}],"curies":[{"name":"wp","href":"https:\/\/api.w.org\/{rel}","templated":true}]}}