{"id":5304,"date":"2023-06-13T09:58:37","date_gmt":"2023-06-13T07:58:37","guid":{"rendered":"https:\/\/ambberna.esteri.it\/italia-e-svizzera\/diplomazia-economica\/fare-affari-in-svizzera\/servizi-per-le-imprese\/assicurazione-allexport\/"},"modified":"2023-12-07T15:07:18","modified_gmt":"2023-12-07T13:07:18","slug":"assicurazione-allexport","status":"publish","type":"page","link":"https:\/\/ambberna.esteri.it\/fr\/italia-e-svizzera\/diplomazia-economica\/fare-affari-in-svizzera\/servizi-per-le-imprese\/assicurazione-allexport\/","title":{"rendered":"Assurance \u00e0 l&rsquo;exportation"},"content":{"rendered":"<p><a href=\"https:\/\/www.sace.it\/en\"><strong>Servizi Assicurativi del Commercio Estero &#8211; SACE S.p.A.<\/strong><\/a><\/p>\n<ul>\n<li>Soci\u00e9t\u00e9 d&rsquo;assurance-cr\u00e9dit \u00e0 l&rsquo;exportation dont le capital social est souscrit par le minist\u00e8re de l&rsquo;\u00e9conomie et des finances ;<\/li>\n<li>assure et r\u00e9assure les risques politiques, \u00e9conomiques et commerciaux auxquels les op\u00e9rateurs italiens sont expos\u00e9s dans leurs transactions internationales ;<\/li>\n<li>soutient les exportations des petites et moyennes entreprises italiennes en facilitant l&rsquo;acc\u00e8s aux garanties d&rsquo;assurance par le biais de deux strat\u00e9gies bas\u00e9es sur la possibilit\u00e9 donn\u00e9e aux entreprises de choisir le type de relation \u00e0 \u00e9tablir avec la SACE :\n<ul>\n<li>strat\u00e9gie directe : dans cette hypoth\u00e8se, parmi les diff\u00e9rents outils d&rsquo;assurance disponibles, on distingue celui des \u00ab\u00a0Global Policies\u00a0\u00bb, destin\u00e9 aux entreprises qui entretiennent des relations commerciales continues avec divers d\u00e9biteurs \u00e9trangers ;<\/li>\n<li>la strat\u00e9gie indirecte, c&rsquo;est-\u00e0-dire l&rsquo;activit\u00e9 m\u00e9diatis\u00e9e par les banques et\/ou les compagnies d&rsquo;assurance priv\u00e9es.<\/li>\n<\/ul>\n<\/li>\n<\/ul>\n","protected":false},"excerpt":{"rendered":"Servizi Assicurativi del Commercio Estero &#8211; SACE S.p.A. Soci\u00e9t\u00e9 d&rsquo;assurance-cr\u00e9dit \u00e0 l&rsquo;exportation dont le capital social est souscrit par le minist\u00e8re de l&rsquo;\u00e9conomie et des finances ; assure et r\u00e9assure les risques politiques, \u00e9conomiques et commerciaux auxquels les op\u00e9rateurs italiens sont expos\u00e9s dans leurs transactions internationales ; soutient les exportations des petites et moyennes entreprises [&hellip;]","protected":false},"author":4,"featured_media":0,"parent":5291,"menu_order":0,"comment_status":"closed","ping_status":"closed","template":"","meta":{"footnotes":""},"class_list":["post-5304","page","type-page","status-publish","hentry"],"_links":{"self":[{"href":"https:\/\/ambberna.esteri.it\/fr\/wp-json\/wp\/v2\/pages\/5304","targetHints":{"allow":["GET"]}}],"collection":[{"href":"https:\/\/ambberna.esteri.it\/fr\/wp-json\/wp\/v2\/pages"}],"about":[{"href":"https:\/\/ambberna.esteri.it\/fr\/wp-json\/wp\/v2\/types\/page"}],"author":[{"embeddable":true,"href":"https:\/\/ambberna.esteri.it\/fr\/wp-json\/wp\/v2\/users\/4"}],"replies":[{"embeddable":true,"href":"https:\/\/ambberna.esteri.it\/fr\/wp-json\/wp\/v2\/comments?post=5304"}],"version-history":[{"count":1,"href":"https:\/\/ambberna.esteri.it\/fr\/wp-json\/wp\/v2\/pages\/5304\/revisions"}],"predecessor-version":[{"id":5313,"href":"https:\/\/ambberna.esteri.it\/fr\/wp-json\/wp\/v2\/pages\/5304\/revisions\/5313"}],"up":[{"embeddable":true,"href":"https:\/\/ambberna.esteri.it\/fr\/wp-json\/wp\/v2\/pages\/5291"}],"wp:attachment":[{"href":"https:\/\/ambberna.esteri.it\/fr\/wp-json\/wp\/v2\/media?parent=5304"}],"curies":[{"name":"wp","href":"https:\/\/api.w.org\/{rel}","templated":true}]}}