{"id":5315,"date":"2023-06-13T09:59:18","date_gmt":"2023-06-13T07:59:18","guid":{"rendered":"https:\/\/ambberna.esteri.it\/italia-e-svizzera\/diplomazia-economica\/fare-affari-in-svizzera\/servizi-per-le-imprese\/finanziamenti-e-investimenti\/"},"modified":"2023-12-07T15:22:17","modified_gmt":"2023-12-07T13:22:17","slug":"finanziamenti-e-investimenti","status":"publish","type":"page","link":"https:\/\/ambberna.esteri.it\/fr\/italia-e-svizzera\/diplomazia-economica\/fare-affari-in-svizzera\/servizi-per-le-imprese\/finanziamenti-e-investimenti\/","title":{"rendered":"Financement et investissements"},"content":{"rendered":"<p><a href=\"https:\/\/www.simest.it\/en\/\"><strong>Finanziaria di sviluppo e promozione delle imprese italiane all&rsquo;estero &#8211; SIMEST S.p.A.<\/strong><\/a><\/p>\n<ul>\n<li>Soci\u00e9t\u00e9 contr\u00f4l\u00e9e par le gouvernement italien, qui d\u00e9tient 76 % des actions, elle est d\u00e9tenue par des banques, des entreprises et des associations professionnelles ;<\/li>\n<li>promeut et soutient les activit\u00e9s \u00e0 l&rsquo;\u00e9tranger de toutes les entreprises italiennes, en particulier les petites et moyennes entreprises, y compris le commerce, l&rsquo;artisanat et le tourisme, ainsi que les coop\u00e9ratives, les consortiums et autres organismes \u00e9conomiques, par le biais de deux canaux principaux : le soutien au commerce et le soutien aux investissements \u00e0 l&rsquo;\u00e9tranger<\/li>\n<li>fournit des services d&rsquo;assistance et de conseil pour toutes les phases de d\u00e9marrage et de mise en \u0153uvre des investissements \u00e0 l&rsquo;\u00e9tranger ;<\/li>\n<li>soutien financier aux investissements des entreprises italiennes \u00e0 l&rsquo;\u00e9tranger par la gestion d&rsquo;incitations et de subventions directes ;<\/li>\n<li>la participation de SIMEST au capital d&rsquo;entreprises \u00e9trang\u00e8res lui permet de partager le risque potentiel de la nouvelle initiative avec un partenaire institutionnel qui injecte son propre capital, et met \u00e0 disposition ses nombreuses ann\u00e9es d&rsquo;exp\u00e9rience sur les march\u00e9s \u00e9trangers, bas\u00e9es sur la participation \u00e0 des centaines de projets dans le monde entier ;<\/li>\n<li>g\u00e8re les fonds de capital-risque du minist\u00e8re des activit\u00e9s productives ;<\/li>\n<li>accorde des bonifications d&rsquo;int\u00e9r\u00eats sur les pr\u00eats accord\u00e9s aux exportateurs italiens ;<\/li>\n<li>finance les d\u00e9penses li\u00e9es \u00e0 la construction de structures commerciales permanentes ;<\/li>\n<li>finance les \u00e9tudes de faisabilit\u00e9 et l&rsquo;assistance technique ;<\/li>\n<li>finance les co\u00fbts des appels d&rsquo;offres internationaux ;<\/li>\n<li>effectue des op\u00e9rations de prospection d&rsquo;entreprises.<\/li>\n<\/ul>\n","protected":false},"excerpt":{"rendered":"Finanziaria di sviluppo e promozione delle imprese italiane all&rsquo;estero &#8211; SIMEST S.p.A. Soci\u00e9t\u00e9 contr\u00f4l\u00e9e par le gouvernement italien, qui d\u00e9tient 76 % des actions, elle est d\u00e9tenue par des banques, des entreprises et des associations professionnelles ; promeut et soutient les activit\u00e9s \u00e0 l&rsquo;\u00e9tranger de toutes les entreprises italiennes, en particulier les petites et moyennes [&hellip;]","protected":false},"author":4,"featured_media":0,"parent":5291,"menu_order":0,"comment_status":"closed","ping_status":"closed","template":"","meta":{"footnotes":""},"class_list":["post-5315","page","type-page","status-publish","hentry"],"_links":{"self":[{"href":"https:\/\/ambberna.esteri.it\/fr\/wp-json\/wp\/v2\/pages\/5315","targetHints":{"allow":["GET"]}}],"collection":[{"href":"https:\/\/ambberna.esteri.it\/fr\/wp-json\/wp\/v2\/pages"}],"about":[{"href":"https:\/\/ambberna.esteri.it\/fr\/wp-json\/wp\/v2\/types\/page"}],"author":[{"embeddable":true,"href":"https:\/\/ambberna.esteri.it\/fr\/wp-json\/wp\/v2\/users\/4"}],"replies":[{"embeddable":true,"href":"https:\/\/ambberna.esteri.it\/fr\/wp-json\/wp\/v2\/comments?post=5315"}],"version-history":[{"count":1,"href":"https:\/\/ambberna.esteri.it\/fr\/wp-json\/wp\/v2\/pages\/5315\/revisions"}],"predecessor-version":[{"id":5327,"href":"https:\/\/ambberna.esteri.it\/fr\/wp-json\/wp\/v2\/pages\/5315\/revisions\/5327"}],"up":[{"embeddable":true,"href":"https:\/\/ambberna.esteri.it\/fr\/wp-json\/wp\/v2\/pages\/5291"}],"wp:attachment":[{"href":"https:\/\/ambberna.esteri.it\/fr\/wp-json\/wp\/v2\/media?parent=5315"}],"curies":[{"name":"wp","href":"https:\/\/api.w.org\/{rel}","templated":true}]}}