{"id":5328,"date":"2023-06-13T10:00:37","date_gmt":"2023-06-13T08:00:37","guid":{"rendered":"https:\/\/ambberna.esteri.it\/italia-e-svizzera\/diplomazia-economica\/fare-affari-in-svizzera\/servizi-per-le-imprese\/gare-early-warning\/"},"modified":"2023-12-07T15:51:31","modified_gmt":"2023-12-07T13:51:31","slug":"gare-early-warning","status":"publish","type":"page","link":"https:\/\/ambberna.esteri.it\/fr\/italia-e-svizzera\/diplomazia-economica\/fare-affari-in-svizzera\/servizi-per-le-imprese\/gare-early-warning\/","title":{"rendered":"Gare &#8211; early warning"},"content":{"rendered":"<p><a href=\"https:\/\/extender.esteri.it\/popupextender.html\"><strong>Syst\u00e8me d&rsquo;information pour l&rsquo;anticipation des appels d&rsquo;offres et des grands projets &#8211; EXTENDER<\/strong><\/a><\/p>\n<ul>\n<li>Un syst\u00e8me d&rsquo;information gratuit, promu dans le cadre d&rsquo;un accord entre le minist\u00e8re des Affaires \u00e9trang\u00e8res, l&rsquo;Union des chambres de commerce italiennes et l&rsquo;Association des chambres de commerce italiennes \u00e0 l&rsquo;\u00e9tranger, pour la diffusion cibl\u00e9e d&rsquo;informations \u00e9conomiques et d&rsquo;opportunit\u00e9s d&rsquo;affaires signal\u00e9es par les institutions italiennes \u00e0 l&rsquo;\u00e9tranger, au profit des entreprises italiennes ;<\/li>\n<li>gr\u00e2ce \u00e0 une inscription gratuite sur le site, l&rsquo;utilisateur re\u00e7oit, en temps r\u00e9el et par courrier \u00e9lectronique, des informations personnalis\u00e9es sur les march\u00e9s et les secteurs d&rsquo;int\u00e9r\u00eat indiqu\u00e9s au moment de l&rsquo;inscription ;<\/li>\n<li>les types d&rsquo;informations que le syst\u00e8me met \u00e0 la disposition des membres sont les suivants :\n<ul>\n<li>appels d&rsquo;offres internationaux ;<\/li>\n<li>early warning : avant-premi\u00e8res d&rsquo;appels d&rsquo;offres et de grands projets.<\/li>\n<\/ul>\n<\/li>\n<\/ul>\n","protected":false},"excerpt":{"rendered":"Syst\u00e8me d&rsquo;information pour l&rsquo;anticipation des appels d&rsquo;offres et des grands projets &#8211; EXTENDER Un syst\u00e8me d&rsquo;information gratuit, promu dans le cadre d&rsquo;un accord entre le minist\u00e8re des Affaires \u00e9trang\u00e8res, l&rsquo;Union des chambres de commerce italiennes et l&rsquo;Association des chambres de commerce italiennes \u00e0 l&rsquo;\u00e9tranger, pour la diffusion cibl\u00e9e d&rsquo;informations \u00e9conomiques et d&rsquo;opportunit\u00e9s d&rsquo;affaires signal\u00e9es par [&hellip;]","protected":false},"author":4,"featured_media":0,"parent":5291,"menu_order":0,"comment_status":"closed","ping_status":"closed","template":"","meta":{"footnotes":""},"class_list":["post-5328","page","type-page","status-publish","hentry"],"_links":{"self":[{"href":"https:\/\/ambberna.esteri.it\/fr\/wp-json\/wp\/v2\/pages\/5328","targetHints":{"allow":["GET"]}}],"collection":[{"href":"https:\/\/ambberna.esteri.it\/fr\/wp-json\/wp\/v2\/pages"}],"about":[{"href":"https:\/\/ambberna.esteri.it\/fr\/wp-json\/wp\/v2\/types\/page"}],"author":[{"embeddable":true,"href":"https:\/\/ambberna.esteri.it\/fr\/wp-json\/wp\/v2\/users\/4"}],"replies":[{"embeddable":true,"href":"https:\/\/ambberna.esteri.it\/fr\/wp-json\/wp\/v2\/comments?post=5328"}],"version-history":[{"count":1,"href":"https:\/\/ambberna.esteri.it\/fr\/wp-json\/wp\/v2\/pages\/5328\/revisions"}],"predecessor-version":[{"id":5333,"href":"https:\/\/ambberna.esteri.it\/fr\/wp-json\/wp\/v2\/pages\/5328\/revisions\/5333"}],"up":[{"embeddable":true,"href":"https:\/\/ambberna.esteri.it\/fr\/wp-json\/wp\/v2\/pages\/5291"}],"wp:attachment":[{"href":"https:\/\/ambberna.esteri.it\/fr\/wp-json\/wp\/v2\/media?parent=5328"}],"curies":[{"name":"wp","href":"https:\/\/api.w.org\/{rel}","templated":true}]}}