{"id":5335,"date":"2023-06-13T09:59:59","date_gmt":"2023-06-13T07:59:59","guid":{"rendered":"https:\/\/ambberna.esteri.it\/italia-e-svizzera\/diplomazia-economica\/fare-affari-in-svizzera\/servizi-per-le-imprese\/assistenza-e-promozione\/"},"modified":"2023-12-07T16:06:12","modified_gmt":"2023-12-07T14:06:12","slug":"assistenza-e-promozione","status":"publish","type":"page","link":"https:\/\/ambberna.esteri.it\/fr\/italia-e-svizzera\/diplomazia-economica\/fare-affari-in-svizzera\/servizi-per-le-imprese\/assistenza-e-promozione\/","title":{"rendered":"Assistance et promotion"},"content":{"rendered":"<p><a href=\"https:\/\/www.ice.it\/en\/\"><strong>ICE (Institut national pour le commerce ext\u00e9rieur)<\/strong><\/a><\/p>\n<ul>\n<li>Organisme public charg\u00e9 de d\u00e9velopper, de faciliter et de promouvoir les relations \u00e9conomiques et commerciales de l&rsquo;Italie avec l&rsquo;\u00e9tranger, en accordant une attention particuli\u00e8re aux besoins des petites et moyennes entreprises, de leurs consortiums et de leurs groupements ; en \u00e9troite collaboration avec le minist\u00e8re des activit\u00e9s productives, il \u00e9labore le programme des activit\u00e9s promotionnelles ;<\/li>\n<li>organise la participation \u00e0 des foires internationales et \u00e0 des initiatives visant \u00e0 d\u00e9velopper les contacts et les affaires ;<\/li>\n<li>organise et g\u00e8re des s\u00e9minaires et des r\u00e9unions entre op\u00e9rateurs, r\u00e9alise des \u00e9tudes de march\u00e9, d\u00e9veloppe des actions de communication ;<\/li>\n<li>m\u00e8ne des activit\u00e9s visant \u00e0 attirer les investissements \u00e9trangers en Italie, en promouvant \u00e0 l&rsquo;\u00e9tranger &#8211; pour le compte des agences de d\u00e9veloppement locales &#8211; les opportunit\u00e9s dans des domaines sp\u00e9cifiques et en menant des actions de communication, en coop\u00e9ration avec Sviluppo Italia.<\/li>\n<\/ul>\n<p><a href=\"https:\/\/www.assocamerestero.it\/\"><strong>ASSOCAMERESTERO (Association des chambres de commerce italiennes \u00e0 l&rsquo;\u00e9tranger)<\/strong><\/a><\/p>\n<ul>\n<li>Association qui repr\u00e9sente les besoins et le potentiel de service des Chambres de commerce italiennes \u00e0 l&rsquo;\u00e9tranger (CCIE) et qui recherche des collaborations et des alliances strat\u00e9giques avec des sujets et des organismes publics et priv\u00e9s &#8211; italiens et internationaux &#8211; afin de promouvoir la connaissance et l&rsquo;utilisation du r\u00e9seau CCIE ;<\/li>\n<li>assure la r\u00e9daction du Rapport sur les opportunit\u00e9s d&rsquo;affaires, qui met en \u00e9vidence le potentiel des CCIE en tant que fournisseurs d&rsquo;informations sur les opportunit\u00e9s d&rsquo;affaires, secteur par secteur, existant dans les pays d&rsquo;intervention du r\u00e9seau.<\/li>\n<li>r\u00e9alise des activit\u00e9s d&rsquo;assistance et de coordination de projets pour les bureaux d&rsquo;internationalisation des chambres de commerce italiennes \u00e0 l&rsquo;\u00e9tranger, dans le cadre du projet Unioncamere.<\/li>\n<\/ul>\n<p><a href=\"https:\/\/www.unioncamere.gov.it\/\"><strong>UNIONCAMERE (Union italienne des chambres de commerce, d&rsquo;industrie et d&rsquo;artisanat)<\/strong><\/a><\/p>\n<ul>\n<li>Union qui s&rsquo;occupe et repr\u00e9sente les int\u00e9r\u00eats g\u00e9n\u00e9raux des chambres de commerce, point de r\u00e9f\u00e9rence pour les secteurs de production, tant au niveau local que national et international ;<\/li>\n<li>promeut, met en \u0153uvre et g\u00e8re, directement ou par l&rsquo;interm\u00e9diaire de ses propres soci\u00e9t\u00e9s sp\u00e9cialis\u00e9es, des services et des activit\u00e9s pr\u00e9sentant un int\u00e9r\u00eat pour les chambres de commerce et les cat\u00e9gories \u00e9conomiques ;<\/li>\n<li>vise \u00e0 consolider et \u00e0 d\u00e9velopper la coop\u00e9ration avec le r\u00e9seau des CCIE ;<\/li>\n<li>facilite l&rsquo;acc\u00e8s, gr\u00e2ce \u00e0 une technologie de pointe, aux initiatives et aux programmes de l&rsquo;UE, et favorise les accords internationaux visant \u00e0 promouvoir l&rsquo;Italie dans le monde.<\/li>\n<\/ul>\n<p><a href=\"https:\/\/www.enit.it\/en\"><strong>ENIT (Office national italien du tourisme)<\/strong><\/a><\/p>\n<ul>\n<li>Structure institutionnelle qui assure la promotion du tourisme italien \u00e0 l&rsquo;\u00e9tranger en adoptant des initiatives visant \u00e0 faire conna\u00eetre \u00e0 l&rsquo;\u00e9tranger les ressources touristiques nationales et r\u00e9gionales et en particulier les valeurs naturelles, environnementales, historiques, culturelles et artistiques de notre pays ;<\/li>\n<li>fournit une assistance et des services techniques aux entreprises touristiques italiennes pour leur p\u00e9n\u00e9tration commerciale sur les march\u00e9s \u00e9trangers ;<\/li>\n<li>\u00e9labore des \u00e9tudes sur les march\u00e9s internationaux et en particulier sur les tendances de la demande touristique individuelle et organis\u00e9e ;<\/li>\n<li>analyse l&rsquo;\u00e9volution de la demande touristique \u00e9trang\u00e8re et planifie des strat\u00e9gies op\u00e9rationnelles con\u00e7ues en accord avec les protagonistes publics et priv\u00e9s du tourisme italien (minist\u00e8re des activit\u00e9s productives, minist\u00e8re des affaires \u00e9trang\u00e8res, r\u00e9gions, administrations publiques, organismes et associations de cat\u00e9gorie et producteurs de services touristiques).<\/li>\n<\/ul>\n<p><a href=\"https:\/\/www.sicamera.camcom.it\/#\"><strong>Si.Camera &#8211; anciennement Mondimpresa (Agence pour la mondialisation des entreprises)<\/strong><\/a><\/p>\n<ul>\n<li>Agence qui promeut et soutient les processus de mondialisation, en particulier des PME &#8211; principalement dans le sud de l&rsquo;Italie &#8211; par le biais d&rsquo;un vaste r\u00e9seau capillaire en Italie, compos\u00e9 des diff\u00e9rentes r\u00e9alit\u00e9s du syst\u00e8me italien des chambres de commerce, de Confcommercio et de Confagricoltura ;<\/li>\n<li>\u00e9labore des offres et des projets en vue de participer \u00e0 des appels d&rsquo;offres et d&rsquo;obtenir des financements de l&rsquo;administration publique et des principales organisations internationales ;<\/li>\n<li>organise des initiatives pour la promotion de partenariats commerciaux transnationaux, \u00e0 la fois sectoriels et multisectoriels ;<\/li>\n<li>promeut les investissements \u00e9trangers en Italie par des actions d&rsquo;information appropri\u00e9es sur la structure du syst\u00e8me entrepreneurial italien et sur la l\u00e9gislation soutenant les investissements.<\/li>\n<\/ul>\n","protected":false},"excerpt":{"rendered":"ICE (Institut national pour le commerce ext\u00e9rieur) Organisme public charg\u00e9 de d\u00e9velopper, de faciliter et de promouvoir les relations \u00e9conomiques et commerciales de l&rsquo;Italie avec l&rsquo;\u00e9tranger, en accordant une attention particuli\u00e8re aux besoins des petites et moyennes entreprises, de leurs consortiums et de leurs groupements ; en \u00e9troite collaboration avec le minist\u00e8re des activit\u00e9s productives, [&hellip;]","protected":false},"author":4,"featured_media":0,"parent":5291,"menu_order":0,"comment_status":"closed","ping_status":"closed","template":"","meta":{"footnotes":""},"class_list":["post-5335","page","type-page","status-publish","hentry"],"_links":{"self":[{"href":"https:\/\/ambberna.esteri.it\/fr\/wp-json\/wp\/v2\/pages\/5335","targetHints":{"allow":["GET"]}}],"collection":[{"href":"https:\/\/ambberna.esteri.it\/fr\/wp-json\/wp\/v2\/pages"}],"about":[{"href":"https:\/\/ambberna.esteri.it\/fr\/wp-json\/wp\/v2\/types\/page"}],"author":[{"embeddable":true,"href":"https:\/\/ambberna.esteri.it\/fr\/wp-json\/wp\/v2\/users\/4"}],"replies":[{"embeddable":true,"href":"https:\/\/ambberna.esteri.it\/fr\/wp-json\/wp\/v2\/comments?post=5335"}],"version-history":[{"count":2,"href":"https:\/\/ambberna.esteri.it\/fr\/wp-json\/wp\/v2\/pages\/5335\/revisions"}],"predecessor-version":[{"id":5346,"href":"https:\/\/ambberna.esteri.it\/fr\/wp-json\/wp\/v2\/pages\/5335\/revisions\/5346"}],"up":[{"embeddable":true,"href":"https:\/\/ambberna.esteri.it\/fr\/wp-json\/wp\/v2\/pages\/5291"}],"wp:attachment":[{"href":"https:\/\/ambberna.esteri.it\/fr\/wp-json\/wp\/v2\/media?parent=5335"}],"curies":[{"name":"wp","href":"https:\/\/api.w.org\/{rel}","templated":true}]}}