{"id":5348,"date":"2023-06-13T10:01:03","date_gmt":"2023-06-13T08:01:03","guid":{"rendered":"https:\/\/ambberna.esteri.it\/italia-e-svizzera\/diplomazia-economica\/fare-affari-in-svizzera\/servizi-per-le-imprese\/formazione\/"},"modified":"2023-12-07T16:18:32","modified_gmt":"2023-12-07T14:18:32","slug":"formazione","status":"publish","type":"page","link":"https:\/\/ambberna.esteri.it\/fr\/italia-e-svizzera\/diplomazia-economica\/fare-affari-in-svizzera\/servizi-per-le-imprese\/formazione\/","title":{"rendered":"Formation"},"content":{"rendered":"<p><a href=\"https:\/\/www.formez.it\/\"><strong>Centre de formation et d&rsquo;\u00e9tudes &#8211; FORMEZ<\/strong><\/a><\/p>\n<ul>\n<li>Institut qui fournit une assistance technique et des services de formation et d&rsquo;information principalement aux administrations locales ;<\/li>\n<li>participe \u00e0 des initiatives d&rsquo;assistance technique et de formation au niveau national et international en collaboration avec des organisations publiques et priv\u00e9es ;<\/li>\n<li>le service Sportello Impresa de Formez r\u00e9alise des activit\u00e9s de formation continue, d&rsquo;assistance et de conseil afin de soutenir les autorit\u00e9s locales dans la mise en \u0153uvre et le d\u00e9veloppement des Sportelli Unici pour les activit\u00e9s productives.<\/li>\n<\/ul>\n","protected":false},"excerpt":{"rendered":"Centre de formation et d&rsquo;\u00e9tudes &#8211; FORMEZ Institut qui fournit une assistance technique et des services de formation et d&rsquo;information principalement aux administrations locales ; participe \u00e0 des initiatives d&rsquo;assistance technique et de formation au niveau national et international en collaboration avec des organisations publiques et priv\u00e9es ; le service Sportello Impresa de Formez r\u00e9alise [&hellip;]","protected":false},"author":4,"featured_media":0,"parent":5291,"menu_order":0,"comment_status":"closed","ping_status":"closed","template":"","meta":{"footnotes":""},"class_list":["post-5348","page","type-page","status-publish","hentry"],"_links":{"self":[{"href":"https:\/\/ambberna.esteri.it\/fr\/wp-json\/wp\/v2\/pages\/5348","targetHints":{"allow":["GET"]}}],"collection":[{"href":"https:\/\/ambberna.esteri.it\/fr\/wp-json\/wp\/v2\/pages"}],"about":[{"href":"https:\/\/ambberna.esteri.it\/fr\/wp-json\/wp\/v2\/types\/page"}],"author":[{"embeddable":true,"href":"https:\/\/ambberna.esteri.it\/fr\/wp-json\/wp\/v2\/users\/4"}],"replies":[{"embeddable":true,"href":"https:\/\/ambberna.esteri.it\/fr\/wp-json\/wp\/v2\/comments?post=5348"}],"version-history":[{"count":1,"href":"https:\/\/ambberna.esteri.it\/fr\/wp-json\/wp\/v2\/pages\/5348\/revisions"}],"predecessor-version":[{"id":5356,"href":"https:\/\/ambberna.esteri.it\/fr\/wp-json\/wp\/v2\/pages\/5348\/revisions\/5356"}],"up":[{"embeddable":true,"href":"https:\/\/ambberna.esteri.it\/fr\/wp-json\/wp\/v2\/pages\/5291"}],"wp:attachment":[{"href":"https:\/\/ambberna.esteri.it\/fr\/wp-json\/wp\/v2\/media?parent=5348"}],"curies":[{"name":"wp","href":"https:\/\/api.w.org\/{rel}","templated":true}]}}