{"id":5357,"date":"2023-06-13T10:01:42","date_gmt":"2023-06-13T08:01:42","guid":{"rendered":"https:\/\/ambberna.esteri.it\/italia-e-svizzera\/diplomazia-economica\/fare-affari-in-svizzera\/servizi-per-le-imprese\/informazioni-settoriali\/"},"modified":"2023-12-07T16:40:52","modified_gmt":"2023-12-07T14:40:52","slug":"informazioni-settoriali","status":"publish","type":"page","link":"https:\/\/ambberna.esteri.it\/fr\/italia-e-svizzera\/diplomazia-economica\/fare-affari-in-svizzera\/servizi-per-le-imprese\/informazioni-settoriali\/","title":{"rendered":"Informations sectorielles"},"content":{"rendered":"<p><span style=\"text-decoration: underline;\"><strong>Organismes publics non \u00e9conomiques<\/strong><\/span><\/p>\n<p><strong><a href=\"http:\/\/www.informest.it\/\">INFORMEST<\/a> &#8211; Centre de services et de documentation pour la coop\u00e9ration \u00e9conomique internationale<\/strong><\/p>\n<ul>\n<li>Structure publique \u00e0 but non lucratif cr\u00e9\u00e9e pour offrir aux op\u00e9rateurs du march\u00e9 des services d&rsquo;information, de documentation, de formation, d&rsquo;assistance et de conseil sur les pays d&rsquo;Europe de l&rsquo;Est (Balkans, Europe centrale et orientale, CEI) et d&rsquo;Asie centrale et orientale (Chine, Mongolie, Vietnam) ;<\/li>\n<li>Les services d&rsquo;Informest pour l&rsquo;utilisation des instruments d&rsquo;aide publique \u00e0 l&rsquo;internationalisation comprennent l&rsquo;assistance aux entreprises dans la demande de financement ou de contributions jusqu&rsquo;\u00e0 l&rsquo;ach\u00e8vement de la proc\u00e9dure pertinente.<\/li>\n<\/ul>\n<p><strong><a href=\"http:\/\/www.ipi.it\/\">IPI<\/a> &#8211; Institut de promotion industrielle<\/strong><\/p>\n<ul>\n<li>Agence gouvernementale, sous la tutelle du minist\u00e8re des activit\u00e9s productives, sp\u00e9cialis\u00e9e dans la promotion de la croissance et de la comp\u00e9titivit\u00e9 des syst\u00e8mes productifs et \u00e9conomiques dans un contexte international globalis\u00e9 ;<\/li>\n<li>intervient dans la conception, la mise en \u0153uvre et la gestion de programmes, d&rsquo;actions de syst\u00e8me et d&rsquo;outils visant \u00e0 soutenir le d\u00e9veloppement de l&rsquo;esprit d&rsquo;entreprise italien ;<\/li>\n<li>op\u00e8re dans le cadre des processus de coop\u00e9ration industrielle internationale multilat\u00e9rale et bilat\u00e9rale promus par le gouvernement italien.<\/li>\n<\/ul>\n<p><span style=\"text-decoration: underline;\"><strong>Principales organisations repr\u00e9sentatives<\/strong><\/span><\/p>\n<p><strong><a href=\"https:\/\/www.confindustria.it\/en\">CONFINDUSTRIA<\/a> &#8211; Organisation repr\u00e9sentative des entreprises manufacturi\u00e8res et de services en Italie<\/strong><\/p>\n<ul>\n<li>Conf\u00e9d\u00e9ration g\u00e9n\u00e9rale de l&rsquo;industrie italienne qui contribue, avec les institutions politiques et les organisations \u00e9conomiques, sociales et culturelles nationales et internationales, \u00e0 la croissance \u00e9conomique et au progr\u00e8s social du pays ;<\/li>\n<li>intervient en faveur des organisations \u00e9conomiques, politiques, sociales et culturelles du pays et de l&rsquo;Union europ\u00e9enne ;<\/li>\n<li>repr\u00e9sente et prot\u00e8ge le secteur de la production de biens et de services ;<\/li>\n<\/ul>\n<p><strong><a href=\"http:\/\/www.confapi.it\/\">CONFAPI<\/a> &#8211; Conf\u00e9d\u00e9ration italienne des petites et moyennes industries<\/strong><\/p>\n<ul>\n<li>Conf\u00e9d\u00e9ration qui d\u00e9fend les int\u00e9r\u00eats des petites et moyennes entreprises ;<\/li>\n<li>promeut le d\u00e9veloppement \u00e9conomique et civil du pays en liaison avec les organisations et institutions nationales et \u00e9trang\u00e8res.<\/li>\n<\/ul>\n<p><strong><a href=\"https:\/\/www.confcommercio.it\/\">CONFCOMMERCIO<\/a> &#8211; Conf\u00e9d\u00e9ration g\u00e9n\u00e9rale italienne du commerce, du tourisme, des services et des PME<\/strong><\/p>\n<ul>\n<li>Conf\u00e9d\u00e9ration qui d\u00e9finit les politiques communautaires dans le secteur, en collaboration avec l&rsquo;Union europ\u00e9enne ;<\/li>\n<li>assiste et s&rsquo;occupe de la proc\u00e9dure d&rsquo;octroi des contributions pour les activit\u00e9s de promotion \u00e0 l&rsquo;\u00e9tranger ;<\/li>\n<li>assure l&rsquo;identification des march\u00e9s de d\u00e9bouch\u00e9s et la recherche de noms d&rsquo;acheteurs potentiels sur les march\u00e9s internationaux ;<\/li>\n<\/ul>\n<p><strong><a href=\"http:\/\/www.confartigianato.it\/\">CONFARTIGIANATO<\/a> &#8211; Organisme d&rsquo;information et de repr\u00e9sentation des entreprises artisanales<\/strong><\/p>\n<ul>\n<li>Conf\u00e9d\u00e9ration qui soutient le d\u00e9veloppement de nouvelles entreprises par le biais d&rsquo;activit\u00e9s de formation, d&rsquo;informations sur les opportunit\u00e9s et les facilit\u00e9s au niveau national et local ;<\/li>\n<li>fournit une \u00e9valuation initiale de la qualit\u00e9 du projet d&rsquo;entreprise et offre des conseils de base sur la l\u00e9gislation, le cr\u00e9dit, la fiscalit\u00e9 et l&rsquo;environnement ;<\/li>\n<li>fournit un financement subventionn\u00e9 pour doter le \u00ab\u00a0projet d&rsquo;entreprise\u00a0\u00bb des outils n\u00e9cessaires \u00e0 sa r\u00e9alisation.<\/li>\n<\/ul>\n<p><strong><a href=\"http:\/\/www.cna.it\/\">CNA<\/a> &#8211; Conf\u00e9d\u00e9ration nationale de l&rsquo;artisanat et des petites et moyennes entreprises<\/strong><\/p>\n<ul>\n<li>organisation repr\u00e9sentant les entreprises artisanales ;<\/li>\n<li>\u00e9labore des strat\u00e9gies pour le secteur, fournit un service d&rsquo;information sur les opportunit\u00e9s, les programmes et les appels d&rsquo;offres propos\u00e9s par l&rsquo;Union europ\u00e9enne ;<\/li>\n<li>repr\u00e9sente le monde de l&rsquo;auto-entrepreneuriat en r\u00e9unissant des consultants, des professionnels et des collaborateurs sous le nom de \u00ab\u00a0CNA in proprio\u00a0\u00bb.<\/li>\n<\/ul>\n<p><strong><a href=\"http:\/\/www.confagricoltura.it\/\">CONFAGRICOLTURA<\/a> &#8211; Organisation agricole italienne<\/strong><\/p>\n<ul>\n<li>Conf\u00e9d\u00e9ration qui promeut, assiste et coordonne les activit\u00e9s \u00e9conomiques pour des produits ou des secteurs de production particuliers ;<\/li>\n<li>repr\u00e9sente et prot\u00e8ge ses entreprises membres vis-\u00e0-vis des institutions ;<\/li>\n<li>fournit \u00e0 ses membres des services qualifi\u00e9s de diff\u00e9rentes natures (conseils juridiques, formation et assistance technique pour la gestion des exploitations agricoles).<\/li>\n<\/ul>\n","protected":false},"excerpt":{"rendered":"Organismes publics non \u00e9conomiques INFORMEST &#8211; Centre de services et de documentation pour la coop\u00e9ration \u00e9conomique internationale Structure publique \u00e0 but non lucratif cr\u00e9\u00e9e pour offrir aux op\u00e9rateurs du march\u00e9 des services d&rsquo;information, de documentation, de formation, d&rsquo;assistance et de conseil sur les pays d&rsquo;Europe de l&rsquo;Est (Balkans, Europe centrale et orientale, CEI) et d&rsquo;Asie [&hellip;]","protected":false},"author":4,"featured_media":0,"parent":5291,"menu_order":0,"comment_status":"closed","ping_status":"closed","template":"","meta":{"footnotes":""},"class_list":["post-5357","page","type-page","status-publish","hentry"],"_links":{"self":[{"href":"https:\/\/ambberna.esteri.it\/fr\/wp-json\/wp\/v2\/pages\/5357","targetHints":{"allow":["GET"]}}],"collection":[{"href":"https:\/\/ambberna.esteri.it\/fr\/wp-json\/wp\/v2\/pages"}],"about":[{"href":"https:\/\/ambberna.esteri.it\/fr\/wp-json\/wp\/v2\/types\/page"}],"author":[{"embeddable":true,"href":"https:\/\/ambberna.esteri.it\/fr\/wp-json\/wp\/v2\/users\/4"}],"replies":[{"embeddable":true,"href":"https:\/\/ambberna.esteri.it\/fr\/wp-json\/wp\/v2\/comments?post=5357"}],"version-history":[{"count":2,"href":"https:\/\/ambberna.esteri.it\/fr\/wp-json\/wp\/v2\/pages\/5357\/revisions"}],"predecessor-version":[{"id":5368,"href":"https:\/\/ambberna.esteri.it\/fr\/wp-json\/wp\/v2\/pages\/5357\/revisions\/5368"}],"up":[{"embeddable":true,"href":"https:\/\/ambberna.esteri.it\/fr\/wp-json\/wp\/v2\/pages\/5291"}],"wp:attachment":[{"href":"https:\/\/ambberna.esteri.it\/fr\/wp-json\/wp\/v2\/media?parent=5357"}],"curies":[{"name":"wp","href":"https:\/\/api.w.org\/{rel}","templated":true}]}}