{"id":6715,"date":"2023-10-17T12:18:32","date_gmt":"2023-10-17T10:18:32","guid":{"rendered":"https:\/\/ambberna.esteri.it\/italia-e-svizzera\/diplomazia-scientifica\/chi-siamo\/"},"modified":"2024-06-27T17:03:33","modified_gmt":"2024-06-27T15:03:33","slug":"chi-siamo","status":"publish","type":"page","link":"https:\/\/ambberna.esteri.it\/fr\/italia-e-svizzera\/diplomazia-scientifica\/chi-siamo\/","title":{"rendered":"Qui nous sommes"},"content":{"rendered":"<p style=\"text-align: right;\"><a href=\"https:\/\/ambberna.esteri.it\/italia-e-svizzera\/diplomazia-scientifica\/chi-siamo\/who-are-we\/\">English version<\/a><\/p>\n<p>L&rsquo;attach\u00e9 scientifique (AS) pour la Suisse et la Principaut\u00e9 du Liechtenstein est <a href=\"https:\/\/www.esteri.it\/wp-content\/uploads\/2022\/03\/CV_Valenziano_February2022_short.pdf\" target=\"_blank\" rel=\"noopener\">Luca Valenziano<\/a>, bas\u00e9 au Consulat g\u00e9n\u00e9ral d&rsquo;Italie \u00e0 Zurich, responsable des relations bilat\u00e9rales entre l&rsquo;Italie et l&rsquo;ensemble de la Conf\u00e9d\u00e9ration suisse.<\/p>\n<p>L&rsquo;AS s&rsquo;occupe principalement de la promotion des questions scientifiques d\u00e9coulant des travaux de la Commission mixte (CM) pour la mise en \u0153uvre de l&rsquo;Accord de coop\u00e9ration scientifique entre l&rsquo;Italie et la Suisse.<\/p>\n<p>Les principales activit\u00e9s men\u00e9es par l&rsquo;AS sont les suivantes<\/p>\n<ul>\n<li>Les relations avec les institutions suisses au niveau f\u00e9d\u00e9ral : SEFRI (Secr\u00e9tariat d&rsquo;\u00c9tat \u00e0 la formation, \u00e0 la recherche et \u00e0 l&rsquo;innovation), FNS (Fonds national suisse de la recherche scientifique), SSO (Swiss Space Office), Swissuniversities.<\/li>\n<li>Relations avec les \u00e9coles polytechniques f\u00e9d\u00e9rales et les universit\u00e9s cantonales : \u00e9tablir des relations de collaboration organiques afin de promouvoir les \u00e9changes avec les universit\u00e9s italiennes.<\/li>\n<li>Relations avec la communaut\u00e9 de recherche italienne en Suisse : \u00e9tablir une relation stable avec la grande communaut\u00e9 italienne en Suisse et promouvoir la plateforme <a href=\"https:\/\/innovitalia.esteri.it\/\" target=\"_blank\" rel=\"noopener\">Innovitalia<\/a>.<\/li>\n<li>Actions int\u00e9gr\u00e9es de promotion et de syst\u00e8me national : promouvoir les contextes high-tech italiens en Suisse, mettre en relation les acteurs italiens avec les centres de recherche, les entreprises, les acc\u00e9l\u00e9rateurs, les incubateurs et les institutions suisses. L&rsquo;AS m\u00e8ne ces activit\u00e9s \u00e0 la fois de mani\u00e8re ind\u00e9pendante et en coop\u00e9ration avec le <a href=\"http:\/\/ccis.ch\" target=\"_blank\" rel=\"noopener\">CCIS<\/a> et le bureau <a href=\"https:\/\/www.ice.it\/it\/mercati\/svizzera\" target=\"_blank\" rel=\"noopener\">ICE\/ITA<\/a>.<\/li>\n<li>Organiser des \u00e9v\u00e9nements visant \u00e0 la fois \u00e0 stimuler la collaboration scientifique dans le milieu universitaire et \u00e0 sensibiliser le grand public suisse, principalement italophone, et les parties prenantes \u00e0 la recherche italienne.<\/li>\n<\/ul>\n","protected":false},"excerpt":{"rendered":"English version L&rsquo;attach\u00e9 scientifique (AS) pour la Suisse et la Principaut\u00e9 du Liechtenstein est Luca Valenziano, bas\u00e9 au Consulat g\u00e9n\u00e9ral d&rsquo;Italie \u00e0 Zurich, responsable des relations bilat\u00e9rales entre l&rsquo;Italie et l&rsquo;ensemble de la Conf\u00e9d\u00e9ration suisse. L&rsquo;AS s&rsquo;occupe principalement de la promotion des questions scientifiques d\u00e9coulant des travaux de la Commission mixte (CM) pour la mise [&hellip;]","protected":false},"author":8,"featured_media":0,"parent":3951,"menu_order":0,"comment_status":"closed","ping_status":"closed","template":"","meta":{"footnotes":""},"class_list":["post-6715","page","type-page","status-publish","hentry"],"_links":{"self":[{"href":"https:\/\/ambberna.esteri.it\/fr\/wp-json\/wp\/v2\/pages\/6715","targetHints":{"allow":["GET"]}}],"collection":[{"href":"https:\/\/ambberna.esteri.it\/fr\/wp-json\/wp\/v2\/pages"}],"about":[{"href":"https:\/\/ambberna.esteri.it\/fr\/wp-json\/wp\/v2\/types\/page"}],"author":[{"embeddable":true,"href":"https:\/\/ambberna.esteri.it\/fr\/wp-json\/wp\/v2\/users\/8"}],"replies":[{"embeddable":true,"href":"https:\/\/ambberna.esteri.it\/fr\/wp-json\/wp\/v2\/comments?post=6715"}],"version-history":[{"count":1,"href":"https:\/\/ambberna.esteri.it\/fr\/wp-json\/wp\/v2\/pages\/6715\/revisions"}],"predecessor-version":[{"id":6731,"href":"https:\/\/ambberna.esteri.it\/fr\/wp-json\/wp\/v2\/pages\/6715\/revisions\/6731"}],"up":[{"embeddable":true,"href":"https:\/\/ambberna.esteri.it\/fr\/wp-json\/wp\/v2\/pages\/3951"}],"wp:attachment":[{"href":"https:\/\/ambberna.esteri.it\/fr\/wp-json\/wp\/v2\/media?parent=6715"}],"curies":[{"name":"wp","href":"https:\/\/api.w.org\/{rel}","templated":true}]}}