{"id":6734,"date":"2023-10-24T17:38:03","date_gmt":"2023-10-24T15:38:03","guid":{"rendered":"https:\/\/ambberna.esteri.it\/italia-e-svizzera\/diplomazia-scientifica\/news\/"},"modified":"2024-06-27T17:06:20","modified_gmt":"2024-06-27T15:06:20","slug":"news","status":"publish","type":"page","link":"https:\/\/ambberna.esteri.it\/fr\/italia-e-svizzera\/diplomazia-scientifica\/news\/","title":{"rendered":"News"},"content":{"rendered":"<p>&nbsp;<\/p>\n<p>Les nouvelles de la diplomatie scientifique sont h\u00e9berg\u00e9es sur la page du Bureau de l&rsquo;Attach\u00e9 scientifique du Consulat g\u00e9n\u00e9ral d&rsquo;Italie \u00e0 Zurich, vers laquelle vous serez redirig\u00e9 dans 5 secondes ou suivez ce lien <a href=\"https:\/\/conszurigo.esteri.it\/italia-e-svizzera\/diplomazia-scientifica\/news\/\">lien.<\/a><\/p>\n","protected":false},"excerpt":{"rendered":"&nbsp; Les nouvelles de la diplomatie scientifique sont h\u00e9berg\u00e9es sur la page du Bureau de l&rsquo;Attach\u00e9 scientifique du Consulat g\u00e9n\u00e9ral d&rsquo;Italie \u00e0 Zurich, vers laquelle vous serez redirig\u00e9 dans 5 secondes ou suivez ce lien lien.","protected":false},"author":8,"featured_media":0,"parent":3951,"menu_order":13,"comment_status":"closed","ping_status":"closed","template":"","meta":{"footnotes":""},"class_list":["post-6734","page","type-page","status-publish","hentry"],"_links":{"self":[{"href":"https:\/\/ambberna.esteri.it\/fr\/wp-json\/wp\/v2\/pages\/6734","targetHints":{"allow":["GET"]}}],"collection":[{"href":"https:\/\/ambberna.esteri.it\/fr\/wp-json\/wp\/v2\/pages"}],"about":[{"href":"https:\/\/ambberna.esteri.it\/fr\/wp-json\/wp\/v2\/types\/page"}],"author":[{"embeddable":true,"href":"https:\/\/ambberna.esteri.it\/fr\/wp-json\/wp\/v2\/users\/8"}],"replies":[{"embeddable":true,"href":"https:\/\/ambberna.esteri.it\/fr\/wp-json\/wp\/v2\/comments?post=6734"}],"version-history":[{"count":1,"href":"https:\/\/ambberna.esteri.it\/fr\/wp-json\/wp\/v2\/pages\/6734\/revisions"}],"predecessor-version":[{"id":6740,"href":"https:\/\/ambberna.esteri.it\/fr\/wp-json\/wp\/v2\/pages\/6734\/revisions\/6740"}],"up":[{"embeddable":true,"href":"https:\/\/ambberna.esteri.it\/fr\/wp-json\/wp\/v2\/pages\/3951"}],"wp:attachment":[{"href":"https:\/\/ambberna.esteri.it\/fr\/wp-json\/wp\/v2\/media?parent=6734"}],"curies":[{"name":"wp","href":"https:\/\/api.w.org\/{rel}","templated":true}]}}