{"id":6754,"date":"2023-10-17T12:42:27","date_gmt":"2023-10-17T10:42:27","guid":{"rendered":"https:\/\/ambberna.esteri.it\/italia-e-svizzera\/diplomazia-scientifica\/eventi\/"},"modified":"2024-06-27T17:12:07","modified_gmt":"2024-06-27T15:12:07","slug":"eventi","status":"publish","type":"page","link":"https:\/\/ambberna.esteri.it\/fr\/italia-e-svizzera\/diplomazia-scientifica\/eventi\/","title":{"rendered":"Ev\u00e9nements"},"content":{"rendered":"<p>Les \u00e9v\u00e9nements de diplomatie scientifique organis\u00e9s par le Bureau de l&rsquo;Attach\u00e9 scientifique sont h\u00e9berg\u00e9s sur le site du Consulat g\u00e9n\u00e9ral d&rsquo;Italie \u00e0 Zurich, vers lequel vous serez redirig\u00e9 dans 5 secondes ou suivez ce <a href=\"https:\/\/conszurigo.esteri.it\/italia-e-svizzera\/diplomazia-scientifica\/eventi\/\">link.<\/a><\/p>\n","protected":false},"excerpt":{"rendered":"Les \u00e9v\u00e9nements de diplomatie scientifique organis\u00e9s par le Bureau de l&rsquo;Attach\u00e9 scientifique sont h\u00e9berg\u00e9s sur le site du Consulat g\u00e9n\u00e9ral d&rsquo;Italie \u00e0 Zurich, vers lequel vous serez redirig\u00e9 dans 5 secondes ou suivez ce link.","protected":false},"author":8,"featured_media":0,"parent":3951,"menu_order":6,"comment_status":"closed","ping_status":"closed","template":"","meta":{"footnotes":""},"class_list":["post-6754","page","type-page","status-publish","hentry"],"_links":{"self":[{"href":"https:\/\/ambberna.esteri.it\/fr\/wp-json\/wp\/v2\/pages\/6754","targetHints":{"allow":["GET"]}}],"collection":[{"href":"https:\/\/ambberna.esteri.it\/fr\/wp-json\/wp\/v2\/pages"}],"about":[{"href":"https:\/\/ambberna.esteri.it\/fr\/wp-json\/wp\/v2\/types\/page"}],"author":[{"embeddable":true,"href":"https:\/\/ambberna.esteri.it\/fr\/wp-json\/wp\/v2\/users\/8"}],"replies":[{"embeddable":true,"href":"https:\/\/ambberna.esteri.it\/fr\/wp-json\/wp\/v2\/comments?post=6754"}],"version-history":[{"count":1,"href":"https:\/\/ambberna.esteri.it\/fr\/wp-json\/wp\/v2\/pages\/6754\/revisions"}],"predecessor-version":[{"id":6758,"href":"https:\/\/ambberna.esteri.it\/fr\/wp-json\/wp\/v2\/pages\/6754\/revisions\/6758"}],"up":[{"embeddable":true,"href":"https:\/\/ambberna.esteri.it\/fr\/wp-json\/wp\/v2\/pages\/3951"}],"wp:attachment":[{"href":"https:\/\/ambberna.esteri.it\/fr\/wp-json\/wp\/v2\/media?parent=6754"}],"curies":[{"name":"wp","href":"https:\/\/api.w.org\/{rel}","templated":true}]}}