{"id":1652,"date":"2023-10-17T15:18:48","date_gmt":"2023-10-17T13:18:48","guid":{"rendered":"https:\/\/ambberna.esteri.it\/?page_id=1652"},"modified":"2023-11-21T12:24:41","modified_gmt":"2023-11-21T10:24:41","slug":"messaggio-dellambasciatore","status":"publish","type":"page","link":"https:\/\/ambberna.esteri.it\/it\/chi-siamo\/lambasciatore\/messaggio-dellambasciatore\/","title":{"rendered":"Messaggio dell&#8217;Ambasciatore"},"content":{"rendered":"<p align=\"center\"><img loading=\"lazy\" decoding=\"async\" src=\"https:\/\/ambberna.esteri.it\/wp-content\/uploads\/2023\/10\/ambbe-300x278.png\" alt=\"\" width=\"172\" height=\"159\" \/><\/p>\n<p style=\"text-align: right;\">Berna, 17 ottobre 2023<\/p>\n<p style=\"text-align: justify;\">Oggi ho presentato le lettere credenziali firmate dal Presidente della Repubblica Mattarella al Presidente della Confederazione Alain Berset. Sono molto grato al Capo dello Stato e al Governo italiano per la loro fiducia e per avermi concesso l\u2019onore e il privilegio di rappresentare l\u2019Italia in Svizzera e sono molto grato alla Confederazione per l\u2019accoglienza calorosa ed amichevole che mi ha voluto riservare.<\/p>\n<p style=\"text-align: justify;\">Conosco la Svizzera per avervi prestato servizio dal 2018 fino all\u2019inizio di quest\u2019anno in qualit\u00e0 di Rappresentante Permanente presso le Nazioni Unite a Ginevra. Per questo il 4 settembre scorso \u00e8 stato per me come un ritorno a casa, il ritorno in uno splendido Paese dove hanno trovato ospitalit\u00e0 dal XIX secolo milioni di cittadini italiani, tra cui esuli, lavoratori, studenti, accademici, scrittori, ricercatori e imprenditori.<\/p>\n<p style=\"text-align: justify;\">\u00c8 soprattutto sulla collettivit\u00e0 italiana, autentico ponte tra i due Paesi e motore delle loro economie, che poggiano infatti gli storici vincoli di amicizia che uniscono l\u2019Italia alla Svizzera. Per questo l\u2019Italia nutre ammirazione \u00a0per i suoi cittadini che con grandi sacrifici ed ammirevole tenacia, hanno conquistato posizioni \u00a0di alta responsabilit\u00e0 nella societ\u00e0 elvetica facendo della comunit\u00e0 italiana una delle pi\u00f9 integrate ed affermate del Paese; una comunit\u00e0 che ha dato e continua a dare un formidabile contributo alla crescita della Svizzera e alla sua affermazione tra gli Stati pi\u00f9 avanzati del mondo e che oggi promuove efficacemente il Made in Italy in un mercato nel cuore dell\u2019Europa di 8.500.000 abitanti.<\/p>\n<p style=\"text-align: justify;\">Ma la forza dei legami tra l\u2019Italia e la Svizzera poggia anche sulla lingua e nella cultura italiana e su valori che sono profondamente radicati e condivisi nelle nostre societ\u00e0. Tra questi valori vi sono la libert\u00e0, la democrazia e lo stato di diritto che sono oggi minacciati e che dobbiamo difendere, per noi e per le future generazioni. Tra questi valori vi sono l\u2019arte dello stare insieme, la cucina italiana e la dieta mediterranea, che \u00e8 la pi\u00f9 sana del mondo, \u00e8 patrimonio dell\u2019UNESCO e ci\u00f2 nonostante \u00e8 minacciata da sistemi di etichettatura fuorvianti, ingannevoli e privi di fondamento scientifico.<\/p>\n<p style=\"text-align: justify;\">Oggi vi sono tutte le condizioni per sviluppare ulteriormente gli \u00a0eccellenti rapporti tra l\u2019Italia e la Svizzera, a maggior ragione dopo il successo della visita di Stato del Presidente della Repubblica Mattarella in Svizzera e degli incontri tra il Vice Presidente del Consiglio e Ministro degli Affari Esteri Tajani ed il Capo del Dipartimento federale degli Affari Esteri Cassis e tra il Presidente del Consiglio Meloni ed il Presidente della Confederazione Berset che hanno favorito un forte rilancio delle relazioni tra i due Paesi.<\/p>\n<p style=\"text-align: justify;\">La presenza della Svizzera nel Consiglio di Sicurezza delle Nazioni Unite e la Presidenza italiana del G7 ci offriranno molteplici occasioni per rafforzare ancora di pi\u00f9 questo nostro legame privilegiato. E l\u2019Italia \u00e8 pronta a fare la sua parte, per facilitare le relazioni tra Berna e le istituzioni europee sui numerosi temi di interesse comune.<\/p>\n<p style=\"text-align: justify;\">\u00c8 questo straordinario potenziale che intendo valorizzare. \u00c8 questo partenariato unico e privilegiato che intendo consolidare per promuovere rapporti sempre pi\u00f9 stretti tra i due Paesi e tra due popoli che sono e saranno sempre sinceramente amici. Per questo mi auguro di tutto cuore che il 28 novembre potremo festeggiare assieme l\u2019elezione di Roma a citt\u00e0 ospite dell\u2019Expo 2030 grazie anche al sostegno della Confederazione.<\/p>\n<p style=\"text-align: justify;\">\u00c8 con questo spirito che vi do appuntamento nei prossimi mesi attraverso la Svizzera, dalla Romandia all\u2019Altopiano e dalle Alpi al Canton Ticino. Potr\u00f2 cos\u00ec conoscere pi\u00f9 da vicino il vostro Paese e parlarvi di un Paese, l\u2019Italia, che condivide con la Svizzera una frontiera di 800 km, attraversata ogni giorno da 80.000 frontalieri che \u00e8 da pi\u00f9 di 500 anni una frontiera di pace e di stabilit\u00e0.<\/p>\n<p style=\"text-align: justify;\">Con i miei saluti pi\u00f9 cordiali,<\/p>\n<p style=\"text-align: right;\">Gian Lorenzo Cornado<br \/>\nAmbasciatore d\u2019Italia<\/p>\n","protected":false},"excerpt":{"rendered":"Berna, 17 ottobre 2023 Oggi ho presentato le lettere credenziali firmate dal Presidente della Repubblica Mattarella al Presidente della Confederazione Alain Berset. Sono molto grato al Capo dello Stato e al Governo italiano per la loro fiducia e per avermi concesso l\u2019onore e il privilegio di rappresentare l\u2019Italia in Svizzera e sono molto grato alla [&hellip;]","protected":false},"author":4,"featured_media":0,"parent":38,"menu_order":0,"comment_status":"closed","ping_status":"closed","template":"","meta":{"footnotes":""},"class_list":["post-1652","page","type-page","status-publish","hentry"],"_links":{"self":[{"href":"https:\/\/ambberna.esteri.it\/it\/wp-json\/wp\/v2\/pages\/1652","targetHints":{"allow":["GET"]}}],"collection":[{"href":"https:\/\/ambberna.esteri.it\/it\/wp-json\/wp\/v2\/pages"}],"about":[{"href":"https:\/\/ambberna.esteri.it\/it\/wp-json\/wp\/v2\/types\/page"}],"author":[{"embeddable":true,"href":"https:\/\/ambberna.esteri.it\/it\/wp-json\/wp\/v2\/users\/4"}],"replies":[{"embeddable":true,"href":"https:\/\/ambberna.esteri.it\/it\/wp-json\/wp\/v2\/comments?post=1652"}],"version-history":[{"count":5,"href":"https:\/\/ambberna.esteri.it\/it\/wp-json\/wp\/v2\/pages\/1652\/revisions"}],"predecessor-version":[{"id":3784,"href":"https:\/\/ambberna.esteri.it\/it\/wp-json\/wp\/v2\/pages\/1652\/revisions\/3784"}],"up":[{"embeddable":true,"href":"https:\/\/ambberna.esteri.it\/it\/wp-json\/wp\/v2\/pages\/38"}],"wp:attachment":[{"href":"https:\/\/ambberna.esteri.it\/it\/wp-json\/wp\/v2\/media?parent=1652"}],"curies":[{"name":"wp","href":"https:\/\/api.w.org\/{rel}","templated":true}]}}