{"id":176,"date":"2023-06-09T14:44:30","date_gmt":"2023-06-09T12:44:30","guid":{"rendered":"https:\/\/ambberna.esteri.it\/?page_id=176"},"modified":"2025-03-31T14:03:43","modified_gmt":"2025-03-31T12:03:43","slug":"albo-consolare-degli-enti-gestori-promotori-di-iniziative-a-favore-della-lingua-e-della-cultura-italiana","status":"publish","type":"page","link":"https:\/\/ambberna.esteri.it\/it\/news\/dall_ambasciata\/albo-consolare-degli-enti-gestori-promotori-di-iniziative-a-favore-della-lingua-e-della-cultura-italiana\/","title":{"rendered":"ALBO CONSOLARE DEGLI ENTI GESTORI\/PROMOTORI DI INIZIATIVE A FAVORE DELLA LINGUA E DELLA CULTURA ITALIANA"},"content":{"rendered":"<p><strong>Aggiornamento Albo consolare degli Enti Gestori di iniziative a favore della lingua e della cultura italiana di cui all&#8217;articolo 10 del Decreto Legislativo n. 64\/2017 &#8211; Richiesta di contributo ministeriale a valere sul capitolo 3153 &#8211; Iscrizioni entro il 31 maggio 2024 per gli enti gestori che intendono presentare progetti relativi all&#8217;anno scolastico 2025\/2026 e successivi &#8211; Circolare ministeriale n.4 dell\u20198 marzo 2022.<\/strong><\/p>\n<p>&nbsp;<\/p>\n<p>Ai sensi della <strong><a href=\"https:\/\/ambberna.esteri.it\/wp-content\/uploads\/2023\/06\/circolare-4_2022.pdf\">Circolare del Ministero degli Affari Esteri e della Cooperazione Internazionale n. 4 dell\u20198 marzo 2022<\/a><\/strong> gli enti gestori di iniziative a favore della lingua e della cultura italiana, di cui all&#8217;articolo 10 del Decreto Legislativo 64\/2017, che intendano richiedere un contributo a valere sul capitolo di spesa 3153 per progetti relativi all&#8217;anno scolastico 2025\/2026 e successivi si dovranno registrare, entro il 31 maggio 2024, presso l&#8217;apposito <strong><a href=\"https:\/\/ambberna.esteri.it\/wp-content\/uploads\/2025\/03\/ALBO-ENTI-GESTORI-BERNA.pdf\">albo consolare istituito presso questa Ambasciata<\/a><\/strong>.<\/p>\n<p>La richiesta di iscrizione all&#8217;Albo degli enti gestori di questa Circoscrizione consolare deve essere inoltrata per posta al seguente indirizzo:<\/p>\n<p>Ambasciata d&#8217;Italia a Berna<br \/>\nElfenstrasse 14<br \/>\n3006 Berna<\/p>\n<p>compilando i moduli &#8220;<a href=\"https:\/\/ambberna.esteri.it\/wp-content\/uploads\/2023\/06\/richiesta_iscrizione_allalbo_consolare_degli_enti_gestori_ai_sensi_circ._4_2022-converti1.pdf\"><strong>Richiesta iscrizione all&#8217;Albo consolare degli Enti gestori<\/strong><\/a>&#8221; e &#8220;<strong><a href=\"https:\/\/ambberna.esteri.it\/wp-content\/uploads\/2023\/06\/anagrafica_dellente_richiedente_ai_sensi_circ._4_2022.pdf\">Anagrafica dell&#8217;Ente richiedente<\/a><\/strong>&#8220;, allegando copia del documento di riconoscimento del Legale Rappresentante dell&#8217;Ente, copia dello Statuto dell&#8217;Ente e attestazione di conformit\u00e0 dello stesso alla normativa locale.<\/p>\n<p>Possono presentare domanda di iscrizione a detto Albo gli Enti Gestori operanti nella Circoscrizione consolare di Berna e altri enti interessati all\u2019organizzazione di corsi di lingua e cultura italiana, che siano in possesso dei requisiti previsti dalla Circolare ministeriale n. 4 dell\u20198 marzo 2022.<\/p>\n<p>L\u2019iscrizione all\u2019Albo consolare, gestito per la Circoscrizione consolare di Berna da questa Ambasciata e pubblicato sul sito internet della stessa, avviene previa verifica dei requisiti soggettivi da parte di questa Ambasciata ed ha durata quadriennale.\u00a0Al termine del quadriennio, il rinnovo della registrazione degli enti gestori\/promotori avviene su richiesta dell&#8217;ente interessato e previa valutazione interna.<\/p>\n<p>Nel rimandare ad una attenta lettura della Circolare 4\/2022, si segnala che p<strong>ossono accedere alle risorse finanziarie del capitolo 3153 gli Enti Gestori operanti nella Circoscrizione consolare di Berna<\/strong>, iscritti all\u2019Albo consolare, gestito da questa Ambasciata che, in via generale presentino le seguenti caratteristiche:<\/p>\n<ul>\n<li>enti senza finalit\u00e0 di lucro promotori di iniziative a favore della lingua e della cultura italiana, di cui all&#8217;articolo 10 del Decreto Legislativo n. 64\/2017, in scuole pubbliche o private (dalla Scuola dell\u2019infanzia fino alla Scuola secondaria);<\/li>\n<li>enti dotati di uno statuto, la cui conformit\u00e0 al diritto locale deve essere attestata e comunicata a questa Ambasciata. Gli enti beneficiari di contributo saranno inoltre tenuti a comunicare tempestivamente eventuali modifiche al proprio statuto.<\/li>\n<\/ul>\n<p>Non sono ammissibili al contributo ministeriale:<\/p>\n<ul>\n<li>i cosiddetti &#8220;enti ombrello&#8221;, cio\u00e8 soggetti che riuniscano al loro interno altri enti con caratteristiche e finalit\u00e0 analoghe, di cui sarebbe difficile la tracciabilit\u00e0 delle attivit\u00e0 e delle operazioni;<\/li>\n<li>gli enti all&#8217;interno dei quali le cariche direttive siano ricoperte da rappresentanti del Com.It.Es., considerato altres\u00ec l&#8217;articolo 2, comma 4, lettera g) della Legge n. 286 del 23 ottobre 2003.<\/li>\n<\/ul>\n<p>Questa Ambasciata verificher\u00e0, altres\u00ec, che nello statuto non vi sia alcun riferimento alla partecipazione &#8211; anche a solo titolo onorario &#8211; agli organi dell&#8217;ente di rappresentanti dell&#8217;Ambasciata o dell&#8217;Istituto Italiano di Cultura di Zurigo.<\/p>\n<p>Si delineano inoltre qui di seguito alcune delle principali novit\u00e0 apportate dalla Circolare ministeriale n. 4 dell\u20198 marzo 2022 che gli Enti Gestori interessati all\u2019organizzazione di corsi di lingua e cultura italiana dovranno prendere in considerazione in fase di richiesta di contributo a valere sul capitolo 3153:<\/p>\n<ul>\n<li>l&#8217;accento non viene pi\u00f9 posto sulle attivit\u00e0 di carattere assistenziale, ma su quelle di natura promozionale della lingua e della cultura italiana;<\/li>\n<li>non viene pi\u00f9 richiesto un bilancio rappresentativo di tutte le attivit\u00e0, entrate e voci di spesa, quanto un progetto, anche di durata biennale, con erogazioni suddivise in pi\u00f9 tranches e comunque collegate alla competenza di ciascun esercizio finanziario e all&#8217;andamento delle attivit\u00e0 didattiche;<\/li>\n<li>gli enti richiedenti sono invitati a concorrere con risorse proprie ai costi dei progetti presentati.<\/li>\n<\/ul>\n<p>I progetti saranno inoltre commisurati agli anni scolastici e non pi\u00f9 agli anni solari.<\/p>\n<p>Passando da una logica di &#8220;bilancio&#8221; ad una logica progettuale, si intende inoltre spostare il focus dall&#8217;assistenza agli enti in quanto tali, ai risultati che gli stessi si propongono di conseguire nel campo della promozione della lingua e della cultura italiana.<br \/>\nInoltre si precisa che:<\/p>\n<ul>\n<li>le attivit\u00e0 che possono essere oggetto di contributo ministeriale attengono ai segmenti scolastici sino alla scuola secondaria di secondo grado, superando cos\u00ec il &#8220;confine&#8221; della scuola secondaria di primo grado. Dal sostegno ministeriale rimangono esclusi i corsi per adulti, dal momento che esulano dal perimento normativo di riferimento costituito dal Decreto Legislativo n. 64\/2017 sulla Scuola italiana all&#8217;estero;<\/li>\n<li>l&#8217;erogazione del contributo avverr\u00e0 in seguito alla presentazione di un progetto di durata pari ad uno o due anni scolastici, che illustri il piano delle attivit\u00e0 che l&#8217;ente intende realizzare.<\/li>\n<\/ul>\n<p>Per l\u2019anno scolastico 2025\/2026 e per gli anni scolastici successivi gli Enti presentano a questa Ambasciata, entro il 15 ottobre dell\u2019anno precedente a quello di riferimento (per l&#8217;a.s. 2025\/2026 entro il 15 ottobre 2024), un progetto e una richiesta di contributo, secondo la citata normativa ed utilizzando la specifica modulistica messa a disposizione.<\/p>\n<p>Per ogni richiesta di informazioni si prega rivolgersi a:\u00a0<a href=\"mailto:berna.ambasciata@esteri.it\">berna.ambasciata@esteri.it<\/a>;\u00a0<a href=\"mailto:uffscuola.basilea@esteri.it\">uffscuola.basilea@esteri.it<\/a><\/p>\n<p>&nbsp;<\/p>\n<p>&nbsp;<\/p>\n<p><strong>Documenti e modulistica<\/strong>:<\/p>\n<p>&#8211; <a href=\"https:\/\/ambberna.esteri.it\/wp-content\/uploads\/2023\/06\/circolare-4_2022.pdf\">Circolare del MAECI n.4 8 marzo 2022<\/a><\/p>\n<p>&#8211; <a href=\"https:\/\/ambberna.esteri.it\/wp-content\/uploads\/2023\/06\/20201109132854896.pdf\">Decreto consolare n.22\/2020 dell&#8217;Ambasciata d&#8217;Italia a Berna<\/a><\/p>\n<p>&#8211; <a href=\"https:\/\/ambberna.esteri.it\/wp-content\/uploads\/2023\/06\/decreto_consolare_n._14_-_cancellazione_ente_casci_dallalbo_consolare.pdf\">Decreto consolare n.14\/2023 dell&#8217;Ambasciata d&#8217;Italia a Berna<\/a><\/p>\n<p>&#8211; <a href=\"https:\/\/ambberna.esteri.it\/wp-content\/uploads\/2023\/06\/richiesta_iscrizione_allalbo_consolare_degli_enti_gestori_ai_sensi_circ._4_2022-converti1.pdf\">Richiesta iscrizione all&#8217;Albo consolare degli Enti gestori<\/a><\/p>\n<p>&#8211; <a href=\"https:\/\/ambberna.esteri.it\/wp-content\/uploads\/2023\/06\/anagrafica_dellente_richiedente_ai_sensi_circ._4_2022.pdf\">Anagrafica dell&#8217;Ente richiedente<\/a><\/p>\n<p>&#8211; <a href=\"https:\/\/ambberna.esteri.it\/wp-content\/uploads\/2025\/03\/ALBO-ENTI-GESTORI-BERNA.pdf\">Albo consolare degli Enti gestori istituito presso l&#8217;Ambasciata d&#8217;Italia a Berna<\/a><\/p>\n","protected":false},"excerpt":{"rendered":"Aggiornamento Albo consolare degli Enti Gestori di iniziative a favore della lingua e della cultura italiana di cui all&#8217;articolo 10 del Decreto Legislativo n. 64\/2017 &#8211; Richiesta di contributo ministeriale a valere sul capitolo 3153 &#8211; Iscrizioni entro il 31 maggio 2024 per gli enti gestori che intendono presentare progetti relativi all&#8217;anno scolastico 2025\/2026 e [&hellip;]","protected":false},"author":4,"featured_media":0,"parent":33,"menu_order":1,"comment_status":"closed","ping_status":"closed","template":"","meta":{"footnotes":""},"class_list":["post-176","page","type-page","status-publish","hentry"],"_links":{"self":[{"href":"https:\/\/ambberna.esteri.it\/it\/wp-json\/wp\/v2\/pages\/176","targetHints":{"allow":["GET"]}}],"collection":[{"href":"https:\/\/ambberna.esteri.it\/it\/wp-json\/wp\/v2\/pages"}],"about":[{"href":"https:\/\/ambberna.esteri.it\/it\/wp-json\/wp\/v2\/types\/page"}],"author":[{"embeddable":true,"href":"https:\/\/ambberna.esteri.it\/it\/wp-json\/wp\/v2\/users\/4"}],"replies":[{"embeddable":true,"href":"https:\/\/ambberna.esteri.it\/it\/wp-json\/wp\/v2\/comments?post=176"}],"version-history":[{"count":5,"href":"https:\/\/ambberna.esteri.it\/it\/wp-json\/wp\/v2\/pages\/176\/revisions"}],"predecessor-version":[{"id":7696,"href":"https:\/\/ambberna.esteri.it\/it\/wp-json\/wp\/v2\/pages\/176\/revisions\/7696"}],"up":[{"embeddable":true,"href":"https:\/\/ambberna.esteri.it\/it\/wp-json\/wp\/v2\/pages\/33"}],"wp:attachment":[{"href":"https:\/\/ambberna.esteri.it\/it\/wp-json\/wp\/v2\/media?parent=176"}],"curies":[{"name":"wp","href":"https:\/\/api.w.org\/{rel}","templated":true}]}}