{"id":233,"date":"2023-06-09T16:15:41","date_gmt":"2023-06-09T14:15:41","guid":{"rendered":"https:\/\/ambberna.esteri.it\/?page_id=233"},"modified":"2023-12-08T10:48:15","modified_gmt":"2023-12-08T08:48:15","slug":"domande-frequenti-anagrafe","status":"publish","type":"page","link":"https:\/\/ambberna.esteri.it\/it\/servizi-consolari-e-visti\/servizi-per-il-cittadino-italiano\/anagrafe\/domande-frequenti-anagrafe\/","title":{"rendered":"Domande Frequenti &#8211; Anagrafe"},"content":{"rendered":"<div>\n<p><strong>Che cos&#8217;\u00e8 l&#8217;A.I.R.E.?<\/strong><br \/>\nA.I.R.E. significa &#8220;Anagrafe degli Italiani Residenti all&#8217;Estero&#8221;. Ogni cittadino italiano residente all&#8217;estero deve essere iscritto all&#8217;A.I.R.E. di un Comune italiano (il Comune in cui l&#8217;interessato o un antenato o un altro familiare diretto ha avuto la propria ultima residenza in Italia).<\/p>\n<p><strong>Iscriversi all\u2019A.I.R.E. \u00e8 obbligatorio?<\/strong><br \/>\nS\u00ec, l\u2019iscrizione all\u2019A.I.R.E. \u00e8 prevista dalla legge (la n. 470 del 1988) ed \u00e8 obbligatoria per tutti i cittadini italiani che intendano risiedere all\u2019estero per almeno 12 mesi, entro 90 giorni dalla data di arrivo nel Paese di destinazione. Non devono iscriversi i cittadini che si recano all&#8217;estero temporaneamente o stagionalmente per una durata non superiore ai dodici mesi.<\/p>\n<p><strong>A cosa serve iscriversi all\u2019A.I.R.E?<\/strong><br \/>\nOltre ad essere un obbligo di legge, iscriversi all\u2019A.I.R.E \u00e8 necessario per poter fruire dei servizi consolari come il rilascio di passaporti e documenti d\u2019identit\u00e0, votare nella Circoscrizione estero, ricevere le comunicazioni delle Autorit\u00e0 italiane: in mancanza di iscrizione o di aggiornamento, questa Cancelleria NON potr\u00e0 rilasciarvi i documenti di viaggio o altri servizi consolari; inoltre NON riceverete il plico elettorale.<br \/>\nI cittadini italiani residenti all\u2019estero e iscritti all\u2019AIRE (Anagrafe Italiani Residenti all\u2019Estero) devono infatti rivolgersi all\u2019<a href=\"https:\/\/ambberna.esteri.it\/chi-siamo\/la-rete-consolare\/\">Ufficio Consolare<\/a> italiano del proprio luogo di residenza per lo svolgimento delle pratiche anagrafiche e per comunicare tutte le eventuali variazioni dei loro dati anagrafici (stato civile, cittadinanza, indirizzo, composizione della famiglia, residenza). Sar\u00e0 poi cura dello stesso Ufficio Consolare fare da tramite tra il cittadino interessato e il rispettivo Comune italiano di iscrizione anagrafica.<br \/>\nI proprietari di case o di altri immobili in Italia iscritti all\u2019AIRE possono chiedere agli enti competenti, in base alle regolamentazioni da essi stabilite, riduzioni o agevolazioni per utenze e tributi.<\/p>\n<p><strong>Come ci si iscrive all&#8217;A.I.R.E.?<\/strong><br \/>\nL&#8217;iscrizione all&#8217;A.I.R.E. \u00e8 gratuita e si pu\u00f2 richiedere comodamente da casa tramite il portale informatico <a href=\"https:\/\/serviziconsolarionline.esteri.it\/\">Fast It<\/a><br \/>\nPer utilizzare il portale Fast It \u00e8 necessario registrarsi e avere un indirizzo di posta elettronica. In caso di dubbi, consultate la <a href=\"https:\/\/ambberna.esteri.it\/wp-content\/uploads\/2023\/06\/1_guida_pratica_iscrizione_fastit.pdf\">Guida<\/a> per iscriversi a Fast It.<\/p>\n<p><strong>Che cos\u2019\u00e8 FAST IT?<\/strong><br \/>\n<a href=\"https:\/\/serviziconsolarionline.esteri.it\/\">Fast It<\/a>\u00a0\u00e8 un portale informatico che permette di iscriversi all\u2019A.I.R.E., di comunicare un cambio di circoscrizione consolare o di aggiornare la propria residenza all&#8217;interno della stessa circoscrizione nel modo pi\u00f9 semplice e veloce, direttamente dalla propria abitazione.<\/p>\n<p><strong>\u00c8 necessario comunicare anche quando cambio la mia residenza?<\/strong><br \/>\nS\u00ec, perch\u00e9 l\u2019aggiornamento della residenza non \u00e8 automatico, e la mancata comunicazione al Consolato pu\u00f2 comportare disguidi e ritardi nell\u2019erogazione dei servizi consolari. Per aggiornare la residenza sar\u00e0 sufficiente darne comunicazione al Consolato tramite FAST IT. In caso di dubbi, consultate la nostra <a href=\"https:\/\/ambberna.esteri.it\/wp-content\/uploads\/2023\/06\/2_guida_pratica_cambio_indirizzo.pdf\">Guida<\/a> per il Cambio di indirizzo.<\/p>\n<p><strong>\u00c8 necessario recarsi in Consolato?<\/strong><br \/>\nNo, per iscriversi all\u2019A.I.R.E. o aggiornare la propria residenza non \u00e8 necessario recarsi in Consolato. Tutto deve essere fatto online, tramite FAST IT, comodamente da casa.<\/p>\n<p><strong>Il Consolato pu\u00f2 rilasciare un certificato di iscrizione A.I.R.E.?<\/strong><br \/>\nNo, \u00e8 necessario richiederlo al Comune italiano di riferimento.<\/p>\n<p><strong>Quanto tempo devo aspettare per essere iscritto all\u2019A.I.R.E?<\/strong><br \/>\nL\u2019iscrizione decorre dalla data di inserimento della domanda sul Fast It. La notifica dell\u2019avvenuta iscrizione spetta invece al Comune italiano che avverte direttamente il cittadino all\u2019estero<\/p>\n<p><strong>Sono gi\u00e0 iscritto all\u2019Anagrafe consolare senza aver utilizzato Fast It, cosa posso fare?<\/strong><br \/>\nSe gi\u00e0 iscritto potr\u00e0 registrarsi al portale Fast It e chiedere l\u2019associazione cos\u00ec da poter vedere la sua scheda e richiedere future aggiornamenti di indirizzo. In caso di dubbi, consultate la nostra <a href=\"https:\/\/ambberna.esteri.it\/wp-content\/uploads\/2023\/06\/3_guida_pratica_associazione_account_fast_it.pdf\">Guida<\/a> per l\u2019associazione.<\/p>\n<p><strong>Ero iscritto all\u2019Anagrafe consolare ma poi sono rimpatriato\/trasferito\/cancellato per irreperibilit\u00e0, cosa devo fare adesso se ho ripreso la residenza nella circoscrizione?<\/strong><br \/>\nPer questi casi non \u00e8 attualmente possibile utilizzare il portale Fast It e potete contattare l\u2019ufficio anagrafe all\u2019indirizzo mail: <a href=\"mailto:berna.anagrafe@esteri.it\">berna.anagrafe@esteri.it<\/a><\/p>\n<\/div>\n","protected":false},"excerpt":{"rendered":"Che cos&#8217;\u00e8 l&#8217;A.I.R.E.? A.I.R.E. significa &#8220;Anagrafe degli Italiani Residenti all&#8217;Estero&#8221;. Ogni cittadino italiano residente all&#8217;estero deve essere iscritto all&#8217;A.I.R.E. di un Comune italiano (il Comune in cui l&#8217;interessato o un antenato o un altro familiare diretto ha avuto la propria ultima residenza in Italia). Iscriversi all\u2019A.I.R.E. \u00e8 obbligatorio? S\u00ec, l\u2019iscrizione all\u2019A.I.R.E. \u00e8 prevista dalla legge [&hellip;]","protected":false},"author":4,"featured_media":0,"parent":225,"menu_order":0,"comment_status":"closed","ping_status":"closed","template":"","meta":{"footnotes":""},"class_list":["post-233","page","type-page","status-publish","hentry"],"_links":{"self":[{"href":"https:\/\/ambberna.esteri.it\/it\/wp-json\/wp\/v2\/pages\/233","targetHints":{"allow":["GET"]}}],"collection":[{"href":"https:\/\/ambberna.esteri.it\/it\/wp-json\/wp\/v2\/pages"}],"about":[{"href":"https:\/\/ambberna.esteri.it\/it\/wp-json\/wp\/v2\/types\/page"}],"author":[{"embeddable":true,"href":"https:\/\/ambberna.esteri.it\/it\/wp-json\/wp\/v2\/users\/4"}],"replies":[{"embeddable":true,"href":"https:\/\/ambberna.esteri.it\/it\/wp-json\/wp\/v2\/comments?post=233"}],"version-history":[{"count":4,"href":"https:\/\/ambberna.esteri.it\/it\/wp-json\/wp\/v2\/pages\/233\/revisions"}],"predecessor-version":[{"id":5394,"href":"https:\/\/ambberna.esteri.it\/it\/wp-json\/wp\/v2\/pages\/233\/revisions\/5394"}],"up":[{"embeddable":true,"href":"https:\/\/ambberna.esteri.it\/it\/wp-json\/wp\/v2\/pages\/225"}],"wp:attachment":[{"href":"https:\/\/ambberna.esteri.it\/it\/wp-json\/wp\/v2\/media?parent=233"}],"curies":[{"name":"wp","href":"https:\/\/api.w.org\/{rel}","templated":true}]}}