{"id":254,"date":"2023-06-12T13:49:38","date_gmt":"2023-06-12T11:49:38","guid":{"rendered":"https:\/\/ambberna.esteri.it\/?page_id=254"},"modified":"2023-06-12T14:40:03","modified_gmt":"2023-06-12T12:40:03","slug":"norme-ed-incentivi","status":"publish","type":"page","link":"https:\/\/ambberna.esteri.it\/it\/italia-e-svizzera\/diplomazia-economica\/fare-affari-in-italia\/norme-ed-incentivi\/","title":{"rendered":"Norme ed incentivi"},"content":{"rendered":"<div>\n<p>Nel corso degli anni \u201990 sono state introdotte riforme strutturali che hanno permesso all\u2019Italia di armonizzare il proprio quadro normativo, fiscale ed agevolativo agli standard europei.<\/p>\n<p>In particolare sono state attuate riforme importanti nel mercato del lavoro, del credito, dell\u2019energia, della Pubblica Amministrazione<\/p>\n<p>Sono stati rivoluzionati i tre fondamentali comparti della legislazione economica. Filo conduttore degli interventi \u00e8 stato l\u2019adeguamento delle regole a quelle dei Paesi pi\u00f9 avanzati, al fine di rendere il Sistema Italia pi\u00f9 attraente per gli operatori economici e pi\u00f9 competitivo nel confronto internazionale. Il sito <a href=\"https:\/\/www.invitalia.it\/\">Invitalia<\/a> offre informazioni accurate, in quattro lingue, sulle opportunit\u00e0 per fare impresa e produrre in Italia alla luce delle recenti riforme economiche realizzate.<\/p>\n<\/div>\n","protected":false},"excerpt":{"rendered":"Nel corso degli anni \u201990 sono state introdotte riforme strutturali che hanno permesso all\u2019Italia di armonizzare il proprio quadro normativo, fiscale ed agevolativo agli standard europei. In particolare sono state attuate riforme importanti nel mercato del lavoro, del credito, dell\u2019energia, della Pubblica Amministrazione Sono stati rivoluzionati i tre fondamentali comparti della legislazione economica. Filo conduttore [&hellip;]","protected":false},"author":4,"featured_media":0,"parent":97,"menu_order":0,"comment_status":"closed","ping_status":"closed","template":"","meta":{"footnotes":""},"class_list":["post-254","page","type-page","status-publish","hentry"],"_links":{"self":[{"href":"https:\/\/ambberna.esteri.it\/it\/wp-json\/wp\/v2\/pages\/254","targetHints":{"allow":["GET"]}}],"collection":[{"href":"https:\/\/ambberna.esteri.it\/it\/wp-json\/wp\/v2\/pages"}],"about":[{"href":"https:\/\/ambberna.esteri.it\/it\/wp-json\/wp\/v2\/types\/page"}],"author":[{"embeddable":true,"href":"https:\/\/ambberna.esteri.it\/it\/wp-json\/wp\/v2\/users\/4"}],"replies":[{"embeddable":true,"href":"https:\/\/ambberna.esteri.it\/it\/wp-json\/wp\/v2\/comments?post=254"}],"version-history":[{"count":2,"href":"https:\/\/ambberna.esteri.it\/it\/wp-json\/wp\/v2\/pages\/254\/revisions"}],"predecessor-version":[{"id":266,"href":"https:\/\/ambberna.esteri.it\/it\/wp-json\/wp\/v2\/pages\/254\/revisions\/266"}],"up":[{"embeddable":true,"href":"https:\/\/ambberna.esteri.it\/it\/wp-json\/wp\/v2\/pages\/97"}],"wp:attachment":[{"href":"https:\/\/ambberna.esteri.it\/it\/wp-json\/wp\/v2\/media?parent=254"}],"curies":[{"name":"wp","href":"https:\/\/api.w.org\/{rel}","templated":true}]}}