{"id":262,"date":"2023-06-12T14:02:17","date_gmt":"2023-06-12T12:02:17","guid":{"rendered":"https:\/\/ambberna.esteri.it\/?page_id=262"},"modified":"2023-09-12T15:18:54","modified_gmt":"2023-09-12T13:18:54","slug":"link-utili","status":"publish","type":"page","link":"https:\/\/ambberna.esteri.it\/it\/italia-e-svizzera\/diplomazia-economica\/fare-affari-in-italia\/link-utili\/","title":{"rendered":"Link utili"},"content":{"rendered":"<div>\n<p><strong><a href=\"http:\/\/www.invitalia.it\/\" target=\"_blank\" rel=\"noopener\">Sviluppo Italia<\/a><\/strong>\u00a0\u00e8 l&#8217;Agenzia nazionale per lo sviluppo d&#8217;impresa e l&#8217;attrazione d&#8217;investimenti con la missione di promuovere, accelerare e diffondere lo sviluppo produttivo e imprenditoriale nel Paese attraverso tre linee d&#8217;intervento:<\/p>\n<ul>\n<li>attrazione d&#8217;investimenti<\/li>\n<li>sviluppo e creazione d&#8217;impresa<\/li>\n<li>supporto alla Pubblica Amministrazione.<\/li>\n<\/ul>\n<\/div>\n<p><img decoding=\"async\" class=\"\" src=\"https:\/\/ambberna.esteri.it\/wp-content\/uploads\/2023\/06\/linea.jpg\" alt=\"linea\" width=\"100%\" border=\"0\" \/><\/p>\n<p><strong>Siti web delle Regioni d&#8217;Italia:<\/strong><\/p>\n<p><a title=\"Vai al sito web della Regione Abruzzo. Attenzione! Questo link apre un sito esterno\" href=\"http:\/\/www.regione.abruzzo.it\/\"><strong>Abruzzo<\/strong><\/a><br \/>\n<a title=\"Vai al sito web della Regione Basilicata. Attenzione! Questo link apre un sito esterno\" href=\"http:\/\/www.regione.basilicata.it\/\"><strong>Basilicata<\/strong><\/a><br \/>\n<a title=\"Vai al sito web della Regione Calabria. Attenzione! Questo link apre un sito esterno\" href=\"https:\/\/www.regione.calabria.it\/\"><strong>Calabria<\/strong><\/a><br \/>\n<a title=\"Vai al sito web della Regione Campania. Attenzione! Questo link apre un sito esterno\" href=\"http:\/\/www.regione.campania.it\/\"><strong>Campania<\/strong><\/a><br \/>\n<a title=\"Vai al sito web della Regione Emilia Romagna. Attenzione! Questo link apre un sito esterno\" href=\"http:\/\/www.regione.emilia-romagna.it\/\"><strong>Emilia Romagna<\/strong><\/a><br \/>\n<a title=\"Vai al sito web della Regione Friuli Venezia Giulia. Attenzione! Questo link apre un sito esterno\" href=\"http:\/\/www.regione.fvg.it\/\"><strong>Friuli Venezia Giulia<\/strong><\/a><br \/>\n<a title=\"Vai al sito web della Regione Lazio. Attenzione! Questo link apre un sito esterno\" href=\"http:\/\/www.regione.lazio.it\/\"><strong>Lazio<\/strong><\/a><br \/>\n<a title=\"Vai al sito web della Regione Liguria. Attenzione! Questo link apre un sito esterno\" href=\"http:\/\/www.regione.liguria.it\/\"><strong>Liguria<\/strong><\/a><br \/>\n<a title=\"Vai al sito web della Regione Lombardia. Attenzione! Questo link apre un sito esterno\" href=\"http:\/\/www.regione.lombardia.it\/\"><strong>Lombardia<\/strong><\/a><br \/>\n<a title=\"Vai al sito web della Regione Marche. Attenzione! Questo link apre un sito esterno\" href=\"http:\/\/www.regione.marche.it\/\"><strong>Marche<\/strong><\/a><br \/>\n<a title=\"Vai al sito web della Regione Molise. Attenzione! Questo link apre un sito esterno\" href=\"http:\/\/www.regione.molise.it\/\"><strong>Molise<\/strong><\/a><br \/>\n<a title=\"Vai al sito web della Regione Piemonte. Attenzione! Questo link apre un sito esterno\" href=\"http:\/\/www.regione.piemonte.it\/\"><strong>Piemonte<\/strong><\/a><br \/>\n<a title=\"Vai al sito web della Regione Puglia. Attenzione! Questo link apre un sito esterno\" href=\"https:\/\/www.regione.puglia.it\/\"><strong>Puglia<\/strong><\/a><br \/>\n<a title=\"Vai al sito web della Regione Sardegna. Attenzione! Questo link apre un sito esterno\" href=\"http:\/\/www.regione.sardegna.it\/\"><strong>Sardegna<\/strong><\/a><br \/>\n<strong><a title=\"Vai al sito web della Regione Sicilia. Attenzione! Questo link apre un sito esterno\" href=\"http:\/\/pir.regione.sicilia.it\/\">Sicilia<\/a><\/strong><br \/>\n<a title=\"Vai al sito web della Regione Toscana. Attenzione! Questo link apre un sito esterno\" href=\"http:\/\/www.regione.toscana.it\/\"><strong>Toscana<\/strong><\/a><br \/>\n<a title=\"Vai al sito web della Regione Trentino Alto adige. Attenzione! Questo link apre un sito esterno\" href=\"http:\/\/www.regione.taa.it\/\"><strong>Trentino Alto Adige<\/strong><\/a><br \/>\n<a title=\"Vai al sito web della Regione Umbria. Attenzione! Questo link apre un sito esterno\" href=\"https:\/\/www.regione.umbria.it\/home\"><strong>Umbria<\/strong><\/a><br \/>\n<a title=\"Vai al sito web della Regione Valle d'Aoste. Attenzione! Questo link apre un sito esterno\" href=\"http:\/\/www.regione.vda.it\/\"><strong>Valle d&#8217;Aosta<\/strong><\/a><br \/>\n<a title=\"Vai al sito web della Regione Veneto. Attenzione! Questo link apre un sito esterno\" href=\"http:\/\/www.regione.veneto.it\/\"><strong>Veneto<\/strong><\/a><\/p>\n<p><img decoding=\"async\" class=\"\" src=\"https:\/\/ambberna.esteri.it\/wp-content\/uploads\/2023\/06\/linea.jpg\" alt=\"linea\" width=\"100%\" border=\"0\" \/><\/p>\n<p><a href=\"http:\/\/www.unioncamere.it\/\" target=\"_blank\" rel=\"noopener\"><strong>L&#8217;Unione italiana delle Camere di Commercio Industria e Artigianato (UnionCamere)<\/strong><\/a>, cura e rappresenta gli interessi generali delle Camere di Commercio, punto di riferimento per i settori produttivi, sia a livello locale sia nazionale ed internazionale.<br \/>\nInoltre:<\/p>\n<ul>\n<li>promuove, realizza e gestisce, direttamente o per il tramite di proprie aziende speciali, servizi e attivit\u00e0 d&#8217;interesse delle Camere di commercio e delle categorie economiche;<\/li>\n<li>punta a consolidare e sviluppare la collaborazione con la rete delle CCIE;<\/li>\n<li>facilita l&#8217;accesso, con tecnologie all&#8217;avanguardia, a iniziative e programmi comunitari, favorendo accordi internazionali per promuovere l&#8217;Italia nel mondo.<\/li>\n<\/ul>\n<p><img decoding=\"async\" class=\"\" src=\"https:\/\/ambberna.esteri.it\/wp-content\/uploads\/2023\/06\/linea.jpg\" alt=\"linea\" width=\"100%\" border=\"0\" \/><\/p>\n<p>L&#8217;<strong><a href=\"http:\/\/www.ice.gov.it\/\">ICE<\/a><\/strong>, Istituto nazionale per il Commercio Estero, \u00e8 l&#8217;Ente pubblico che ha il compito di sviluppare, agevolare e promuovere i rapporti economici e commerciali italiani con l&#8217;estero, con particolare attenzione alle esigenze delle piccole e medie imprese, dei loro consorzi e raggruppamenti.<\/p>\n<p>La rete ICE nel mondo assicura la presenza dell\u2019Istituto in 80 paesi attraverso l\u2019attivit\u00e0 di 81 uffici e 23 punti di corrispondenza, avamposti operativi dislocati anche in aree remote ma di interesse strategico.<\/p>\n<p>Le attivit\u00e0 delle unit\u00e0 operative ICE all\u2019estero sono finalizzate a fornire servizi di assistenza\/consulenza, sviluppare azioni promozionali a favore delle singole imprese e del Sistema Italia, produrre informazioni sul Paese, sulle opportunit\u00e0 commerciali, sulle gare internazionali, su investimenti da e per l\u2019Italia.<\/p>\n<p><img decoding=\"async\" class=\"\" src=\"https:\/\/ambberna.esteri.it\/wp-content\/uploads\/2023\/06\/linea.jpg\" alt=\"linea\" width=\"100%\" border=\"0\" \/><\/p>\n<p><strong><a href=\"http:\/\/www.assocamerestero.it\/\" target=\"_blank\" rel=\"noopener\">Assocamere estero<\/a><\/strong> \u00e8 l\u00b4associazione delle Camere di Commercio Italiane nel mondo, nata per valorizzare e sviluppare le attivit\u00e0 delle Camere, diffondendo interesse e conoscenza sulla rete e sulle sue peculiarit\u00e0 presso le istituzioni italiane ed internazionali e presso le organizzazioni imprenditoriali.<\/p>\n<p>L&#8217;Associazione:<\/p>\n<ul>\n<li>\n<div align=\"justify\">rappresenta le esigenze e le potenzialit\u00e0 di servizio delle CCIE;<\/div>\n<\/li>\n<li>\n<div align=\"justify\">ricerca collaborazioni ed alleanze strategiche con soggetti ed enti pubblici e privati per favorire la conoscenza e l\u00b4utilizzo della rete delle CCIE;<\/div>\n<\/li>\n<li>\n<div align=\"justify\">sintetizza le esperienze e il know-how acquisito dai diversi \u201dnodi\u201d;<\/div>\n<\/li>\n<li>\n<div align=\"justify\">promuove e diffonde programmi e progetti in una logica di rete;<\/div>\n<\/li>\n<li>\n<div align=\"justify\">promuove e diffonde una aggiornata cultura informatica;<\/div>\n<\/li>\n<li>\n<div align=\"justify\">svolge azioni di comunicazione verso i media italiani, le istituzioni, le imprese;<\/div>\n<\/li>\n<li>\n<div align=\"justify\">promuove ed eroga formazione manageriale;<\/div>\n<\/li>\n<li>\n<div align=\"justify\">assiste i promotori di nuove Camere all\u00b4estero;<\/div>\n<\/li>\n<li>\n<div align=\"justify\">svolge attivit\u00e0 di networking con gli altri sistemi camerali bi-nazionali europei.<\/div>\n<\/li>\n<\/ul>\n<p><img decoding=\"async\" class=\"\" src=\"https:\/\/ambberna.esteri.it\/wp-content\/uploads\/2023\/06\/linea.jpg\" alt=\"linea\" width=\"100%\" border=\"0\" \/><\/p>\n<p><a href=\"https:\/\/www.confindustria.it\/home\"><strong>Confindustria<\/strong><\/a>\u00a0\u00e8 l&#8217;organizzazione rappresentativa delle imprese manifatturiere di servizi in Italia.<\/p>\n<p>Fondata nel 1910, Confindustria \u00e8 la principale organizzazione rappresentativa delle imprese manufatturiere e di servizi in Italia.<\/p>\n<p>Raggruppa, su base volontaria, pi\u00f9 di 115.000 imprese di tutte le dimensioni per un totale di circa 4.300.000 addetti.<\/p>\n<p>Confindustria, in base al suo statuto, si propone di contribuire, insieme alle istituzioni politiche e alle organizzazioni economiche, sociali e culturali, nazionali ed internazionali, alla crescita economica e al progresso sociale del paese.<\/p>\n<p><img decoding=\"async\" class=\"\" src=\"https:\/\/ambberna.esteri.it\/wp-content\/uploads\/2023\/06\/linea.jpg\" alt=\"linea\" width=\"100%\" border=\"0\" \/><\/p>\n<p><strong>Alcune organizzazioni rappresentative:<\/strong><\/p>\n<p><a title=\"Vai al sito della CONFAPI\" href=\"http:\/\/www.confapi.it\/\"><strong>CONFAPI<\/strong><\/a><br \/>\n<strong>Confederazione Italiana della Piccola e Media Industria<\/strong><\/p>\n<p>La Confapi \u00e8 cresciuta accanto alla piccola impresa italiana ed \u00e8 oggi una realt\u00e0 consolidata che rappresenta oltre 50mila aziende con circa un milione di addetti.<\/p>\n<p>Finalit\u00e0 istituzionali della Confapi sono la difesa degli interessi e la valorizzazione dell&#8217;industria italiana di piccola e media dimensione. Le iniziative e i programmi sono svolti con l&#8217;obiettivo di favorire lo sviluppo economico e civile del Paese, in collegamento con le organizzazioni ed istituzioni nazionali ed europee.<\/p>\n<p>La Confederazione svolge il proprio ruolo di rappresentanza e di proposta a favore della piccola e media industria, sostenendo una politica economica nazionale, che faciliti la crescita imprenditoriale.<\/p>\n<p><a title=\"Vai al sito del Formez\" href=\"http:\/\/www.formez.it\/\"><strong>FORMEZ<br \/>\n<\/strong><\/a><strong>Centro di Formazione e Studi<\/strong><\/p>\n<p><a title=\"Vai al sito Informest\" href=\"http:\/\/www.informest.it\/\"><strong>INFORMEST<br \/>\n<\/strong><\/a><strong>Centro di Servizi e Documentazione per la Cooperazione Economica Internazionale<\/strong><\/p>\n<p><a title=\"Vai al sito SACE\" href=\"http:\/\/www.sace.it\/\"><strong>SACE<br \/>\n<\/strong><\/a><strong>Servizi Assicurativi del Commercio Estero<\/strong><\/p>\n<p><a title=\"Vai al sito SIMEST\" href=\"http:\/\/www.simest.it\/\"><strong>SIMEST<br \/>\n<\/strong><\/a><strong>Finanziaria di sviluppo e promozione delle imprese italiane all&#8217;estero<\/strong><\/p>\n","protected":false},"excerpt":{"rendered":"Sviluppo Italia\u00a0\u00e8 l&#8217;Agenzia nazionale per lo sviluppo d&#8217;impresa e l&#8217;attrazione d&#8217;investimenti con la missione di promuovere, accelerare e diffondere lo sviluppo produttivo e imprenditoriale nel Paese attraverso tre linee d&#8217;intervento: attrazione d&#8217;investimenti sviluppo e creazione d&#8217;impresa supporto alla Pubblica Amministrazione. Siti web delle Regioni d&#8217;Italia: Abruzzo Basilicata Calabria Campania Emilia Romagna Friuli Venezia Giulia Lazio [&hellip;]","protected":false},"author":4,"featured_media":0,"parent":97,"menu_order":0,"comment_status":"closed","ping_status":"closed","template":"","meta":{"footnotes":""},"class_list":["post-262","page","type-page","status-publish","hentry"],"_links":{"self":[{"href":"https:\/\/ambberna.esteri.it\/it\/wp-json\/wp\/v2\/pages\/262","targetHints":{"allow":["GET"]}}],"collection":[{"href":"https:\/\/ambberna.esteri.it\/it\/wp-json\/wp\/v2\/pages"}],"about":[{"href":"https:\/\/ambberna.esteri.it\/it\/wp-json\/wp\/v2\/types\/page"}],"author":[{"embeddable":true,"href":"https:\/\/ambberna.esteri.it\/it\/wp-json\/wp\/v2\/users\/4"}],"replies":[{"embeddable":true,"href":"https:\/\/ambberna.esteri.it\/it\/wp-json\/wp\/v2\/comments?post=262"}],"version-history":[{"count":4,"href":"https:\/\/ambberna.esteri.it\/it\/wp-json\/wp\/v2\/pages\/262\/revisions"}],"predecessor-version":[{"id":832,"href":"https:\/\/ambberna.esteri.it\/it\/wp-json\/wp\/v2\/pages\/262\/revisions\/832"}],"up":[{"embeddable":true,"href":"https:\/\/ambberna.esteri.it\/it\/wp-json\/wp\/v2\/pages\/97"}],"wp:attachment":[{"href":"https:\/\/ambberna.esteri.it\/it\/wp-json\/wp\/v2\/media?parent=262"}],"curies":[{"name":"wp","href":"https:\/\/api.w.org\/{rel}","templated":true}]}}