{"id":332,"date":"2023-06-13T14:15:15","date_gmt":"2023-06-13T12:15:15","guid":{"rendered":"https:\/\/ambberna.esteri.it\/?page_id=332"},"modified":"2025-05-16T15:53:05","modified_gmt":"2025-05-16T13:53:05","slug":"cooperazione-politica","status":"publish","type":"page","link":"https:\/\/ambberna.esteri.it\/it\/italia-e-svizzera\/cooperazione-politica\/","title":{"rendered":"Rapporti politici"},"content":{"rendered":"<p>QUADRO POLITICO INTERNO<\/p>\n<p>La politica interna della Confederazione svizzera privilegia un approccio di stabilit\u00e0 e continuit\u00e0, attraverso due principi-cardine. Il primo, denominato \u201cformula magica\u201d, riguarda la composizione del Governo (Consiglio Federale), formato da 7 membri espressione dei primi 4 partiti, eletti per un quadriennio dall\u2019Assemblea Federale (2 per l\u2019Unione Democratica di Centro, 2 per il Partito Socialista, 2 per Partito Liberale Radicale, 1 per il Partito di Centro)<\/p>\n<p>Il secondo principio, chiamato \u201cprincipio della concordanza\u201d, impone ai 7 Consiglieri Federali (e quindi, sia pure indirettamente, agli stessi partiti rappresentati nell\u2019Esecutivo) l\u2019obbligo di far proprie e di assumere collegialmente la responsabilit\u00e0 di tutte le decisioni.<\/p>\n<p>Il Presidente e il Vice Presidente della Confederazione sono eletti a cadenza annuale dal Parlamento fra i sette Consiglieri federali, nel mese di dicembre. Peculiarit\u00e0 del sistema svizzero sono due strumenti di \u201cdemocrazia diretta\u201d, quali la legge di iniziativa popolare, con cui il corpo elettorale pu\u00f2 proporre e sancire l\u2019adozione di nuove norme, anche costituzionali, e il referendum popolare, che permette ai cittadini di pronunciarsi (anche in senso abrogativo) in merito a leggi o accordi internazionali approvati dal Parlamento.<\/p>\n<p>Le pi\u00f9 recenti elezioni per il rinnovo dell\u2019Assemblea federale (Consiglio Nazionale e Consiglio degli Stati) si sono tenute il 22 ottobre 2023, le prossime si svolgeranno nell\u2019ottobre del 2027. L\u2019UDC, partito di centro-destra, \u00e8 stato confermato al primo posto con il 27,9% dei consensi. Il Partito socialista si \u00e8 posizionato al secondo posto con il 18,3%, il PLR (Liberal-Radicale) al terzo con il 14,3%, il Centro al quarto posto con il 14,1%, i Verdi al quinto posto con il 9,8% e i Verdi Liberali al sesto con il 7,6%.<\/p>\n<p>Il Parlamento federale ha eletto i 7 membri del Consiglio federale. La compagine governativa, che rimarr\u00e0 in carica fino al 31.12.2027, \u00e8 la seguente:<\/p>\n<p>&#8211; Guy Parmelin, UDC &#8211; Unione Democratica di Centro (Destra conservatrice) Capo del Dipartimento federale dell\u2019Economia, della Formazione e della Ricerca;<\/p>\n<p>&#8211; Ignazio Cassis, PLR &#8211; Partito Liberale Radicale (Destra liberale) Capo del Dipartimento federale degli Affari Esteri;<\/p>\n<p>&#8211; Martin Pfister, Partito di Centro, Capo del Dipartimento federale della Difesa, della Protezione della Popolazione e dello Sport;<\/p>\n<p>&#8211; Karin Keller-Sutter, PLR &#8211; Partito Liberale Radicale, Capo del Dipartimento federale delle Finanze;<\/p>\n<p>&#8211; Albert R\u00f6sti, UDC &#8211; Unione Democratica di Centro, Capo del Dipartimento federale dell\u2019Ambiente, dei Trasporti, dell\u2019Energia e delle Comunicazioni;<\/p>\n<p>&#8211; Elisabeth Baume-Schneider, Partito Socialista, Capo del Dipartimento federale dell\u2019Interno;<\/p>\n<p>&#8211; Beat Jans, Partito Socialista, Capo del Dipartimento federale di Giustizia e Polizia.<\/p>\n<p>L\u2019Esecutivo \u00e8 quindi composto da 4 germanofoni, 2 francofoni e un italofono.<\/p>\n<p>Il Parlamento federale ha inoltre eletto il Consigliere federale Karin Keller-Sutter Presidente della Confederazione per il 2025, il cui mandato, della durata di un anno, \u00e8 rappresentare la Svizzera all\u2019estero e dirigere le sedute del Consiglio federale esercitando, di fatto, funzioni riconducibili a quelle di Capo di Stato e di Governo, che cumula con quelle di Ministro delle Finanze. Come da prassi, Keller-Sutter assume la carica di Capo di Stato dopo aver ricoperto nel precedente esercizio annuale il ruolo di Vice Presidente della Confederazione.<\/p>\n<p>Come si evince dalle procedure seguite per la sua formazione, il Governo in Svizzera \u00e8 strutturato in maniera diversa rispetto agli altri Paesi europei: l\u2019Esecutivo elvetico non \u00e8 infatti un governo di maggioranza n\u00e9 di coalizione, dato che i quattro partiti che lo compongono non concordano un programma politico comune.<\/p>\n<p>Il Consiglio federale \u00e8 pertanto diretta espressione del Parlamento e ne riflette gli equilibri, non ha bisogno della sua fiducia e non pu\u00f2 esserne sfiduciato.<\/p>\n<p>Inoltre \u00e8 prassi consolidata che tutti i Consiglieri federali che lo desiderano vengano riconfermati per un nuovo mandato. Ci\u00f2 d\u00e0 grande stabilit\u00e0 al Paese e alle sue istituzioni. A tal punto che non vi \u00e8 mai stato un Esecutivo che sia stato interamente rinnovato dal 1848 ad oggi. Infine, in caso di dimissioni di un Consigliere federale, il Parlamento federale provvede alla sua sostituzione attraverso un\u2019elezione parziale.<\/p>\n<p>Quella svizzera \u00e8, in sostanza, una democrazia \u201cdi concordanza\u201d con la partecipazione permanente di tutti i principali partiti nell\u2019Esecutivo. Il PLR, ad esempio, \u00e8 al governo ininterrottamente da 177 anni: cosa mai avvenuta in nessun altro Paese.<\/p>\n<p>Il Parlamento federale :<\/p>\n<p>1) elegge ogni anno i Presidenti delle due Camere federali;<\/p>\n<p>2) \u00e8 composto da partiti che formano maggioranze variabili (centrosinistra, centrodestra o destra-sinistra) a seconda delle questioni che vengono dibattute;<\/p>\n<p>3) non vota la fiducia n\u00e9 la sfiducia al Governo e non pu\u00f2 essere sciolto;<\/p>\n<p>4) le sue leggi non sottostanno ad alcun controllo di costituzionalit\u00e0, che \u00e8 esercitato direttamente dal popolo attraverso il referendum che puo\u2019 essere richiesto con 50.000 firme, per proporre l\u2019abrogazione di leggi o accordi internazionali, o con 100.000 firme per proporre modifiche alla Costituzione federale;<\/p>\n<p>5) le \u00a0leggi del Parlamento svizzero entrano pertanto in vigore solo una volta decorso infruttuosamente il termine per richiedere un referendum (100 giorni) o in caso di esito favorevole della consultazione referendaria.<\/p>\n<p><a href=\"https:\/\/www.bk.admin.ch\/dam\/bk\/it\/dokumente\/komm-ue\/buku2023\/bund-kurz-erklaert-2023.pdf.download.pdf\/BUKU%202023_IT.pdf\"><span style=\"text-decoration: underline;\">La Confederazione in breve<\/span><\/a><\/p>\n","protected":false},"excerpt":{"rendered":"QUADRO POLITICO INTERNO La politica interna della Confederazione svizzera privilegia un approccio di stabilit\u00e0 e continuit\u00e0, attraverso due principi-cardine. Il primo, denominato \u201cformula magica\u201d, riguarda la composizione del Governo (Consiglio Federale), formato da 7 membri espressione dei primi 4 partiti, eletti per un quadriennio dall\u2019Assemblea Federale (2 per l\u2019Unione Democratica di Centro, 2 per il [&hellip;]","protected":false},"author":4,"featured_media":0,"parent":14,"menu_order":0,"comment_status":"closed","ping_status":"closed","template":"","meta":{"footnotes":""},"class_list":["post-332","page","type-page","status-publish","hentry"],"_links":{"self":[{"href":"https:\/\/ambberna.esteri.it\/it\/wp-json\/wp\/v2\/pages\/332","targetHints":{"allow":["GET"]}}],"collection":[{"href":"https:\/\/ambberna.esteri.it\/it\/wp-json\/wp\/v2\/pages"}],"about":[{"href":"https:\/\/ambberna.esteri.it\/it\/wp-json\/wp\/v2\/types\/page"}],"author":[{"embeddable":true,"href":"https:\/\/ambberna.esteri.it\/it\/wp-json\/wp\/v2\/users\/4"}],"replies":[{"embeddable":true,"href":"https:\/\/ambberna.esteri.it\/it\/wp-json\/wp\/v2\/comments?post=332"}],"version-history":[{"count":6,"href":"https:\/\/ambberna.esteri.it\/it\/wp-json\/wp\/v2\/pages\/332\/revisions"}],"predecessor-version":[{"id":7910,"href":"https:\/\/ambberna.esteri.it\/it\/wp-json\/wp\/v2\/pages\/332\/revisions\/7910"}],"up":[{"embeddable":true,"href":"https:\/\/ambberna.esteri.it\/it\/wp-json\/wp\/v2\/pages\/14"}],"wp:attachment":[{"href":"https:\/\/ambberna.esteri.it\/it\/wp-json\/wp\/v2\/media?parent=332"}],"curies":[{"name":"wp","href":"https:\/\/api.w.org\/{rel}","templated":true}]}}