{"id":388,"date":"2023-06-16T12:10:58","date_gmt":"2023-06-16T10:10:58","guid":{"rendered":"https:\/\/ambberna.esteri.it\/?page_id=388"},"modified":"2026-02-03T10:46:41","modified_gmt":"2026-02-03T08:46:41","slug":"orari-e-contatti","status":"publish","type":"page","link":"https:\/\/ambberna.esteri.it\/it\/chi-siamo\/la-sede\/la-sede-consolare\/orari-e-contatti\/","title":{"rendered":"Orari e contatti"},"content":{"rendered":"<table class=\"table\" border=\"0\">\n<tbody>\n<tr>\n<td colspan=\"2\"><strong>ORARIO DI APERTURA AL PUBBLICO (previo appuntamento)<br \/>\n<\/strong><\/td>\n<\/tr>\n<tr>\n<td><strong>Luned\u00ec\u00a0 \u00a0 \u00a0 \u00a0 \u00a0 \u00a0 \u00a0<\/strong><\/td>\n<td>9.00 &#8211; 13.30<\/td>\n<\/tr>\n<tr>\n<td><strong>Marted\u00ec<\/strong><\/td>\n<td>9.00 &#8211; 13.30<\/td>\n<\/tr>\n<tr>\n<td><strong>Mercoled\u00ec<\/strong><\/td>\n<td>9.00 &#8211; 13.30<\/td>\n<\/tr>\n<tr>\n<td><strong>Gioved\u00ec<\/strong><\/td>\n<td>9.00 &#8211; 13.30<\/td>\n<\/tr>\n<tr>\n<td><strong>Venerd\u00ec<\/strong><\/td>\n<td>9.00 &#8211; 13.30<\/td>\n<\/tr>\n<tr>\n<td><strong>Sabato<\/strong><\/td>\n<td>chiuso<\/td>\n<\/tr>\n<\/tbody>\n<\/table>\n<p><strong><a href=\"https:\/\/ambberna.esteri.it\/chi-siamo\/numeri-di-emergenza\/\">Contatto di emergenza<\/a><\/strong>\u00a0(solo per gravi e comprovate urgenze e non per informazioni di carattere generale)<\/p>\n<p>La Cancelleria Consolare \u00e8 <span style=\"text-decoration: underline;\">chiusa al pubblico come da calendario delle festivit\u00e0<\/span> disponibile al seguente <a href=\"https:\/\/ambberna.esteri.it\/chi-siamo\/la-sede\/la-sede-consolare\/orari-e-contatti\/festivita-2023\/\"><span style=\"text-decoration: underline;\">link<\/span><\/a>.<\/p>\n<p>&nbsp;<\/p>\n<p>L&#8217;indirizzo\u00a0 : <b>Cancelleria Consolare &#8211; Willadingweg 23 \u2013 3006 Berna.<\/b><\/p>\n<p>&nbsp;<\/p>\n<p><strong>Di seguito i contatti telefonici ed email degli Uffici della Cancelleria Consolare:<\/strong><a name=\"contatti_orari\"><\/a><\/p>\n<table style=\"background-color: #ffffe0;\">\n<tbody>\n<tr style=\"background-color: #bdb76b; color: #ffffff;\">\n<td><strong><b>Ufficio<\/b><\/strong><\/td>\n<td><strong><b>Personale presso l\u2019ufficio<\/b><\/strong><\/td>\n<td><strong><b>Email (*)<\/b><\/strong><\/td>\n<td><strong><b>Telefono<\/b><\/strong><\/td>\n<\/tr>\n<tr>\n<td><strong><b>Capo Cancelleria Consolare<\/b><\/strong><\/td>\n<td>Zampini Fiorenzo<\/td>\n<td><a href=\"mailto:berna.consolare@esteri.it\">berna.consolare@esteri.it<\/a><\/td>\n<td>+41 31 390 10 00<\/td>\n<\/tr>\n<tr>\n<td><strong><b>Sostituto Capo Cancelleria Consolare<\/b><\/strong><\/td>\n<td><\/td>\n<td><a href=\"mailto:berna.consolare@esteri.it\">berna.consolare@esteri.it<\/a><\/td>\n<td>+41 31 390 10 24<\/td>\n<\/tr>\n<tr>\n<td><strong><b>Anagrafe \/ Aire \/ Rimpatri<\/b><\/strong><\/td>\n<td>Ciccolini Tancredi<br \/>\nMacr\u00ec Salvatore<\/td>\n<td><a href=\"mailto:berna.anagrafe@esteri.it\">berna.anagrafe@esteri.it<\/a><\/td>\n<td>+41 31 390 10 26<br \/>\n+41 31 390 10 13<\/td>\n<\/tr>\n<tr>\n<td><strong><b>Carte d\u2019identit\u00e0<\/b><\/strong><\/td>\n<td>Useini Affan<\/td>\n<td><a href=\"mailto:berna.identita@esteri.it\">berna.identita@esteri.it<\/a><\/td>\n<td>+41 31 390 10 12<\/td>\n<\/tr>\n<tr>\n<td><strong><b>Cittadinanza<\/b><\/strong><\/td>\n<td>Zampini Fiorenzo<\/td>\n<td><a href=\"mailto:berna.cittadinanza@esteri.it\">berna.cittadinanza@esteri.it<\/a><\/td>\n<td>+41 31 390 10 14<\/td>\n<\/tr>\n<tr>\n<td><strong><b>Elettorale<\/b><\/strong><\/td>\n<td>Macr\u00ec Salvatore<\/td>\n<td><a href=\"mailto:berna.elettorale@esteri.it\">berna.elettorale@esteri.it<\/a><\/td>\n<td>+41 31 390 10 13<\/td>\n<\/tr>\n<tr>\n<td><strong><b>Notarile\/ Sociale\/ Patenti<\/b><\/strong><\/td>\n<td><\/td>\n<td><a href=\"mailto:berna.notarile@esteri.it\">berna.notarile@esteri.it<\/a><\/td>\n<td>+41 31 390 10 24<\/td>\n<\/tr>\n<tr>\n<td><strong><b>Passaporti<\/b><\/strong><\/td>\n<td>Biella Andrea<br \/>\nSaulli Alessio<\/td>\n<td><a href=\"mailto:berna.passaporti@esteri.it\">berna.passaporti@esteri.it<\/a><\/td>\n<td>+41 31 390 10 23<br \/>\n+41 31 390 10 28<\/td>\n<\/tr>\n<tr>\n<td><strong><b>Segreteria<\/b><\/strong><\/td>\n<td>Mengoni Grazia<\/td>\n<td><a href=\"mailto:berna.consolare@esteri.it\">berna.consolare@esteri.it<\/a><\/td>\n<td>+41 31 390 10 10<\/td>\n<\/tr>\n<tr>\n<td><strong><b>Stato Civile<\/b><\/strong><\/td>\n<td>Dutler Marco<br \/>\nMattera Giulia<\/td>\n<td><a href=\"mailto:berna.statocivile@esteri.it\">berna.statocivile@esteri.it<\/a><\/td>\n<td>+41 31 390 10 22<br \/>\n+41 31 390 10 21<\/td>\n<\/tr>\n<tr>\n<td><strong><b>Notifiche<\/b><\/strong><\/td>\n<td>Adenahzada Mohammad<\/td>\n<td><u><a href=\"mailto:berna.consolare@esteri.it\">berna.consolare@esteri.it<\/a> <\/u><\/td>\n<td>+41 31 390 10 15<\/td>\n<\/tr>\n<\/tbody>\n<\/table>\n<p>(*) <strong>Non \u00e8 possibile inviare email con allegati di dimensioni totali superiori a 10 MB.<br \/>\n<\/strong>\u00a0 \u00a0 \u00a0 Le email che superano tali dimensioni vengono scartate automaticamente dal sistema senza notificare la mancata consegna.<\/p>\n<p>E-mail ordinaria (PEO):\u00a0\u00a0<strong><a href=\"mailto:berna.consolare@esteri.it\">berna.consolare@esteri.it<\/a>\u00a0<\/strong><br \/>\nE-mail certificata (PEC):\u00a0<strong><a href=\"mailto:amb.berna.consolare@cert.esteri.it\">amb.berna.consolare@cert.esteri.it<\/a><\/strong><\/p>\n","protected":false},"excerpt":{"rendered":"ORARIO DI APERTURA AL PUBBLICO (previo appuntamento) Luned\u00ec\u00a0 \u00a0 \u00a0 \u00a0 \u00a0 \u00a0 \u00a0 9.00 &#8211; 13.30 Marted\u00ec 9.00 &#8211; 13.30 Mercoled\u00ec 9.00 &#8211; 13.30 Gioved\u00ec 9.00 &#8211; 13.30 Venerd\u00ec 9.00 &#8211; 13.30 Sabato chiuso Contatto di emergenza\u00a0(solo per gravi e comprovate urgenze e non per informazioni di carattere generale) La Cancelleria Consolare \u00e8 chiusa [&hellip;]","protected":false},"author":4,"featured_media":0,"parent":384,"menu_order":0,"comment_status":"closed","ping_status":"closed","template":"","meta":{"footnotes":""},"class_list":["post-388","page","type-page","status-publish","hentry"],"_links":{"self":[{"href":"https:\/\/ambberna.esteri.it\/it\/wp-json\/wp\/v2\/pages\/388","targetHints":{"allow":["GET"]}}],"collection":[{"href":"https:\/\/ambberna.esteri.it\/it\/wp-json\/wp\/v2\/pages"}],"about":[{"href":"https:\/\/ambberna.esteri.it\/it\/wp-json\/wp\/v2\/types\/page"}],"author":[{"embeddable":true,"href":"https:\/\/ambberna.esteri.it\/it\/wp-json\/wp\/v2\/users\/4"}],"replies":[{"embeddable":true,"href":"https:\/\/ambberna.esteri.it\/it\/wp-json\/wp\/v2\/comments?post=388"}],"version-history":[{"count":7,"href":"https:\/\/ambberna.esteri.it\/it\/wp-json\/wp\/v2\/pages\/388\/revisions"}],"predecessor-version":[{"id":8561,"href":"https:\/\/ambberna.esteri.it\/it\/wp-json\/wp\/v2\/pages\/388\/revisions\/8561"}],"up":[{"embeddable":true,"href":"https:\/\/ambberna.esteri.it\/it\/wp-json\/wp\/v2\/pages\/384"}],"wp:attachment":[{"href":"https:\/\/ambberna.esteri.it\/it\/wp-json\/wp\/v2\/media?parent=388"}],"curies":[{"name":"wp","href":"https:\/\/api.w.org\/{rel}","templated":true}]}}