{"id":390,"date":"2023-06-16T12:15:41","date_gmt":"2023-06-16T10:15:41","guid":{"rendered":"https:\/\/ambberna.esteri.it\/?page_id=390"},"modified":"2023-06-16T12:37:10","modified_gmt":"2023-06-16T10:37:10","slug":"come-raggiungere-la-cancelleria-consolare","status":"publish","type":"page","link":"https:\/\/ambberna.esteri.it\/it\/chi-siamo\/la-sede\/la-sede-consolare\/come-raggiungere-la-cancelleria-consolare\/","title":{"rendered":"Come arrivare"},"content":{"rendered":"<p>La Cancelleria Consolare si trova in Willadingweg 23 a Berna.<\/p>\n<p>Per raggiungerla con i mezzi pubblici dalla stazione centrale di Berna (Hauptbanhof) vi sono diverse possibilit\u00e0.<\/p>\n<p>La via pi\u00f9 semplice &#8211; che minimizza il percorso a piedi &#8211; \u00e8 offerta dal bus n. <strong>19 <\/strong>da prendere in<strong> direzione Elfenau <\/strong>e fino fermata <strong>Willadingweg<\/strong> procedendo quindi per un breve tratto a piedi sino al civico <strong>23<\/strong>. Si suggerisce comunque di utilizzare lo strumento di pianificazione degli spostamenti online della citt\u00e0 di Berna <a href=\"http:\/\/www.bernmobil.ch\">www.bernmobil.ch<\/a><\/p>\n<p><img loading=\"lazy\" decoding=\"async\" class=\"alignnone wp-image-391 img-fluid\" src=\"https:\/\/ambberna.esteri.it\/wp-content\/uploads\/2023\/06\/mappacancelleriaconsolare-300x293.jpg\" alt=\"\" width=\"405\" height=\"395\" srcset=\"https:\/\/ambberna.esteri.it\/wp-content\/uploads\/2023\/06\/mappacancelleriaconsolare-300x293.jpg 300w, https:\/\/ambberna.esteri.it\/wp-content\/uploads\/2023\/06\/mappacancelleriaconsolare.jpg 703w\" sizes=\"auto, (max-width: 405px) 100vw, 405px\" \/><\/p>\n","protected":false},"excerpt":{"rendered":"La Cancelleria Consolare si trova in Willadingweg 23 a Berna. Per raggiungerla con i mezzi pubblici dalla stazione centrale di Berna (Hauptbanhof) vi sono diverse possibilit\u00e0. La via pi\u00f9 semplice &#8211; che minimizza il percorso a piedi &#8211; \u00e8 offerta dal bus n. 19 da prendere in direzione Elfenau e fino fermata Willadingweg procedendo quindi [&hellip;]","protected":false},"author":4,"featured_media":0,"parent":384,"menu_order":0,"comment_status":"closed","ping_status":"closed","template":"","meta":{"footnotes":""},"class_list":["post-390","page","type-page","status-publish","hentry"],"_links":{"self":[{"href":"https:\/\/ambberna.esteri.it\/it\/wp-json\/wp\/v2\/pages\/390","targetHints":{"allow":["GET"]}}],"collection":[{"href":"https:\/\/ambberna.esteri.it\/it\/wp-json\/wp\/v2\/pages"}],"about":[{"href":"https:\/\/ambberna.esteri.it\/it\/wp-json\/wp\/v2\/types\/page"}],"author":[{"embeddable":true,"href":"https:\/\/ambberna.esteri.it\/it\/wp-json\/wp\/v2\/users\/4"}],"replies":[{"embeddable":true,"href":"https:\/\/ambberna.esteri.it\/it\/wp-json\/wp\/v2\/comments?post=390"}],"version-history":[{"count":6,"href":"https:\/\/ambberna.esteri.it\/it\/wp-json\/wp\/v2\/pages\/390\/revisions"}],"predecessor-version":[{"id":397,"href":"https:\/\/ambberna.esteri.it\/it\/wp-json\/wp\/v2\/pages\/390\/revisions\/397"}],"up":[{"embeddable":true,"href":"https:\/\/ambberna.esteri.it\/it\/wp-json\/wp\/v2\/pages\/384"}],"wp:attachment":[{"href":"https:\/\/ambberna.esteri.it\/it\/wp-json\/wp\/v2\/media?parent=390"}],"curies":[{"name":"wp","href":"https:\/\/api.w.org\/{rel}","templated":true}]}}