{"id":41,"date":"2023-04-11T18:07:19","date_gmt":"2023-04-11T16:07:19","guid":{"rendered":"https:\/\/ambasciatapraga.esteri.it\/?page_id=41"},"modified":"2023-09-21T11:45:14","modified_gmt":"2023-09-21T09:45:14","slug":"numeri-di-emergenza","status":"publish","type":"page","link":"https:\/\/ambberna.esteri.it\/it\/chi-siamo\/numeri-di-emergenza\/","title":{"rendered":"Numeri di emergenza"},"content":{"rendered":"<p><span style=\"color: #e67e22;\">Dalla Svizzera:\u00a0 <strong>\u00a0079 670 79 31<\/strong><\/span><br \/>\n<span style=\"color: #e67e22;\">Dall&#8217;estero:\u00a0<strong> \u00a0 \u00a0 \u00a0 \u00a00041 79 670 79 31<\/strong><\/span><\/p>\n<p><strong>Il numero \u00e8 raggiungibile nei giorni feriali dalle ore 16:00 alle ore 22:00 e nei giorni festivi dalle ore 09:00 alle ore 21:00<\/strong><\/p>\n<p>Il servizio di reperibilit\u00e0 della Cancelleria Consolare dell&#8217;Ambasciata d&#8217;Italia a Berna \u00e8 riferito solo a casi di reale emergenza (legati cio\u00e8 ad eventi imprevedibili e di evidente gravit\u00e0) non rimandabili\u00a0 al normale orario di apertura degli uffici che richiedano l&#8217;intervento delle Autorit\u00e0 Consolari nei Cantoni di Berna,\u00a0Friburgo e Neuch\u00e2tel.<\/p>\n<p>&nbsp;<\/p>\n<p><strong>ATTENZIONE<\/strong>: Per i casi di emergenza in altri Cantoni si prega di contattare direttamente il numero del proprio <a href=\"https:\/\/ambberna.esteri.it\/chi-siamo\/la-rete-consolare\/\">Consolato di riferimento<\/a>.<\/p>\n<p>&nbsp;<\/p>\n<p>In caso di ASSOLUTA EMERGENZA in orari diversi da quelli di apertura degli uffici o di reperibilit\u00e0, \u00e8 possibile contattare i due seguenti numeri del Ministero degli Affari Esteri e della Cooperazione Internazionale:<\/p>\n<p>&#8211; Funzionario di turno del MAECI:\u00a00039 06 3691 2666<br \/>\n&#8211; Unit\u00e0 di Crisi della Farnesina:\u00a0 \u00a0 \u00a00039 06 36225<\/p>\n","protected":false},"excerpt":{"rendered":"Dalla Svizzera:\u00a0 \u00a0079 670 79 31 Dall&#8217;estero:\u00a0 \u00a0 \u00a0 \u00a0 \u00a00041 79 670 79 31 Il numero \u00e8 raggiungibile nei giorni feriali dalle ore 16:00 alle ore 22:00 e nei giorni festivi dalle ore 09:00 alle ore 21:00 Il servizio di reperibilit\u00e0 della Cancelleria Consolare dell&#8217;Ambasciata d&#8217;Italia a Berna \u00e8 riferito solo a casi di [&hellip;]","protected":false},"author":1,"featured_media":0,"parent":13,"menu_order":6,"comment_status":"closed","ping_status":"closed","template":"","meta":{"footnotes":""},"class_list":["post-41","page","type-page","status-publish","hentry"],"_links":{"self":[{"href":"https:\/\/ambberna.esteri.it\/it\/wp-json\/wp\/v2\/pages\/41","targetHints":{"allow":["GET"]}}],"collection":[{"href":"https:\/\/ambberna.esteri.it\/it\/wp-json\/wp\/v2\/pages"}],"about":[{"href":"https:\/\/ambberna.esteri.it\/it\/wp-json\/wp\/v2\/types\/page"}],"author":[{"embeddable":true,"href":"https:\/\/ambberna.esteri.it\/it\/wp-json\/wp\/v2\/users\/1"}],"replies":[{"embeddable":true,"href":"https:\/\/ambberna.esteri.it\/it\/wp-json\/wp\/v2\/comments?post=41"}],"version-history":[{"count":6,"href":"https:\/\/ambberna.esteri.it\/it\/wp-json\/wp\/v2\/pages\/41\/revisions"}],"predecessor-version":[{"id":1498,"href":"https:\/\/ambberna.esteri.it\/it\/wp-json\/wp\/v2\/pages\/41\/revisions\/1498"}],"up":[{"embeddable":true,"href":"https:\/\/ambberna.esteri.it\/it\/wp-json\/wp\/v2\/pages\/13"}],"wp:attachment":[{"href":"https:\/\/ambberna.esteri.it\/it\/wp-json\/wp\/v2\/media?parent=41"}],"curies":[{"name":"wp","href":"https:\/\/api.w.org\/{rel}","templated":true}]}}