{"id":418,"date":"2023-06-16T14:31:22","date_gmt":"2023-06-16T12:31:22","guid":{"rendered":"https:\/\/ambberna.esteri.it\/?page_id=418"},"modified":"2023-06-16T14:31:40","modified_gmt":"2023-06-16T12:31:40","slug":"rimpatri-rimpatri-sanitari-e-rimpatri-di-salme","status":"publish","type":"page","link":"https:\/\/ambberna.esteri.it\/it\/servizi-consolari-e-visti\/servizi-per-il-cittadino-italiano\/assistenza-ai-cittadini-allestero\/rimpatri-rimpatri-sanitari-e-rimpatri-di-salme\/","title":{"rendered":"Rimpatri, rimpatri sanitari e rimpatrio delle salme"},"content":{"rendered":"<div>\n<p class=\"boxLevel03\"><strong>RIMPATRI E RIMPATRI SANITARI<br \/>\n<\/strong>Un settore particolarmente delicato dell\u2019attivit\u00e0 di assistenza ai cittadini italiani all\u2019estero riguarda il rimpatrio dei connazionali che si trovino in Paesi stranieri in situazioni di gravi difficolt\u00e0, non superabili in loco. Gli interventi della Farnesina, in collaborazione con gli enti territorialmente competenti (Prefetture, Questure, Comuni, Unit\u00e0 Sanitarie Locali, Servizi Sociali), riguardano:<\/p>\n<ul>\n<li>connazionali emigrati, che si trovano nella necessit\u00e0 di rientrare in Italia in via definitiva per motivi economici o sanitari;<\/li>\n<li>minori in stato di abbandono;<\/li>\n<li>malati di mente (la procedura in questo caso e\u2019 assai complessa, perch\u00e8 richiede la presenza di uno o pi\u00f9 accompagnatori qualificati, nonch\u00e8 il reperimento di ospedali specializzati);<\/li>\n<li>cittadini italiani al termine della detenzione o espulsi;<\/li>\n<li>anziani soli per i quali viene richiesto il ricovero in case di riposo in Italia;<\/li>\n<li>ammalati gravi che non possono essere curati in loco per mancanza di idonee strutture.<\/li>\n<\/ul>\n<p>I rimpatri a carico dell\u2019Erario sono limitati ai casi di comprovata indigenza verificati dalla rete diplomatico-consolare; in tutti gli altri casi il rimpatrio avviene previa sottoscrizione di prestiti con promessa di restituzione all\u2019Erario.<\/p>\n<p>&nbsp;<\/p>\n<p><strong>RIMPATRIO DELLE SALME<br \/>\n<\/strong>Perdere una persona cara \u00e8 sempre motivo di grande dolore, ma se questo dovesse succedere all\u2019estero, al dolore si aggiunge la necessit\u00e0 di risolvere alcuni problemi pratici.<\/p>\n<p>Qui di seguito diamo delle indicazioni sulla soluzione di tali problemi.<\/p>\n<p>Per il rimpatrio della salma, una volta contattata una Rappresentanza italiana all\u2019estero, sar\u00e0 inoltrata una richiesta al competente Comune italiano per ottenere il \u201cnulla osta all\u2019introduzione della salma\u201d. Avuto il \u201cnulla osta\u201d dal Comune, l\u2019agenzia di pompe funebri, incaricata dai familiari del rimpatrio a proprie spese della salma, potr\u00e0 procedere.<\/p>\n<p>E\u2019 peraltro possibile rivolgersi alle Regioni ed agli enti locali per eventuali rimborsi o contributi.<\/p>\n<p>In caso di decesso di connazionali residenti all\u2019estero in stato di accertata indigenza, il Consolato o l\u2019Ambasciata contattati potranno prestare assistenza ai familiari indigenti, residenti all\u2019estero, del connazionale deceduto, mediante rimborso totale o parziale delle spese funebri sostenute in loco, regolarmente documentate.<\/p>\n<\/div>\n","protected":false},"excerpt":{"rendered":"RIMPATRI E RIMPATRI SANITARI Un settore particolarmente delicato dell\u2019attivit\u00e0 di assistenza ai cittadini italiani all\u2019estero riguarda il rimpatrio dei connazionali che si trovino in Paesi stranieri in situazioni di gravi difficolt\u00e0, non superabili in loco. Gli interventi della Farnesina, in collaborazione con gli enti territorialmente competenti (Prefetture, Questure, Comuni, Unit\u00e0 Sanitarie Locali, Servizi Sociali), riguardano: [&hellip;]","protected":false},"author":4,"featured_media":0,"parent":69,"menu_order":0,"comment_status":"closed","ping_status":"closed","template":"","meta":{"footnotes":""},"class_list":["post-418","page","type-page","status-publish","hentry"],"_links":{"self":[{"href":"https:\/\/ambberna.esteri.it\/it\/wp-json\/wp\/v2\/pages\/418","targetHints":{"allow":["GET"]}}],"collection":[{"href":"https:\/\/ambberna.esteri.it\/it\/wp-json\/wp\/v2\/pages"}],"about":[{"href":"https:\/\/ambberna.esteri.it\/it\/wp-json\/wp\/v2\/types\/page"}],"author":[{"embeddable":true,"href":"https:\/\/ambberna.esteri.it\/it\/wp-json\/wp\/v2\/users\/4"}],"replies":[{"embeddable":true,"href":"https:\/\/ambberna.esteri.it\/it\/wp-json\/wp\/v2\/comments?post=418"}],"version-history":[{"count":2,"href":"https:\/\/ambberna.esteri.it\/it\/wp-json\/wp\/v2\/pages\/418\/revisions"}],"predecessor-version":[{"id":420,"href":"https:\/\/ambberna.esteri.it\/it\/wp-json\/wp\/v2\/pages\/418\/revisions\/420"}],"up":[{"embeddable":true,"href":"https:\/\/ambberna.esteri.it\/it\/wp-json\/wp\/v2\/pages\/69"}],"wp:attachment":[{"href":"https:\/\/ambberna.esteri.it\/it\/wp-json\/wp\/v2\/media?parent=418"}],"curies":[{"name":"wp","href":"https:\/\/api.w.org\/{rel}","templated":true}]}}