{"id":462,"date":"2023-06-16T16:28:32","date_gmt":"2023-06-16T14:28:32","guid":{"rendered":"https:\/\/ambberna.esteri.it\/?page_id=462"},"modified":"2025-12-10T13:22:14","modified_gmt":"2025-12-10T11:22:14","slug":"festivita-2023","status":"publish","type":"page","link":"https:\/\/ambberna.esteri.it\/it\/chi-siamo\/la-sede\/la-sede-consolare\/orari-e-contatti\/festivita-2023\/","title":{"rendered":"Festivit\u00e0 2025"},"content":{"rendered":"<p>Calendario delle festivit\u00e0 osservate dall&#8217;Ambasciata per il\u00a0 mese di Dicembre 2024.<\/p>\n<p><strong>25 dicembre<\/strong> NATALE (mercoled\u00ec)<\/p>\n<p><strong>26 dicembre<\/strong> SANTO STEFANO (gioved\u00ec)<\/p>\n<p>&nbsp;<\/p>\n<p>Calendario delle festivit\u00e0 osservate dall\u2019Ambasciata d\u2019Italia a Berna per l\u2019anno 2025.<\/p>\n<p><strong>01 gennaio<\/strong>\u00a0CAPODANNO (mercoled\u00ec)<\/p>\n<p><strong>18 aprile<\/strong>\u00a0VENERD\u00cc SANTO<\/p>\n<p><strong>21 aprile<\/strong>\u00a0LUNED\u00cc DELL\u2019ANGELO<\/p>\n<p><strong>25 aprile<\/strong>\u00a0LIBERAZIONE DAL NAZIFASCISMO (venerd\u00ec)<\/p>\n<p><strong>01 maggio<\/strong>\u00a0FESTA DEL LAVORO (gioved\u00ec)<\/p>\n<p><strong>29 maggio<\/strong>\u00a0ASCENSIONE (gioved\u00ec)<\/p>\n<p><strong>02 giugno<\/strong>\u00a0FESTA DELLA REPUBBLICA (luned\u00ec)<\/p>\n<p><strong>01 agosto<\/strong>\u00a0FESTA NAZIONALE SVIZZERA (venerd\u00ec)<\/p>\n<p><strong>15 agosto<\/strong>\u00a0ASSUNZIONE DI MARIA (venerd\u00ec)<\/p>\n<p><strong>25 dicembre<\/strong>\u00a0NATALE (gioved\u00ec)<\/p>\n<p><strong>26 dicembre<\/strong>\u00a0SANTO STEFANO (venerd\u00ec)<\/p>\n<p>&nbsp;<\/p>\n","protected":false},"excerpt":{"rendered":"Calendario delle festivit\u00e0 osservate dall&#8217;Ambasciata per il\u00a0 mese di Dicembre 2024. 25 dicembre NATALE (mercoled\u00ec) 26 dicembre SANTO STEFANO (gioved\u00ec) &nbsp; Calendario delle festivit\u00e0 osservate dall\u2019Ambasciata d\u2019Italia a Berna per l\u2019anno 2025. 01 gennaio\u00a0CAPODANNO (mercoled\u00ec) 18 aprile\u00a0VENERD\u00cc SANTO 21 aprile\u00a0LUNED\u00cc DELL\u2019ANGELO 25 aprile\u00a0LIBERAZIONE DAL NAZIFASCISMO (venerd\u00ec) 01 maggio\u00a0FESTA DEL LAVORO (gioved\u00ec) 29 maggio\u00a0ASCENSIONE (gioved\u00ec) 02 [&hellip;]","protected":false},"author":4,"featured_media":0,"parent":388,"menu_order":1,"comment_status":"closed","ping_status":"closed","template":"","meta":{"footnotes":""},"class_list":["post-462","page","type-page","status-publish","hentry"],"_links":{"self":[{"href":"https:\/\/ambberna.esteri.it\/it\/wp-json\/wp\/v2\/pages\/462","targetHints":{"allow":["GET"]}}],"collection":[{"href":"https:\/\/ambberna.esteri.it\/it\/wp-json\/wp\/v2\/pages"}],"about":[{"href":"https:\/\/ambberna.esteri.it\/it\/wp-json\/wp\/v2\/types\/page"}],"author":[{"embeddable":true,"href":"https:\/\/ambberna.esteri.it\/it\/wp-json\/wp\/v2\/users\/4"}],"replies":[{"embeddable":true,"href":"https:\/\/ambberna.esteri.it\/it\/wp-json\/wp\/v2\/comments?post=462"}],"version-history":[{"count":7,"href":"https:\/\/ambberna.esteri.it\/it\/wp-json\/wp\/v2\/pages\/462\/revisions"}],"predecessor-version":[{"id":7331,"href":"https:\/\/ambberna.esteri.it\/it\/wp-json\/wp\/v2\/pages\/462\/revisions\/7331"}],"up":[{"embeddable":true,"href":"https:\/\/ambberna.esteri.it\/it\/wp-json\/wp\/v2\/pages\/388"}],"wp:attachment":[{"href":"https:\/\/ambberna.esteri.it\/it\/wp-json\/wp\/v2\/media?parent=462"}],"curies":[{"name":"wp","href":"https:\/\/api.w.org\/{rel}","templated":true}]}}