{"id":4648,"date":"2023-11-29T19:53:43","date_gmt":"2023-11-29T17:53:43","guid":{"rendered":"https:\/\/ambberna.esteri.it\/?page_id=4648"},"modified":"2024-01-17T21:46:39","modified_gmt":"2024-01-17T19:46:39","slug":"giornata-nazionale-dello-spazio-2023-ginevra","status":"publish","type":"page","link":"https:\/\/ambberna.esteri.it\/it\/italia-e-svizzera\/diplomazia-scientifica\/eventi\/giornata-nazionale-dello-spazio-2023-ginevra\/","title":{"rendered":"Giornata Nazionale dello Spazio 2023 &#8211; Ginevra"},"content":{"rendered":"<p><img loading=\"lazy\" decoding=\"async\" class=\"aligncenter size-large wp-image-4636 img-fluid\" src=\"https:\/\/ambberna.esteri.it\/wp-content\/uploads\/2023\/11\/Giornata-Nazionale-dello-Spazio-1024x500.png\" alt=\"Giornata Nazionale dello Spazio 2023\" width=\"640\" height=\"313\" srcset=\"https:\/\/ambberna.esteri.it\/wp-content\/uploads\/2023\/11\/Giornata-Nazionale-dello-Spazio-1024x500.png 1024w, https:\/\/ambberna.esteri.it\/wp-content\/uploads\/2023\/11\/Giornata-Nazionale-dello-Spazio-300x147.png 300w, https:\/\/ambberna.esteri.it\/wp-content\/uploads\/2023\/11\/Giornata-Nazionale-dello-Spazio-768x375.png 768w, https:\/\/ambberna.esteri.it\/wp-content\/uploads\/2023\/11\/Giornata-Nazionale-dello-Spazio.png 1920w\" sizes=\"auto, (max-width: 640px) 100vw, 640px\" \/><\/p>\n<p>&nbsp;<\/p>\n<h2 style=\"text-align: center;\">Paolo Nespoli a Ginevra<\/h2>\n<h3 style=\"text-align: center;\">Gioved\u00ec 7 dicembre 2023, ore 19<\/h3>\n<h3 style=\"text-align: center;\">SDG Solution Space <strong>Av. de S\u00e9cheron 15, 1202 <\/strong><\/h3>\n<p style=\"text-align: center;\">Registrazione: https:\/\/ypl.me\/tMZ<\/p>\n<p style=\"text-align: justify;\">Il 16 dicembre 1964 entrava in orbita il primo satellite italiano, il San Marco I. L&#8217;Italia diventava il terzo paese al mondo ad avere accesso allo spazio. A cinquantanove anni di distanza, l\u2019Italia celebra la terza Giornata Nazionale dello Spazio, per ricordare i tanti passi che gli uomini e le donne della Terra hanno mosso al di fuori del nostro pianeta.<\/p>\n<p style=\"text-align: justify;\">L\u2019Ambasciata d\u2019Italia in Svizzera, i Consolati Generali d\u2019Italia a <a href=\"http:\/\/consginevra.esteri.it\" target=\"_blank\" rel=\"noopener\">Ginevra<\/a> e <a href=\"http:\/\/conszurigo.esteri.it\" target=\"_blank\" rel=\"noopener\">Zurigo<\/a> e la Societ\u00e0 Dante Alighieri Gen\u00e8ve hanno il grande piacere di accogliere a Ginevra <strong>l\u2019astronauta Paolo Nespoli<\/strong> per una conferenza sul tema della presenza umana nello spazio e la new space economy.<\/p>\n<p style=\"text-align: justify;\">L\u2019incontro avr\u00e0 luogo <strong>gioved\u00ec 7 dicembre alle 19 (apertura porte) presso SDG Solution Space, Campus Biotech Innovation Park, Av. de S\u00e9cheron 15, 1202 Gen\u00e8ve<\/strong> con ingresso libero, previa registrazione a <a href=\"https:\/\/ypl.me\/tMZ\">https:\/\/ypl.me\/tMZ<\/a><\/p>\n<p style=\"text-align: justify;\"><img loading=\"lazy\" decoding=\"async\" class=\"size-medium wp-image-4639 img-fluid alignleft\" src=\"https:\/\/ambberna.esteri.it\/wp-content\/uploads\/2023\/11\/Paolo_A._Nespoli_2016-240x300.jpg\" alt=\"Paolo Nespoli 2016\" width=\"240\" height=\"300\" srcset=\"https:\/\/ambberna.esteri.it\/wp-content\/uploads\/2023\/11\/Paolo_A._Nespoli_2016-240x300.jpg 240w, https:\/\/ambberna.esteri.it\/wp-content\/uploads\/2023\/11\/Paolo_A._Nespoli_2016-819x1024.jpg 819w, https:\/\/ambberna.esteri.it\/wp-content\/uploads\/2023\/11\/Paolo_A._Nespoli_2016-768x960.jpg 768w, https:\/\/ambberna.esteri.it\/wp-content\/uploads\/2023\/11\/Paolo_A._Nespoli_2016.jpg 1920w\" sizes=\"auto, (max-width: 240px) 100vw, 240px\" \/><\/p>\n<p style=\"text-align: justify;\"><a href=\"https:\/\/it.wikipedia.org\/wiki\/Paolo_Nespoli\" target=\"_blank\" rel=\"noopener\">Paolo Nespoli<\/a>, astronauta italiano e ingegnere aerospaziale, ha volato per la prima volta sullo Space Shuttle Discovery nell\u2019ottobre 2007. E\u2019 tornato poi due volte sulla Stazione Spaziale Internazionale per le missioni di lunga durata MagiISStra (nel 2010) e Vita (nel 2017), raggiungendo la complessiva permanenza nello spazio di 313 giorni, 2 ore e 36 minuti. Ha ricevuto numerose onorificenze in Italia e all\u2019estero per i suoi meriti scientifici e culturali ed \u00e8 autore di libri, tra i quali l\u2019ultimo, \u2018L\u2019unico giorno giusto per arrendersi\u2019 (Mondadori 2022), un romanzo dedicato alla figura di un astronauta italiano da poco in pensione.<\/p>\n<p>Scarica il flyer dell&#8217;evento <a href=\"https:\/\/ambberna.esteri.it\/wp-content\/uploads\/2023\/11\/Conferenza-Nespoli_7dic_Geneve.pdf\" target=\"_blank\" rel=\"noopener\">qui<\/a>.<\/p>\n","protected":false},"excerpt":{"rendered":"&nbsp; Paolo Nespoli a Ginevra Gioved\u00ec 7 dicembre 2023, ore 19 SDG Solution Space Av. de S\u00e9cheron 15, 1202 Registrazione: https:\/\/ypl.me\/tMZ Il 16 dicembre 1964 entrava in orbita il primo satellite italiano, il San Marco I. L&#8217;Italia diventava il terzo paese al mondo ad avere accesso allo spazio. A cinquantanove anni di distanza, l\u2019Italia celebra [&hellip;]","protected":false},"author":8,"featured_media":0,"parent":1648,"menu_order":3,"comment_status":"closed","ping_status":"closed","template":"","meta":{"footnotes":""},"class_list":["post-4648","page","type-page","status-publish","hentry"],"_links":{"self":[{"href":"https:\/\/ambberna.esteri.it\/it\/wp-json\/wp\/v2\/pages\/4648","targetHints":{"allow":["GET"]}}],"collection":[{"href":"https:\/\/ambberna.esteri.it\/it\/wp-json\/wp\/v2\/pages"}],"about":[{"href":"https:\/\/ambberna.esteri.it\/it\/wp-json\/wp\/v2\/types\/page"}],"author":[{"embeddable":true,"href":"https:\/\/ambberna.esteri.it\/it\/wp-json\/wp\/v2\/users\/8"}],"replies":[{"embeddable":true,"href":"https:\/\/ambberna.esteri.it\/it\/wp-json\/wp\/v2\/comments?post=4648"}],"version-history":[{"count":6,"href":"https:\/\/ambberna.esteri.it\/it\/wp-json\/wp\/v2\/pages\/4648\/revisions"}],"predecessor-version":[{"id":4668,"href":"https:\/\/ambberna.esteri.it\/it\/wp-json\/wp\/v2\/pages\/4648\/revisions\/4668"}],"up":[{"embeddable":true,"href":"https:\/\/ambberna.esteri.it\/it\/wp-json\/wp\/v2\/pages\/1648"}],"wp:attachment":[{"href":"https:\/\/ambberna.esteri.it\/it\/wp-json\/wp\/v2\/media?parent=4648"}],"curies":[{"name":"wp","href":"https:\/\/api.w.org\/{rel}","templated":true}]}}