{"id":49,"date":"2023-04-11T18:13:11","date_gmt":"2023-04-11T16:13:11","guid":{"rendered":"https:\/\/ambasciatapraga.esteri.it\/?page_id=49"},"modified":"2025-11-10T12:19:08","modified_gmt":"2025-11-10T10:19:08","slug":"passaporti","status":"publish","type":"page","link":"https:\/\/ambberna.esteri.it\/it\/servizi-consolari-e-visti\/servizi-per-il-cittadino-italiano\/passaporti\/","title":{"rendered":"Passaporti"},"content":{"rendered":"<table style=\"background-color: #ffffe0;\">\n<tbody>\n<tr style=\"background-color: #bdb76b; color: #ffffff;\">\n<td width=\"189\"><strong><b>Personale presso l\u2019ufficio<\/b><\/strong><\/td>\n<td width=\"207\"><strong><b>Email<br \/>\n<\/b><\/strong><\/td>\n<td width=\"118\"><strong><b>Telefono<\/b><\/strong><\/td>\n<\/tr>\n<tr>\n<td width=\"189\">Biella Andrea<\/td>\n<td width=\"207\"><a href=\"mailto:berna.passaporti@esteri.it\">berna.passaporti@esteri.it<\/a><\/td>\n<td width=\"118\">+41 31 390 10 23<\/td>\n<\/tr>\n<tr>\n<td width=\"189\">Saulli Alessio<\/td>\n<td width=\"207\"><a href=\"mailto:berna.passaporti@esteri.it\">berna.passaporti@esteri.it<\/a><\/td>\n<td width=\"118\">+41 31 390 10 28<\/td>\n<\/tr>\n<\/tbody>\n<\/table>\n<p>&nbsp;<\/p>\n<p><strong>I. A CHI E\u2019 RIVOLTO IL SERVIZIO PASSAPORTI?<br \/>\n<\/strong><br \/>\nIl passaporto pu\u00f2 essere rilasciato solo ai cittadini italiani residenti nella Circoscrizione Consolare, gi\u00e0 registrati nell\u2019AIRE e con l\u2019indirizzo di residenza aggiornato. La Cancelleria Consolare presso l\u2019Ambasciata d\u2019Italia a Berna \u00e8 competente esclusivamente per i connazionali residenti ed iscritti nei Cantoni di Berna, Neuch\u00e2tel e Friburgo.<\/p>\n<p>Per risiedere e viaggiare nei Paesi dell\u2019unione Europea e la Svizzera \u00e8 sufficiente la carta d\u2019identit\u00e0 valida per l\u2019espatrio, rilasciata dalle Rappresentanze Consolari Italiane all\u2019estero per tutti i cittadini italiani iscritti all\u2019A.I.R.E. (vedi <a href=\"https:\/\/ambberna.esteri.it\/servizi-consolari-e-visti\/servizi-per-il-cittadino-italiano\/carta-didentita-elettronica\/\"><strong>Carte d\u2019identit\u00e0<\/strong><\/a>).<\/p>\n<p><strong><br \/>\nII. E&#8217; NECESSARIO ESSERE ISCRITTI ALL&#8217;AIRE PER OTTENERE IL PASSAPORTO?<br \/>\n<\/strong><br \/>\nSI! <strong>ATTENZIONE!!<\/strong> Si ricorda che il rilascio del passaporto dipende dall\u2019essersi <strong>gi\u00e0 registrato all&#8217;AIRE<\/strong> (Anagrafe degli Italiani Residenti all&#8217;Estero) e dal <strong>corretto aggiornamento della propria residenza<\/strong>. Chi non \u00e8 registrato nell\u2019AIRE, o chi deve aggiornare il proprio indirizzo, dovr\u00e0 prima regolarizzare la propria iscrizione anagrafica tramite il portale <a href=\"https:\/\/serviziconsolari.esteri.it\/ScoFE\/index.sco\">Fast It<\/a>.\u00a0Per maggiori informazioni: <a href=\"https:\/\/ambberna.esteri.it\/chi-siamo\/la-sede\/la-sede-consolare\/informazioni-e-servizi\/\">https:\/\/ambberna.esteri.it\/chi-siamo\/la-sede\/la-sede-consolare\/informazioni-e-servizi\/<\/a><\/p>\n<p><strong><br \/>\nIII. COME SI RICHIEDE IL PASSAPORTO?<br \/>\n<\/strong><br \/>\nPer richiedere il passaporto bisogna prendere appuntamento online dal nostro sito ufficiale tramite il servizio <a href=\"https:\/\/prenotami.esteri.it\/\"><strong>PRENOT@MI<\/strong><\/a> (servizio GRATUITO): <a href=\"https:\/\/prenotami.esteri.it\/\">https:\/\/prenotami.esteri.it\/<\/a><\/p>\n<p><a href=\"https:\/\/ambberna.esteri.it\/wp-content\/uploads\/2023\/06\/guida_al_prenotmi.pdf\">Qui<\/a>\u00a0potete trovare tutte le informazioni sul <a href=\"https:\/\/prenotami.esteri.it\/\"><strong>PRENOT@MI<\/strong><\/a> e apprendere quanto necessario a riservare un appuntamento online<\/p>\n<p>Una volta creato il suo profilo personale si pu\u00f2 richiedere un appuntamento scegliendo tra le date e gli orari disponibili.<\/p>\n<p>Selezionare \u201cPrenotazione singola\u201d se il numero di passaporti richiesti \u00e8 1; selezionare \u201cPrenotazione multipla\u201d se il numero di passaporti richiesti \u00e8 pi\u00f9 di 1.<\/p>\n<p>Si possono richiedere al massimo 3 appuntamenti con un profilo.<\/p>\n<p>Se l\u2019appuntamento \u00e8 per un altro familiare, scegliere \u201cprenotazione singola\u201d ed indicare nelle note (in fondo al formulario nel campo in bianco) nome, cognome e data di nascita del richiedente.<\/p>\n<p>Se l\u2019appuntamento \u00e8 per pi\u00f9 persone, scegliere \u201cprenotazione multipla\u201d e selezionare il numero degli appuntamenti necessari indicando per ognuno nome, cognome, data di nascita ed indirizzo degli interessati.<\/p>\n<p><strong>ATTENZIONE<\/strong>: se il richiedente fosse una persona con problemi di mobilit\u00e0 o difficolt\u00e0 ad accedere a locali muniti di scalini, prego contattare direttamente via mail l\u2019ufficio passaporti per concordare un appuntamento: <a href=\"mailto:berna.passaporti@esteri.it\">berna.passaporti@esteri.it<\/a>. L\u2019ufficio far\u00e0 il possibile per facilitare la procedura.<\/p>\n<p><a href=\"https:\/\/ambberna.esteri.it\/wp-content\/uploads\/2024\/10\/Canali-ad-hoc-categorie-protette-passaporti.pdf\"><span style=\"text-decoration: underline;\"><strong>Canali ad hoc categorie protette<\/strong><\/span><\/a><\/p>\n<p><strong><br \/>\nIV. QUALI DOCUMENTI SERVONO PER OTTENERE IL PASSAPORTO?<\/strong><\/p>\n<p>Il giorno dell\u2019appuntamento (presso la <strong>Cancelleria Consolare in Willadingweg 23, 3006 Bern<\/strong>) \u00e8 necessaria la seguente documentazione:<\/p>\n<ol>\n<li><strong>Passaporto in possesso o, se mancante, Carta d\u2019identit\u00e0<\/strong> (in caso di furto o smarrimento \u00e8 necessaria la denuncia presentata alla Polizia, la quale deve tassativamente indicare gli estremi del documento smarrito o rubato). Se fosse un doppio cittadino italo-svizzero sprovvisto di documenti italiani di riconoscimento, sar\u00e0 possibile esibire il documento di riconoscimento del proprio Paese di origine.<\/li>\n<li><strong><span lang=\"IT-CH\">Per chi \u00e8 solamente cittadino italiano:\u00a0<\/span><\/strong><span lang=\"IT-CH\">permesso di soggiorno svizzero in corso di validit\u00e0\u00a0<\/span>(se scaduto e\/o in corso di rinnovo allegare certificato di residenza<span lang=\"IT-CH\">, valido sei mesi dalla data di emissione<\/span>)<span lang=\"IT-CH\">.<strong>\u00a0Per i doppi cittadini:\u00a0<\/strong>certificato di residenza del comune svizzero (\u201cWohnsitzbescheinigung\u201d o \u201cAttestation de domicile\u201d), valido sei mesi dalla data di emissione;<\/span><\/li>\n<\/ol>\n<p><strong>Le foto<\/strong> <strong>non saranno pi\u00f9 necessarie<\/strong> (con l\u2019eccezione dei minori di anni 12) in quanto acquisite direttamente allo sportello da un apposito dispositivo.<\/p>\n<p><strong><br \/>\nV. I MINORI POSSONO OTTENERE IL PASSAPORTO?<br \/>\n<\/strong><br \/>\nSI, anzi devono: dal 26 giugno 2012 tutti i minori italiani che viaggiano dovranno essere muniti di documento di viaggio individuale.<\/p>\n<p>Il minore deve essere gi\u00e0 iscritto all\u2019AIRE (come gli adulti), dovr\u00e0 essere presente al momento della richiesta e servono questi documenti:<\/p>\n<ol>\n<li>Un documento di identit\u00e0 (come da punto 1 per gli adulti)<\/li>\n<li>Permesso di soggiorno (come da punto 2 per gli adulti)<\/li>\n<li><strong><span style=\"color: #ff0000;\">Assenso di entrambi i genitori<\/span><\/strong> <span style=\"text-decoration: underline;\">a favore del minore<\/span> firmando il seguente <a href=\"https:\/\/ambberna.esteri.it\/wp-content\/uploads\/2024\/04\/Dichiarazione_di_assenso_a_favore_di_richiedente_minorenne.pdf\">atto di assenso<\/a><br \/>\na) se l\u2019altro genitore \u00e8 cittadino italiano o di un paese dell\u2019 Unione Europea, potr\u00e0 produrre il prescritto formulario allegando una copia del proprio documento d\u2019identit\u00e0 senza venire necessariamente in Ambasciata;<br \/>\nb) se invece il genitore \u00e8 svizzero o comunque cittadino extracomunitario, potr\u00e0 compilare il predetto formulario e sar\u00e0 necessario autenticare la firma: recandosi personalmente presso questa Cancelleria consolare il giorno dell\u2019appuntamento oppure portando l\u2019autentica della firma da parte di un funzionario comunale del proprio Comune svizzero di residenza o da notaio o presso la locale stazione di polizia.<\/li>\n<li><strong>Foto SOLO per i minori di anni 12<\/strong>: n. 1 foto a colori recente secondo le norme ICAO sfondo bianco, senza occhiali, viso scoperto e senza capelli che coprano il viso, bocca chiusa (dimensione cm 4 x 3,5 cm), mentre per i neonati si raccomanda di rivolgersi a un fotografo professionale.<\/li>\n<\/ol>\n<p>Se il minore facesse un viaggio con un\u2019altra persona servir\u00e0 questa <a href=\"https:\/\/ambberna.esteri.it\/servizi-consolari-e-visti\/servizi-per-il-cittadino-italiano\/dichiarazione-di-accompagnamento\/\">Dichiarazione di accompagnamento per minori di anni 14<\/a><\/p>\n<p><strong><br \/>\nVI. Quali sono le operazioni che saranno effettuate il giorno dell\u2019appuntamento?<\/strong><\/p>\n<p>L\u2019operatore consolare acquisisce la documentazione indicata, effettua il riconoscimento e acquisisce tramite macchinario la foto, le impronte digitali e la firma.<\/p>\n<p>I minori di anni 12 sono esenti dalla firma e dal rilascio delle impronte digitali.<\/p>\n<p>In ogni caso i minori di et\u00e0 inferiore ai 12 anni devono essere presenti e devono essere sempre accompagnati da uno dei genitori o comunque dal titolare della responsabilit\u00e0 genitoriale<\/p>\n<p><strong><br \/>\nVII. QUALI SONO I COSTI?<\/strong><\/p>\n<p>Il costo del passaporto \u00e8 circa 113.90 CHF, anche se il costo effettivo dipende dai cambi trimestrali del tasso di cambio. Il passaporto \u00e8 pagabile tramite carta (circuiti Maestro, Postfinance o Vpay) e, SOLO IN MANCANZA DI CARTA, potr\u00e0 essere pagato in contanti 113.40 CHF. Il passaporto viene stampato e consegnato nel corso del medesimo appuntamento, salvo casi particolari.<\/p>\n<p><strong><br \/>\nVIII. QUANTO TEMPO VALE UN PASSAPORTO?<\/strong><\/p>\n<p>&#8211; 10 anni per gli adulti e non potranno essere rinnovati alla scadenza;<br \/>\n&#8211; 5 anni per i minori da 3 ai 18 anni<br \/>\n&#8211; 3 anni per i minori da 0 a 3 anni<\/p>\n<p><strong><br \/>\nIX. COSA DEVO FARE SE HO PERSO O SMARRITO IL MIO PASSAPORTO?<\/strong><\/p>\n<p>In caso di furto o smarrimento distinguiamo 2 differenti situazioni:<\/p>\n<p>&#8211;&gt;Situazione 1: Furto o smarrimento del passaporto <strong>per residenti all\u2019estero.<\/strong><br \/>\nE&#8217; necessario che il cittadino si presenti all\u2019Ufficio Passaporti della Cancelleria Consolare con la seguente documentazione:<\/p>\n<ul>\n<li>denuncia di furto o smarrimento del passaporto effettuato presso la locale competente Autorit\u00e0 di Polizia;<\/li>\n<li>documento di riconoscimento valido con fotografia;<\/li>\n<li>permesso di soggiorno o un giustificativo dell\u2019effettivo domicilio nella Circoscrizione (libretto stranieri B o C &#8220;Wohnsitzbescheinigung&#8221; \/ &#8220;Attestation d&#8217;\u00e9tablissement&#8221;).<\/li>\n<\/ul>\n<p>&#8211;&gt;Situazione 2: Furto o smarrimento del passaporto<strong> per i residenti in Italia<br \/>\n<\/strong><br \/>\nQualora un cittadino italiano smarrisce il proprio passaporto o viene derubato (ad esempio un turista in transito che deve partire tempestivamente), la Cancelleria Consolare rilascia un documento chiamato &#8220;ETD (Emergency Travel Document)&#8221; con validit\u00e0 per il solo viaggio di rientro in Italia o presso altro residenza all&#8217;estero. Per ottenerlo, bisogna presentarsi con la seguente documentazione:<\/p>\n<ul>\n<li>denuncia di furto o smarrimento del passaporto effettuato presso la locale competente Autorit\u00e0 di Polizia;<\/li>\n<li>2 fotografie (uguali, frontali, a colori);<\/li>\n<li>biglietto aereo\/ferroviario per il ritorno in Italia;<\/li>\n<li>eventuali copie del documento smarrito\/rubato;<\/li>\n<li>laddove possibile, documenti comprovanti la propria identit\u00e0.<\/li>\n<\/ul>\n<p><strong><br \/>\nATTENZIONE:<\/strong> prima di intraprendere un viaggio, si consiglia di consultare il sito <a href=\"http:\/\/www.viaggiaresicuri.it\/\"><strong>Viaggiare Sicuri<\/strong><\/a> dove sar\u00e0 possibile consultare, per ogni singolo Stato di destinazione, le informazioni aggiornate sul\/i documento\/i di viaggio richiesto\/i per l&#8217;ingresso nel Paese e su eventuali restrizioni e\/o requisiti specifici.<\/p>\n","protected":false},"excerpt":{"rendered":"Personale presso l\u2019ufficio Email Telefono Biella Andrea berna.passaporti@esteri.it +41 31 390 10 23 Saulli Alessio berna.passaporti@esteri.it +41 31 390 10 28 &nbsp; I. A CHI E\u2019 RIVOLTO IL SERVIZIO PASSAPORTI? Il passaporto pu\u00f2 essere rilasciato solo ai cittadini italiani residenti nella Circoscrizione Consolare, gi\u00e0 registrati nell\u2019AIRE e con l\u2019indirizzo di residenza aggiornato. La Cancelleria Consolare [&hellip;]","protected":false},"author":1,"featured_media":0,"parent":47,"menu_order":8,"comment_status":"closed","ping_status":"closed","template":"","meta":{"footnotes":""},"class_list":["post-49","page","type-page","status-publish","hentry"],"_links":{"self":[{"href":"https:\/\/ambberna.esteri.it\/it\/wp-json\/wp\/v2\/pages\/49","targetHints":{"allow":["GET"]}}],"collection":[{"href":"https:\/\/ambberna.esteri.it\/it\/wp-json\/wp\/v2\/pages"}],"about":[{"href":"https:\/\/ambberna.esteri.it\/it\/wp-json\/wp\/v2\/types\/page"}],"author":[{"embeddable":true,"href":"https:\/\/ambberna.esteri.it\/it\/wp-json\/wp\/v2\/users\/1"}],"replies":[{"embeddable":true,"href":"https:\/\/ambberna.esteri.it\/it\/wp-json\/wp\/v2\/comments?post=49"}],"version-history":[{"count":6,"href":"https:\/\/ambberna.esteri.it\/it\/wp-json\/wp\/v2\/pages\/49\/revisions"}],"predecessor-version":[{"id":8350,"href":"https:\/\/ambberna.esteri.it\/it\/wp-json\/wp\/v2\/pages\/49\/revisions\/8350"}],"up":[{"embeddable":true,"href":"https:\/\/ambberna.esteri.it\/it\/wp-json\/wp\/v2\/pages\/47"}],"wp:attachment":[{"href":"https:\/\/ambberna.esteri.it\/it\/wp-json\/wp\/v2\/media?parent=49"}],"curies":[{"name":"wp","href":"https:\/\/api.w.org\/{rel}","templated":true}]}}