{"id":515,"date":"2023-06-19T13:16:16","date_gmt":"2023-06-19T11:16:16","guid":{"rendered":"https:\/\/ambberna.esteri.it\/?page_id=515"},"modified":"2023-09-12T15:13:22","modified_gmt":"2023-09-12T13:13:22","slug":"dichiarazioni-di-valore","status":"publish","type":"page","link":"https:\/\/ambberna.esteri.it\/it\/servizi-consolari-e-visti\/servizi-per-il-cittadino-italiano\/istruzione\/dichiarazioni-di-valore\/","title":{"rendered":"Dichiarazioni di valore"},"content":{"rendered":"<p><strong>DOCUMENTAZIONE NECESSARIA PER OTTENERE LA \u201cDICHIARAZIONE DI VALORE IN LOCO\u201d<\/strong><\/p>\n<p>Documentazione necessaria per ottenere la \u201cdichiarazione di valore in loco\u201d di Diplomi di laurea, maturit\u00e0, certificati di capacit\u00e0 ed altri titoli rilasciati da Istituti scolastici e Universit\u00e0 del Cantone di Berna, Neuch\u00e2tel, Friburgo:<\/p>\n<ol>\n<li>istanza dell\u2019interessato, corredata di curriculum studiorum, con l\u2019indicazione del motivo per cui si richiede la Dichiarazione di valore;\u00a0<a href=\"https:\/\/ambberna.esteri.it\/wp-content\/uploads\/2023\/06\/modulo_richiesta_dichiarazione_valore.pdf\">clicca qui per l\u2019istanza<\/a><\/li>\n<li>titolo di studio svizzero originale sul quale deve venire apposta la APOSTILLE da parte della Cancelleria di Stato del Cantone in cui \u00e8 stato conseguito il titolo.<br \/>\nPer informazioni:<br \/>\n<strong>BERNA<\/strong>:\u00a0<a href=\"https:\/\/www.sta.be.ch\/de\/start\/dienstleistungen\/dokumente-beglaubigen.html\">https:\/\/www.sta.be.ch\/de\/start\/dienstleistungen\/dokumente-beglaubigen.html<\/a><br \/>\n<strong>NEUCH\u00c2TEL<\/strong>: <a href=\"http:\/\/www.ne.ch\/autorites\/CHAN\/Pages\/accueil.aspx\">http:\/\/www.ne.ch\/autorites\/CHAN\/Pages\/accueil.aspx<\/a><br \/>\n<strong>FRIBURGO<\/strong>: <a href=\"http:\/\/www.fr.ch\/cha\/fr\/pub\/index.cfm\">http:\/\/www.fr.ch\/cha\/fr\/pub\/index.cfm<\/a><br \/>\n<strong>per titoli rilasciati da istituti federali, sul sito della Cancelleria Federale<\/strong>:\u00a0<a href=\"https:\/\/www.bk.admin.ch\/bk\/it\/home\/service\/legalizzazioni.html\">https:\/\/www.bk.admin.ch\/bk\/it\/home\/service\/legalizzazioni.html<\/a><\/li>\n<li>far tradurre l&#8217;intera documentazione in lingua italiana da un traduttore (ove servisse, questa Cancelleria Consolare dispone di una <a href=\"https:\/\/ambberna.esteri.it\/chi-siamo\/la-rete-consolare\/traduttori-di-riferimento\/\">lista di traduttori<\/a> a cui ci si pu\u00f2 rivolgere).<br \/>\nAttenzione: il traduttore deve dichiarare che la traduzione \u00e8 conforme all&#8217;originale, datarla, firmarla, farla legalizzare e di seguito far apporre dalla competente Cancelleria di Stato l\u2019\u201dApostille\u201d sulla traduzione, possibilmente in lingua italiana<\/li>\n<li>fotocopia di un documento di identit\u00e0 da cui si evincano in modo leggibile data e luogo di nascita.<\/li>\n<\/ol>\n<p>&nbsp;<\/p>\n<p>La dichiarazione rilasciata per motivi di studio \u00e8 gratuita (art. 66 lett. D.Lgs 71\/2011);\u00a0per gli altri casi \u00e8 prevista una percezione consolare dell\u2019importo di circa CHF 50,00 da\u00a0corrispondere in contanti al ritiro della dichiarazione stessa.\u00a0In caso di richiesta di restituzione della dichiarazione tramite posta \u00e8 necessario accludere\u00a0una busta preaffrancata e precompilata.\u00a0I documenti devono essere presentati in originale, ma possono essere anticipati via email\u00a0(<a href=\"mailto:berna.consolare@esteri.it\">berna.consolare@esteri.it<\/a>).\u00a0Gli originali verranno restituiti con la dichiarazione di valore.<\/p>\n","protected":false},"excerpt":{"rendered":"DOCUMENTAZIONE NECESSARIA PER OTTENERE LA \u201cDICHIARAZIONE DI VALORE IN LOCO\u201d Documentazione necessaria per ottenere la \u201cdichiarazione di valore in loco\u201d di Diplomi di laurea, maturit\u00e0, certificati di capacit\u00e0 ed altri titoli rilasciati da Istituti scolastici e Universit\u00e0 del Cantone di Berna, Neuch\u00e2tel, Friburgo: istanza dell\u2019interessato, corredata di curriculum studiorum, con l\u2019indicazione del motivo per cui [&hellip;]","protected":false},"author":4,"featured_media":0,"parent":511,"menu_order":0,"comment_status":"closed","ping_status":"closed","template":"","meta":{"footnotes":""},"class_list":["post-515","page","type-page","status-publish","hentry"],"_links":{"self":[{"href":"https:\/\/ambberna.esteri.it\/it\/wp-json\/wp\/v2\/pages\/515","targetHints":{"allow":["GET"]}}],"collection":[{"href":"https:\/\/ambberna.esteri.it\/it\/wp-json\/wp\/v2\/pages"}],"about":[{"href":"https:\/\/ambberna.esteri.it\/it\/wp-json\/wp\/v2\/types\/page"}],"author":[{"embeddable":true,"href":"https:\/\/ambberna.esteri.it\/it\/wp-json\/wp\/v2\/users\/4"}],"replies":[{"embeddable":true,"href":"https:\/\/ambberna.esteri.it\/it\/wp-json\/wp\/v2\/comments?post=515"}],"version-history":[{"count":2,"href":"https:\/\/ambberna.esteri.it\/it\/wp-json\/wp\/v2\/pages\/515\/revisions"}],"predecessor-version":[{"id":827,"href":"https:\/\/ambberna.esteri.it\/it\/wp-json\/wp\/v2\/pages\/515\/revisions\/827"}],"up":[{"embeddable":true,"href":"https:\/\/ambberna.esteri.it\/it\/wp-json\/wp\/v2\/pages\/511"}],"wp:attachment":[{"href":"https:\/\/ambberna.esteri.it\/it\/wp-json\/wp\/v2\/media?parent=515"}],"curies":[{"name":"wp","href":"https:\/\/api.w.org\/{rel}","templated":true}]}}