{"id":643,"date":"2023-06-26T09:26:23","date_gmt":"2023-06-26T07:26:23","guid":{"rendered":"https:\/\/ambberna.esteri.it\/?page_id=643"},"modified":"2023-09-13T16:21:10","modified_gmt":"2023-09-13T14:21:10","slug":"cooperazione-militare","status":"publish","type":"page","link":"https:\/\/ambberna.esteri.it\/it\/italia-e-svizzera\/cooperazione-politica\/cooperazione-militare\/","title":{"rendered":"Cooperazione militare"},"content":{"rendered":"<p><span style=\"text-decoration: underline;\"><strong>Ufficio dell&#8217;Addetto per la Difesa, l&#8217;Esercito e l&#8217;Aeronautica<\/strong><\/span><\/p>\n<p>In Svizzera\u00a0\u00e8 accreditato un &#8220;Addetto per la Difesa&#8221; che risiede a <a href=\"https:\/\/ambparigi.esteri.it\/it\/chi-siamo\/gli-uffici\/\">Parigi<\/a>, dipende dallo\u00a0Stato Maggiore della Difesa (SMD)\u00a0e rappresenta il Ministro della Difesa Italiano, lo Stato Maggiore della Difesa e due Forze Armate: Esercito e Aeronautica.<br \/>\nL&#8217;Addetto per la Difesa\u00a0ha\u00a0lo &#8220;status&#8221; diplomatico previsto dalla Convenzione di Vienna del 2 marzo 1961.<\/p>\n<p><strong>Funzioni<\/strong><br \/>\nL&#8217;attivit\u00e0 dell&#8217;Addetto Militare tende a curare gli interessi italiani in Svizzera nel campo della Difesa:<\/p>\n<ul>\n<li>seguendo la politica militare e la situazione generale del Paese per i risvolti di interesse della Difesa;<\/li>\n<li>\n<div align=\"justify\">svolgendo attivit\u00e0 di coordinamento con le Autorit\u00e0 Militari svizzere fornendo assistenza alle Delegazioni nazionali e\/o Unit\u00e0 delle Forze\u00a0Armate italiane nel caso di visite, incontri, esercitazioni ecc.;<\/div>\n<\/li>\n<li>\n<div align=\"justify\">agevolando lo sviluppo dei rapporti bilaterali e degli scambi conoscitivi con gli Addetti per la Difesa di altre Nazioni accreditati in Svizzera;<\/div>\n<\/li>\n<li>\n<div align=\"justify\">costituendo punto di contatto per qualsiasi esigenza veda interessati, o si supponga debba coinvolgere: Enti, Comandi od Unit\u00e0 dipendenti dal Ministero della Difesa o le analoghe strutture svizzere, nonch\u00e9 agevolando l&#8217;attivit\u00e0 promozionale svolta da Societ\u00e0 dell&#8217;industria\u00a0nazionale degli armamenti.<\/div>\n<\/li>\n<\/ul>\n<p align=\"justify\"><em>\u00a0<\/em><\/p>\n<p align=\"justify\"><span style=\"text-decoration: underline;\"><strong>Accordi bilaterali nell&#8217;ambito della cooperazione militare<\/strong><\/span><\/p>\n<p align=\"justify\"><strong>Memorandum d&#8217;Intesa (MOU) tra il Governo della Repubblica Italiana e il Consiglio Federale Svizzero relativo alla cooperazione per i materiali della Difesa.<br \/>\n<\/strong>Firmato a Bruxelles il 6 novembre 2003 (Per l&#8217;Italia, l&#8217;Ammiraglio Giampaolo DI\u00a0PAOLA, Direttore Nazionale degli Armamenti &#8211; Per la Svizzera, l&#8217;Ing. Alfred MARKWALDER, Capo di ARMASUISSE).<br \/>\nLa Svizzera ha notificato l&#8217;avvenuto espletamento delle procedure interne per l&#8217;entrata in vigore del MOU in data 2 aprile 2004.\u00a0L\u2019Italia ha notificato, a sua volta, in data 4 marzo 2008, l\u2019avvenuto espletamento delle procedure di ratifica e, quindi, l\u2019entrata in vigore nella medesima data.<\/p>\n<p align=\"justify\"><strong>Accordo tra il Governo della Repubblica Italiana e il Consiglio Federale della Confederazione Svizzera sulla effettuazione di attivit\u00e0 congiunte di addestramento e formazione militare delle rispettive Forze Armate.<br \/>\n<\/strong>Firmato a Berna il 24 maggio 2004 dall&#8217;On. Ministro della Difesa Antonio MARTINO e dal Consigliere Federale e Capo del Dipartimento Federale della Difesa Samuel SCHMID.<br \/>\nLa Svizzera ha notificato l&#8217;avvenuto completamento della procedura di ratifica dell&#8217;Accordo in data 25 agosto 2004. L\u2019Italia ha notificato l\u2019avvenuto completamento della procedura di ratifica dell\u2019accordo con Legge 6 marzo 2006 n. 120 pubblicato sulla Gazzetta Ufficiale il 27 marzo 2006.<\/p>\n<p align=\"justify\"><strong>Accordo di Sicurezza tra il Governo della Repubblica Italiana ed il Consiglio Federale Svizzero per la reciproca tutela delle informazioni classificate.<br \/>\n<\/strong>L\u2019accordo \u00e8 entrato in vigore il 1 dicembre 2006.<\/p>\n<p align=\"justify\"><strong>Accordo tra la Confederazione Elvetica e l\u2019Italia sulla cooperazione in materia di sicurezza aerea contro le minacce aeree non militari.<\/strong><br \/>\nL\u2019accordo \u00e8 stato ratificato dai due Paesi rispettivamente in data 31 agosto 2005 e in data 8 febbraio 2006.<\/p>\n<p align=\"justify\"><span style=\"text-decoration: underline;\"><strong>Siti web di interesse<\/strong><\/span><\/p>\n<p align=\"justify\"><a href=\"http:\/\/www.difesa.it\/\"><strong>Difesa<\/strong><\/a><br \/>\n<a href=\"http:\/\/www.esercito.difesa.it\/\"><strong>Esercito<\/strong><\/a><br \/>\n<a href=\"http:\/\/www.aeronautica.difesa.it\/\"><strong>Aeronautica<\/strong><\/a><\/p>\n","protected":false},"excerpt":{"rendered":"Ufficio dell&#8217;Addetto per la Difesa, l&#8217;Esercito e l&#8217;Aeronautica In Svizzera\u00a0\u00e8 accreditato un &#8220;Addetto per la Difesa&#8221; che risiede a Parigi, dipende dallo\u00a0Stato Maggiore della Difesa (SMD)\u00a0e rappresenta il Ministro della Difesa Italiano, lo Stato Maggiore della Difesa e due Forze Armate: Esercito e Aeronautica. L&#8217;Addetto per la Difesa\u00a0ha\u00a0lo &#8220;status&#8221; diplomatico previsto dalla Convenzione di Vienna [&hellip;]","protected":false},"author":4,"featured_media":0,"parent":332,"menu_order":6,"comment_status":"closed","ping_status":"closed","template":"","meta":{"footnotes":""},"class_list":["post-643","page","type-page","status-publish","hentry"],"_links":{"self":[{"href":"https:\/\/ambberna.esteri.it\/it\/wp-json\/wp\/v2\/pages\/643","targetHints":{"allow":["GET"]}}],"collection":[{"href":"https:\/\/ambberna.esteri.it\/it\/wp-json\/wp\/v2\/pages"}],"about":[{"href":"https:\/\/ambberna.esteri.it\/it\/wp-json\/wp\/v2\/types\/page"}],"author":[{"embeddable":true,"href":"https:\/\/ambberna.esteri.it\/it\/wp-json\/wp\/v2\/users\/4"}],"replies":[{"embeddable":true,"href":"https:\/\/ambberna.esteri.it\/it\/wp-json\/wp\/v2\/comments?post=643"}],"version-history":[{"count":3,"href":"https:\/\/ambberna.esteri.it\/it\/wp-json\/wp\/v2\/pages\/643\/revisions"}],"predecessor-version":[{"id":823,"href":"https:\/\/ambberna.esteri.it\/it\/wp-json\/wp\/v2\/pages\/643\/revisions\/823"}],"up":[{"embeddable":true,"href":"https:\/\/ambberna.esteri.it\/it\/wp-json\/wp\/v2\/pages\/332"}],"wp:attachment":[{"href":"https:\/\/ambberna.esteri.it\/it\/wp-json\/wp\/v2\/media?parent=643"}],"curies":[{"name":"wp","href":"https:\/\/api.w.org\/{rel}","templated":true}]}}