{"id":657,"date":"2023-06-27T15:47:54","date_gmt":"2023-06-27T13:47:54","guid":{"rendered":"https:\/\/ambberna.esteri.it\/?page_id=657"},"modified":"2025-05-13T13:16:43","modified_gmt":"2025-05-13T11:16:43","slug":"adozioni","status":"publish","type":"page","link":"https:\/\/ambberna.esteri.it\/it\/servizi-consolari-e-visti\/servizi-per-il-cittadino-italiano\/adozioni\/","title":{"rendered":"Adozioni"},"content":{"rendered":"<p>&nbsp;<\/p>\n<table style=\"background-color: #ffffe0; height: 103px;\" width=\"953\">\n<tbody>\n<tr style=\"background-color: #bdb76b; color: #ffffff;\">\n<td width=\"189\"><strong><b>Personale presso l\u2019ufficio<\/b><\/strong><\/td>\n<td width=\"207\"><strong><b>Email<br \/>\n<\/b><\/strong><\/td>\n<td width=\"118\"><strong><b>Telefono<\/b><\/strong><\/td>\n<\/tr>\n<tr>\n<td width=\"189\">Marco Dutler<\/td>\n<td width=\"207\"><\/td>\n<td width=\"118\">+41 31 390 10 22<\/td>\n<\/tr>\n<tr>\n<td width=\"189\">Chiara Tedeschi<\/td>\n<td width=\"207\"><\/td>\n<td width=\"118\">+41 31 390 10 21<\/td>\n<\/tr>\n<\/tbody>\n<\/table>\n<p>&nbsp;<\/p>\n<p>L&#8217;adozione internazionale \u00e8 l&#8217;adozione di un minore di cittadinanza non italiana, dichiarato adottabile dalle autorit\u00e0 del suo Paese.<br \/>\nPerch\u00e9 una simile adozione possa essere efficace in Italia \u00e8 necessario seguire delle procedure particolari, stabilite dalle leggi italiane ed internazionali. Diversamente l&#8217;adozione straniera non sar\u00e0 ritenuta valida ed il minore non potr\u00e0 nemmeno entrare nel nostro Paese. Per di pi\u00f9, in certi casi, l&#8217;inosservanza delle leggi sull&#8217;adozione costituisce un reato.<br \/>\nPer informazioni consultate la <a href=\"https:\/\/www.esteri.it\/it\/servizi-consolari-e-visti\/italiani-all-estero\/adozioni-internazionali\/\">pagina<\/a> dedicata del Ministero degli Affari Esteri e della Cooperazione Internazionale.<\/p>\n","protected":false},"excerpt":{"rendered":"&nbsp; Personale presso l\u2019ufficio Email Telefono Marco Dutler +41 31 390 10 22 Chiara Tedeschi +41 31 390 10 21 &nbsp; L&#8217;adozione internazionale \u00e8 l&#8217;adozione di un minore di cittadinanza non italiana, dichiarato adottabile dalle autorit\u00e0 del suo Paese. Perch\u00e9 una simile adozione possa essere efficace in Italia \u00e8 necessario seguire delle procedure particolari, stabilite [&hellip;]","protected":false},"author":4,"featured_media":0,"parent":47,"menu_order":0,"comment_status":"closed","ping_status":"closed","template":"","meta":{"footnotes":""},"class_list":["post-657","page","type-page","status-publish","hentry"],"_links":{"self":[{"href":"https:\/\/ambberna.esteri.it\/it\/wp-json\/wp\/v2\/pages\/657","targetHints":{"allow":["GET"]}}],"collection":[{"href":"https:\/\/ambberna.esteri.it\/it\/wp-json\/wp\/v2\/pages"}],"about":[{"href":"https:\/\/ambberna.esteri.it\/it\/wp-json\/wp\/v2\/types\/page"}],"author":[{"embeddable":true,"href":"https:\/\/ambberna.esteri.it\/it\/wp-json\/wp\/v2\/users\/4"}],"replies":[{"embeddable":true,"href":"https:\/\/ambberna.esteri.it\/it\/wp-json\/wp\/v2\/comments?post=657"}],"version-history":[{"count":6,"href":"https:\/\/ambberna.esteri.it\/it\/wp-json\/wp\/v2\/pages\/657\/revisions"}],"predecessor-version":[{"id":7875,"href":"https:\/\/ambberna.esteri.it\/it\/wp-json\/wp\/v2\/pages\/657\/revisions\/7875"}],"up":[{"embeddable":true,"href":"https:\/\/ambberna.esteri.it\/it\/wp-json\/wp\/v2\/pages\/47"}],"wp:attachment":[{"href":"https:\/\/ambberna.esteri.it\/it\/wp-json\/wp\/v2\/media?parent=657"}],"curies":[{"name":"wp","href":"https:\/\/api.w.org\/{rel}","templated":true}]}}