{"id":663,"date":"2023-06-27T16:05:48","date_gmt":"2023-06-27T14:05:48","guid":{"rendered":"https:\/\/ambberna.esteri.it\/?page_id=663"},"modified":"2023-09-07T14:00:11","modified_gmt":"2023-09-07T12:00:11","slug":"spid-per-residenti-allestero","status":"publish","type":"page","link":"https:\/\/ambberna.esteri.it\/it\/servizi-consolari-e-visti\/servizi-per-il-cittadino-italiano\/spid-per-residenti-allestero\/","title":{"rendered":"SPID per residenti all&#8217;estero"},"content":{"rendered":"<div>\n<p>Attualmente il <strong>Sistema Pubblico di Identit\u00e0 Digitale (SPID)<\/strong> costituisce il principale strumento di identificazione online per il cittadino e per le imprese nei rapporti con la Pubblica Amministrazione italiana compresi gli Uffici consolari all\u2019estero.<br \/>\nSi ricorda che per l\u2019accesso ai servizi consolari online (in particolare il portale Fast-It):<\/p>\n<ul>\n<li>dal 1 gennaio 2026 la creazione di nuovi account richieder\u00e0 necessariamente il <strong>possesso delle credenziali SPID<\/strong>, o in alternativa di CIE o CNS<\/li>\n<li>per chi \u00e8 gi\u00e0 in possesso di un profilo di accesso con username e password potr\u00e0 continuare ad utilizzarlo solo fino al 31 marzo 2026<\/li>\n<\/ul>\n<p>Si raccomanda quindi di attivarsi sin d\u2019ora per l\u2019ottenimento dicredenziali SPID: gli interessati potranno rivolgersi agli Identity Provider incaricati di fornire il servizio.<\/p>\n<p>La Cancelleria consolare <strong>NON<\/strong> pu\u00f2 fornire le credenziali SPID, non essendo un <em>Identity Provider<\/em>.<\/p>\n<p>Tutte le informazioni, come anche le istruzioni su come ottenere le proprie credenziali, sono disponibili:<\/p>\n<ul>\n<li>sulla pagina del Ministero degli Affari Esteri e della Cooperazione Internazionale dedicata a <a href=\"https:\/\/www.spid.gov.it\/cos-e-spid\/come-scegliere-tra-gli-idp\/\"><strong>SPID<\/strong><\/a><\/li>\n<li>sulle <a href=\"https:\/\/www.spid.gov.it\/domande-frequenti\/?lang=it\"><strong>FAQ -Domande Frequenti<\/strong><\/a> del sito istituzionale dell\u2019Agenzia dell\u2019Italia Digitale<\/li>\n<\/ul>\n<\/div>\n","protected":false},"excerpt":{"rendered":"Attualmente il Sistema Pubblico di Identit\u00e0 Digitale (SPID) costituisce il principale strumento di identificazione online per il cittadino e per le imprese nei rapporti con la Pubblica Amministrazione italiana compresi gli Uffici consolari all\u2019estero. Si ricorda che per l\u2019accesso ai servizi consolari online (in particolare il portale Fast-It): dal 1 gennaio 2026 la creazione di [&hellip;]","protected":false},"author":4,"featured_media":0,"parent":47,"menu_order":13,"comment_status":"closed","ping_status":"closed","template":"","meta":{"footnotes":""},"class_list":["post-663","page","type-page","status-publish","hentry"],"_links":{"self":[{"href":"https:\/\/ambberna.esteri.it\/it\/wp-json\/wp\/v2\/pages\/663","targetHints":{"allow":["GET"]}}],"collection":[{"href":"https:\/\/ambberna.esteri.it\/it\/wp-json\/wp\/v2\/pages"}],"about":[{"href":"https:\/\/ambberna.esteri.it\/it\/wp-json\/wp\/v2\/types\/page"}],"author":[{"embeddable":true,"href":"https:\/\/ambberna.esteri.it\/it\/wp-json\/wp\/v2\/users\/4"}],"replies":[{"embeddable":true,"href":"https:\/\/ambberna.esteri.it\/it\/wp-json\/wp\/v2\/comments?post=663"}],"version-history":[{"count":3,"href":"https:\/\/ambberna.esteri.it\/it\/wp-json\/wp\/v2\/pages\/663\/revisions"}],"predecessor-version":[{"id":797,"href":"https:\/\/ambberna.esteri.it\/it\/wp-json\/wp\/v2\/pages\/663\/revisions\/797"}],"up":[{"embeddable":true,"href":"https:\/\/ambberna.esteri.it\/it\/wp-json\/wp\/v2\/pages\/47"}],"wp:attachment":[{"href":"https:\/\/ambberna.esteri.it\/it\/wp-json\/wp\/v2\/media?parent=663"}],"curies":[{"name":"wp","href":"https:\/\/api.w.org\/{rel}","templated":true}]}}