{"id":68,"date":"2023-04-11T18:18:08","date_gmt":"2023-04-11T16:18:08","guid":{"rendered":"https:\/\/ambasciatapraga.esteri.it\/?page_id=68"},"modified":"2025-11-14T16:03:08","modified_gmt":"2025-11-14T14:03:08","slug":"stato-civile","status":"publish","type":"page","link":"https:\/\/ambberna.esteri.it\/it\/servizi-consolari-e-visti\/servizi-per-il-cittadino-italiano\/stato-civile\/","title":{"rendered":"Stato Civile"},"content":{"rendered":"<p><strong>Pagina in aggiornamento a seguito dell\u2019entrata in vigore del D.L. 28 marzo 2025, n. 36 \u201cDisposizioni urgenti in materia di cittadinanza\u201d, convertito con modificazioni dalla legge 23 maggio 2025, n. 74.<\/strong><\/p>\n<p>&nbsp;<\/p>\n<table style=\"background-color: #ffffe0;\">\n<tbody>\n<tr style=\"background-color: #bdb76b; color: #ffffff;\">\n<td width=\"189\"><strong><b>Personale presso l\u2019ufficio<\/b><\/strong><\/td>\n<td width=\"207\"><strong><b>Email<br \/>\n<\/b><\/strong><\/td>\n<td width=\"118\"><strong><b>Telefono<\/b><\/strong><\/td>\n<\/tr>\n<tr>\n<td width=\"189\">Dutler Marco<\/td>\n<td width=\"207\"><a href=\"mailto:berna.statocivile@esteri.it\">berna.statocivile@esteri.it<\/a><\/td>\n<td width=\"118\">+41 31 390 10 22<\/td>\n<\/tr>\n<tr>\n<td width=\"189\">Tedeschi Chiara<\/td>\n<td width=\"207\"><a href=\"mailto:berna.statocivile@esteri.it\">berna.statocivile@esteri.it<\/a><\/td>\n<td width=\"118\">+41 31 390 10 21<\/td>\n<\/tr>\n<\/tbody>\n<\/table>\n<p>&nbsp;<\/p>\n<p>Il cittadino italiano che ha fissato la sua residenza all\u2019estero per poter registrare atti di nascita, matrimonio e decesso deve prima iscriversi all\u2019Anagrafe degli Italiani Residenti all\u2019Estero (A.I.R.E.).<\/p>\n<p>I cittadini italiani sono tenuti a dichiarare tutte le variazioni di stato civile (producendo i relativi atti o altra documentazione) che si verificano durante la loro permanenza all\u2019estero all\u2019Ufficio consolare competente per il luogo in cui si \u00e8 verificato l\u2019evento o di residenza. Gli atti di stato civile relativi ad eventi verificatisi all\u2019estero possono essere presentati dagli interessati e da chiunque ne abbia interesse all\u2019Ufficio consolare competente (quello di residenza dell\u2019interessato o quello nella cui circoscrizione gli atti sono stati formati).<\/p>\n<p>&nbsp;<\/p>\n<p><span style=\"text-decoration: underline;\"><strong>RICHIESTA DI CERTIFICATI<\/strong><\/span><\/p>\n<p>ATTENZIONE: <u>la Cancelleria Consolare non rilascia atti di nascita, di matrimonio o di morte<\/u>. Essi andranno pertanto richiesti ai Comuni competenti.<br \/>\nSe la nascita, il matrimonio o il decesso sono avvenuti all\u2019estero i relativi atti possono essere richiesti sia al Comune straniero che al Comune italiano che ne ha curato la trascrizione.<\/p>\n<p><span style=\"text-decoration: underline;\"><strong><br \/>\nVARIAZIONI DI STATO CIVILE<\/strong><\/span><\/p>\n<p>Il settore di Stato Civile degli uffici consolari assiste i cittadini residenti nella circoscrizione nell\u2019espletamento delle seguenti pratiche:<\/p>\n<ul>\n<li>redazione del verbale di pubblicazioni di matrimonio e affissione all\u2019albo consolare<\/li>\n<li>trasmissione delle istanze per il cambiamento del nome o del cognome, nei casi previsti dalla normativa italiana vigente, alle prefetture competenti o ai Tribunali Ordinari<\/li>\n<li>ricezione e trasmissione delle sentenze di separazione e di divorzio ai Comuni competenti per la trascrizione<\/li>\n<\/ul>\n<p>Possono essere rilasciati esclusivamente dai Comuni italiani i seguenti documenti:<\/p>\n<ul>\n<li>certificato o estratto dell\u2019atto di nascita<\/li>\n<li>certificato o estratto dell\u2019atto di matrimonio<\/li>\n<li>certificato o estratto dell\u2019atto di morte<\/li>\n<li>certificato di iscrizione all\u2019AIRE<\/li>\n<li>stato di famiglia<\/li>\n<\/ul>\n<p>Vengono rilasciati esclusivamente dai Tribunali italiani i seguenti documenti:<\/p>\n<ul>\n<li>certificato penale e carichi pendenti<\/li>\n<li>sentenza di divorzio con passaggio in giudicato<\/li>\n<\/ul>\n<p>&nbsp;<\/p>\n<p><span style=\"text-decoration: underline;\"><strong>TRASCRIZIONE IN ITALIA DEGLI ATTI DI STATO CIVILE<\/strong><\/span><\/p>\n<p><span style=\"color: #e67e22;\"><strong>NASCITA<\/strong><\/span><\/p>\n<p>Trascrizione dell\u2019estratto dell\u2019atto di nascita di figli nati da genitori <u>legati da vincolo matrimoniale<\/u><\/p>\n<p>A seguito dell\u2019emanazione del decreto legislativo n. 36 del 28\/03\/2025, convertito con modificazioni dalla legge 23 maggio 2025, n. 74, il riconoscimento della cittadinanza italiana <em>iure sanguinis<\/em> per i nati all\u2019estero, anche minorenni, pu\u00f2 essere effettuato, soltanto nei seguenti casi:<\/p>\n<ul>\n<li>se in possesso esclusivo della cittadinanza italiana;<\/li>\n<li>se almeno un genitore o un ascendente di secondo grado (nonno\/a) possiede o possedeva al momento del decesso esclusivamente la cittadinanza italiana (nb: \u00e8 onere del richiedente dimostrare che l\u2019interessato\/a, ovvero il genitore o gli ascendenti di secondo grado non possiedano altre cittadinanze al di fuori di quella italiana);<\/li>\n<li>se un genitore cittadino italiano \u00e8 stato residente in Italia per almeno due anni continuativi, successivamente all\u2019acquisto della cittadinanza italiana, prima della nascita del figlio (\u00e8 necessario presentare un certificato di residenza storico emesso dal Comune italiano) .<\/li>\n<\/ul>\n<p>&nbsp;<\/p>\n<p>Per effettuare la comunicazione di una nascita il connazionale \u00e8 tenuto ad inviare per posta alla Cancelleria Consolare l\u2019accluso <a href=\"https:\/\/ambberna.esteri.it\/wp-content\/uploads\/2025\/06\/Modulo_richiesta_trascrizione_certificato_nascita_06_25.pdf\">modulo<\/a>, allegando: copia dell\u2019estratto dell\u2019atto di nascita emesso dal Comune svizzero su modello internazionale (Modello CIEC), copia del documento d\u2019identit\u00e0 dei genitori ; copia del permesso di soggiorno (o attestazione di domicilio se doppi cittadini o stranieri) dei genitori e del figlio\/a; copia dell\u2019atto di matrimonio dei genitori; certificazione attestante il possesso esclusivo della cittadinanza italiana per un genitore o un ascendente di secondo grado (nonno\/a) oppure certificato di residenza storico emesso dal Comune italiano.<\/p>\n<p>Sarete contattati dall\u2019Ufficio Stato Civile per l\u2019invio dei certificati in originale se non gi\u00e0 ai ns atti (NB: in base alla convenzione tra Italia e Svizzera gli atti di nascita vengono trasmessi direttamente dall\u2019Amministrazione svizzera alla competente autorit\u00e0 consolare italiana, esclusivamente in caso di sola cittadinanza italiana. In caso di \u201cdoppia cittadinanza\u201d \u00e8 necessario che il genitore richieda all\u2019Autorit\u00e0 svizzera l\u2019estratto dell\u2019atto di nascita su modello internazionale CIEC da consegnare all\u2019Autorit\u00e0 Consolare italiana per la trasmissione in Italia) e per l\u2019eventuale integrazione documentale prevista dalla nuova normativa italiana.<\/p>\n<p>&nbsp;<\/p>\n<p><strong>Trascrizione dell&#8217;atto di nascita di figli nati da genitori non legati da vincolo matrimoniale (riconoscimento)<\/strong><\/p>\n<p>Nel caso in cui il minore sia nato <u>al di fuori del vincolo matrimoniale<\/u>,\u00a0se si sia gi\u00e0 provveduto al suo riconoscimento presso le Autorit\u00e0 Svizzere, affinch\u00e9\u00a0questo abbia valore in Italia l\u2019interessato deve contattare la Cancelleria Consolare di questa Ambasciata per espletare le pratiche necessarie.<\/p>\n<p>Anche in questo caso \u00e8 necessario utilizzare il <a href=\"https:\/\/ambberna.esteri.it\/wp-content\/uploads\/2025\/06\/Modulo_richiesta_trascrizione_certificato_nascita_06_25.pdf\">modulo<\/a>, allegando copia dell\u2019estratto dell\u2019atto di nascita emesso dal Comune svizzero su modello internazionale (Modello CIEC), copia del documento d\u2019identit\u00e0 dei genitori; copia del permesso di soggiorno (o attestazione di domicilio se doppi cittadini o stranieri) dei genitori e del figlio\/a e \u00a0copia dell\u2019atto di riconoscimento prima (o dopo) la nascita del minore, certificazione attestante il possesso esclusivo della cittadinanza italiana per un genitore o un ascendente di secondo grado (nonno\/a) oppure certificato di residenza storico emesso dal Comune italiano.<\/p>\n<p>Sarete contattati dall\u2019Ufficio Stato Civile per l\u2019invio dei certificati in originale se non gi\u00e0 ai ns atti (NB: in base alla convenzione tra Italia e Svizzera gli atti di nascita vengono trasmessi direttamente dall\u2019Amministrazione svizzera alla competente autorit\u00e0 consolare italiana, esclusivamente in caso di sola cittadinanza italiana. In caso di \u201cdoppia cittadinanza\u201d \u00e8 necessario che il genitore richieda all\u2019Autorit\u00e0 svizzera\u00a0 l\u2019estratto dell\u2019atto di nascita su modello internazionale CIEC da consegnare all\u2019Autorit\u00e0 Consolare italiana per la trasmissione in Italia) e per l\u2019eventuale integrazione documentale prevista dalla nuova normativa italiana.<\/p>\n<p>L\u2019acquisizione degli atti non \u00e8 tuttavia sufficiente. Il riconoscimento effettuato all\u2019estero secondo la normativa locale per essere valido in Italia deve rispettare le condizioni previste dall\u2019Ordinamento<\/p>\n<p>Il riconoscimento di figlio naturale pu\u00f2 risultare anche da una sentenza straniera che potr\u00e0 essere riconosciuta in Italia, qualora essa sia conforme ai requisiti previsti dalla Legge n.218\/1995.<\/p>\n<p>&nbsp;<\/p>\n<p><span style=\"color: #e67e22;\"><strong>MATRIMONIO<\/strong><\/span><\/p>\n<p>Il matrimonio celebrato all\u2019estero per avere valore in Italia deve essere trascritto in Italia presso il\/i Comune\/i di residenza competenti.<\/p>\n<p>L\u2019estratto dell\u2019atto di matrimonio viene inviato dal Comune svizzero direttamente all\u2019Autorit\u00e0 Consolare. In caso di doppia cittadinanza di entrambi gli interessati sar\u00e0 loro cura inviare al Consolato un estratto dell\u2019atto di matrimonio su modello internazionale originale (Modello CIEC) &#8211; le fotocopie non possono essere accettate &#8211; per la trasmissione in Italia, utilizzando l&#8217;apposito <a href=\"https:\/\/ambberna.esteri.it\/wp-content\/uploads\/2023\/07\/Modulo_richiesta_trascrizione_certificato_matrimon-1.pdf\">modulo<\/a> e allegando copia di un documento di identit\u00e0.<\/p>\n<p><strong><br \/>\nMatrimonio in Italia &#8211; Richiesta di pubblicazioni matrimoniali<\/strong> (art. 51, comma 1, del D.P.R. 3 novembre 2000, n. 396)<\/p>\n<ol>\n<li><strong>I cittadini italiani entrambi residenti in questa Circoscrizione consolare<\/strong> che desiderano contrarre matrimonio in Italia devono fare richiesta di pubblicazioni di matrimonio a questa Cancelleria Consolare.<\/li>\n<li><strong>Nel caso in cui uno dei due nubendi risieda in Italia<\/strong>, la richiesta di pubblicazioni potr\u00e0 essere presentata anche solo al Comune italiano di residenza. In tal caso le pubblicazioni di matrimonio saranno richieste dallo stesso Comune.<\/li>\n<li><strong>Nel caso in cui uno dei due nubendi risieda in altra Circoscrizione consolare<\/strong>, le pubblicazioni saranno effettuate nelle rispettive Rappresentanze diplomatiche o consolari.<\/li>\n<\/ol>\n<p>Le pubblicazioni matrimoniali saranno affisse sul sito web alla pagina <a href=\"https:\/\/ambberna.esteri.it\/servizi-consolari-e-visti\/servizi-per-il-cittadino-italiano\/albo-consolare-e-altri-servizi\/pubblicazioni-albo-consolare\/\">Albo consolare &#8211; Pubblicazioni di matrimonio<\/a> per un periodo di otto giorni consecutivi.<\/p>\n<p>Allo scadere di ulteriori 3 giorni (per la presentazione di eventuali opposizioni da parte di terzi) il Consolato trasmetter\u00e0 il nulla osta alla celebrazione delle nozze al Comune italiano competente.<\/p>\n<p>Si fa presente che le pubblicazioni di matrimonio devono essere effettuate almeno 2 mesi prima e non pi\u00f9 di 6 mesi prima della data fissata per la celebrazione del matrimonio.<\/p>\n<p>Devono fare le pubblicazioni di matrimonio solo i nubendi che intendono sposarsi in Italia.<\/p>\n<p>Si prega di trasmettere via e-mail all\u2019indirizzo <a href=\"mailto:berna.statocivile@esteri.it\">berna.statocivile@esteri.it<\/a>, con copia dei vostri documenti di identit\u00e0 e permessi di soggiorno o attestazioni di domicilio, il <a href=\"https:\/\/ambberna.esteri.it\/wp-content\/uploads\/2023\/06\/richiestanubendiperpubblmatrimonio_2014.pdf\">seguente formulario <\/a>compilato.<\/p>\n<p>Sarete ricontattati e vi saranno fornite informazioni sui documenti da produrre in base alla nazionalit\u00e0 di entrambi i nubendi, che andranno ritrasmessi in copia sempre via mail per la preparazione della pratica e vi sar\u00e0 dato l\u2019appuntamento, al quale dovrete presentarvi entrambi portando gli atti originali.<\/p>\n<p>&nbsp;<\/p>\n<p><span style=\"color: #e67e22;\"><strong>DIVORZIO<\/strong><\/span><\/p>\n<p>Procedura per ottenere la <a href=\"https:\/\/ambberna.esteri.it\/wp-content\/uploads\/2024\/08\/trascrizione_sentenza.pdf\">trascrizione in Italia di una sentenza di divorzio<\/a> emessa da un Tribunale nella Circoscrizione Consolare dell&#8217;Ambasciata d&#8217;Italia a Berna.<br \/>\nSi prega di compilare il <a href=\"https:\/\/ambberna.esteri.it\/wp-content\/uploads\/2023\/06\/istanza_di_trascrizione_di_sentenza_straniera.pdf\">modulo allegato<\/a>.<\/p>\n<p>&nbsp;<\/p>\n<p><span style=\"color: #e67e22;\"><strong>MORTE<\/strong><\/span><\/p>\n<p><strong>Registrazione in Italia del decesso di un italiano residente all\u2019estero<\/strong><\/p>\n<p>Il decesso di un cittadino italiano avvenuto all\u2019estero deve essere trascritto in Italia.<\/p>\n<p>L\u2019estratto dell\u2019atto di morte internazionale (Modello CIEC) originale di un cittadino italiano viene inviato dal Comune Svizzero ove sia avvenuto il decesso all\u2019Autorit\u00e0 Consolare Italiana per la trascrizione in Italia presso l\u2019ultimo Comune di domicilio AIRE del defunto. In caso il defunto sia doppio cittadino sar\u00e0 cura del parente produrre presso la Cancelleria Consolare di questa Ambasciata un estratto dell\u2019atto di morte internazionale originale per la trasmissione in Italia.<\/p>\n<p>L\u2019estratto dell\u2019atto di morte in originale emesso dal Comune svizzero su modello internazionale (le fotocopie non possono essere accettate) potr\u00e0 essere inviato per posta al Consolato utilizzando l&#8217;apposito <a href=\"https:\/\/ambberna.esteri.it\/wp-content\/uploads\/2023\/07\/Modulo_richiesta_trascrizione_certificato_morte.pdf\">modulo<\/a>.<\/p>\n<p>&nbsp;<\/p>\n<p><span style=\"color: #e67e22;\"><strong>RICHIESTA DI CERTIFICATI DI STATO CIVILE<\/strong><\/span><\/p>\n<p>Il certificato pu\u00f2 essere richiesto esclusivamente via posta, trasmettendo la richiesta secondo le modalit\u00e0 indicate al seguente<a href=\"https:\/\/ambberna.esteri.it\/wp-content\/uploads\/2023\/12\/certificato_stato_civile.pdf\"> link<\/a> insieme alla prova del pagamento di CHF 7.40 .<br \/>\nSi fa presente che dal momento dell\u2019invio della richiesta via posta passeranno circa 10 giorni prima di ricevere l\u2019atto a casa.<\/p>\n<p>&nbsp;<\/p>\n<p><span style=\"color: #e67e22;\"><strong>RICHIESTA DI CERTIFICATI CUMULATIVI<\/strong><\/span><\/p>\n<p>Il certificato pu\u00f2 essere richiesto esclusivamente via posta, trasmettendo la richiesta secondo le modalit\u00e0 indicate al seguente <a href=\"https:\/\/ambberna.esteri.it\/wp-content\/uploads\/2023\/12\/certificato_citt_cum.pdf\">link<\/a> insieme alla prova del pagamento di CHF 12.30.<br \/>\nSi fa presente che dal momento dell\u2019invio della richiesta via posta passeranno circa 10 giorni prima di ricevere l\u2019atto a casa.<\/p>\n<p>&nbsp;<\/p>\n<p><span style=\"color: #e67e22;\"><strong>CAMBIO DI NOME O COGNOME<\/strong><\/span><\/p>\n<p>Premesso che in Italia non si cambia il cognome per\u00a0 matrimonio, qualunque altro cambiamento va giustificato indicando i motivi della richiesta e trasmettendo via e-mail all\u2019indirizzo <a href=\"mailto:berna.statocivile@esteri.it\">berna.statocivile@esteri.it<\/a> tutti i documenti o atti o sentenze relativi al cambio effettuato in Svizzera (apostillati e tradotti) seguendo la procedura descritta al seguente <a href=\"https:\/\/ambberna.esteri.it\/wp-content\/uploads\/2024\/08\/procedura_cambio_nome_cognome.pdf\">link <\/a>unitamente a:<\/p>\n<ul>\n<li>copia di un documento d\u2019identit\u00e0<\/li>\n<li>copia del permesso di soggiorno o attestazione di domicilio<\/li>\n<li>istanza con l\u2019indicazione delle motivazioni a sostegno della richiesta<\/li>\n<li>dichiarazione relativa alla composizione del proprio nucleo familiare con generalit\u00e0, data e luogo di nascita e indirizzo di tutti i componenti<\/li>\n<\/ul>\n<p>Se la documentazione sar\u00e0 completa dovrete inviare gli originali per posta.<\/p>\n","protected":false},"excerpt":{"rendered":"Pagina in aggiornamento a seguito dell\u2019entrata in vigore del D.L. 28 marzo 2025, n. 36 \u201cDisposizioni urgenti in materia di cittadinanza\u201d, convertito con modificazioni dalla legge 23 maggio 2025, n. 74. &nbsp; Personale presso l\u2019ufficio Email Telefono Dutler Marco berna.statocivile@esteri.it +41 31 390 10 22 Tedeschi Chiara berna.statocivile@esteri.it +41 31 390 10 21 &nbsp; Il [&hellip;]","protected":false},"author":1,"featured_media":0,"parent":47,"menu_order":14,"comment_status":"closed","ping_status":"closed","template":"","meta":{"footnotes":""},"class_list":["post-68","page","type-page","status-publish","hentry"],"_links":{"self":[{"href":"https:\/\/ambberna.esteri.it\/it\/wp-json\/wp\/v2\/pages\/68","targetHints":{"allow":["GET"]}}],"collection":[{"href":"https:\/\/ambberna.esteri.it\/it\/wp-json\/wp\/v2\/pages"}],"about":[{"href":"https:\/\/ambberna.esteri.it\/it\/wp-json\/wp\/v2\/types\/page"}],"author":[{"embeddable":true,"href":"https:\/\/ambberna.esteri.it\/it\/wp-json\/wp\/v2\/users\/1"}],"replies":[{"embeddable":true,"href":"https:\/\/ambberna.esteri.it\/it\/wp-json\/wp\/v2\/comments?post=68"}],"version-history":[{"count":8,"href":"https:\/\/ambberna.esteri.it\/it\/wp-json\/wp\/v2\/pages\/68\/revisions"}],"predecessor-version":[{"id":8380,"href":"https:\/\/ambberna.esteri.it\/it\/wp-json\/wp\/v2\/pages\/68\/revisions\/8380"}],"up":[{"embeddable":true,"href":"https:\/\/ambberna.esteri.it\/it\/wp-json\/wp\/v2\/pages\/47"}],"wp:attachment":[{"href":"https:\/\/ambberna.esteri.it\/it\/wp-json\/wp\/v2\/media?parent=68"}],"curies":[{"name":"wp","href":"https:\/\/api.w.org\/{rel}","templated":true}]}}