{"id":7427,"date":"2025-01-28T14:02:03","date_gmt":"2025-01-28T12:02:03","guid":{"rendered":"https:\/\/ambberna.esteri.it\/?page_id=7427"},"modified":"2026-02-19T17:18:51","modified_gmt":"2026-02-19T15:18:51","slug":"patenti","status":"publish","type":"page","link":"https:\/\/ambberna.esteri.it\/it\/servizi-consolari-e-visti\/servizi-per-il-cittadino-italiano\/patenti\/","title":{"rendered":"Patenti"},"content":{"rendered":"<table style=\"background-color: #ffffe0;\">\n<tbody>\n<tr style=\"background-color: #bdb76b; color: #ffffff;\">\n<td width=\"189\"><strong><b>Personale presso l\u2019ufficio<\/b><\/strong><\/td>\n<td width=\"207\"><strong><b>Email<br \/>\n<\/b><\/strong><\/td>\n<td width=\"118\"><strong><b>Telefono<\/b><\/strong><\/td>\n<\/tr>\n<tr>\n<td width=\"189\"><\/td>\n<td width=\"207\"><a href=\"mailto:berna.anagrafe@esteri.it\" target=\"_blank\" rel=\"noopener noreferrer\">berna.anagrafe@esteri.it<\/a><\/td>\n<td width=\"118\"><\/td>\n<\/tr>\n<\/tbody>\n<\/table>\n<p>&nbsp;<\/p>\n<p>In Svizzera vige l\u2019obbligo di convertire la patente italiana in quella svizzera entro un anno dal trasferimento di residenza in Svizzera, gli interessati devono pertanto provvedere a contattare entro tale scadenza i competenti uffici di circolazione svizzeri.<\/p>\n<p>I titolari di patente italiana iscritti AIRE da almeno 6 mesi in Paesi extra UE possono ottenere presso le competenti Autorit\u00e0 diplomatico-consolari italiane la conferma della validit\u00e0 della loro patente italiana, scaduta da non pi\u00f9 di cinque anni.<\/p>\n<p>Gli interessati, se residenti nella circoscrizione consolare dell\u2019Ambasciata d\u2019Italia a Berna,\u00a0devono effettuare la prevista visita medica per l\u2019accertamento dei requisiti psichici e fisici. Il certificato medico dovr\u00e0 essere di data recente e relativo al momento in cui si inoltra la richiesta di rinnovo.<\/p>\n<p>Dopo il rilascio del certificato medico, sar\u00e0 necessario richiedere via email a\u00a0 <a href=\"mailto:berna.anagrafe@esteri.it\" target=\"_blank\" rel=\"noopener noreferrer\">berna.anagrafe@esteri.it<\/a> \u00a0 un appuntamento per il rinnovo del documento di guida (la patente, di categoria B, dovr\u00e0 essere leggibile e non deteriorata).<\/p>\n<p>Al momento del rinnovo si dovr\u00e0 consegnare il certificato medico e due foto recenti (formato tessera), unitamente alla patente italiana scaduta ed una copia di un documento di identit\u00e0 valido (carta di identit\u00e0 o passaporto).<\/p>\n<p>L\u2019Autorit\u00e0 consolare non rilascia duplicati delle patenti di guida smarrite o rubate. Per tale servizio occorrer\u00e0 rivolgersi alla Motorizzazione Civile di competenza o all\u2019ACI dopo aver denunciato agli organi di polizia lo smarrimento o il furto.<\/p>\n<p>Una volta riacquisita la residenza o la dimora in Italia, la patente di guida dovr\u00e0 essere confermata entro 6 mesi dal competente ufficio centrale del Dipartimento per i trasporti, la navigazione ed i sistemi informativi e statistici.<\/p>\n<p><a href=\"https:\/\/ambberna.esteri.it\/wp-content\/uploads\/2025\/01\/RICHIESTA-RINNOVO-PATENTE.pdf\">Richiesta Rinnovo Patente<\/a><\/p>\n","protected":false},"excerpt":{"rendered":"Personale presso l\u2019ufficio Email Telefono berna.anagrafe@esteri.it &nbsp; In Svizzera vige l\u2019obbligo di convertire la patente italiana in quella svizzera entro un anno dal trasferimento di residenza in Svizzera, gli interessati devono pertanto provvedere a contattare entro tale scadenza i competenti uffici di circolazione svizzeri. I titolari di patente italiana iscritti AIRE da almeno 6 mesi [&hellip;]","protected":false},"author":14,"featured_media":0,"parent":47,"menu_order":0,"comment_status":"closed","ping_status":"closed","template":"","meta":{"footnotes":""},"class_list":["post-7427","page","type-page","status-publish","hentry"],"_links":{"self":[{"href":"https:\/\/ambberna.esteri.it\/it\/wp-json\/wp\/v2\/pages\/7427","targetHints":{"allow":["GET"]}}],"collection":[{"href":"https:\/\/ambberna.esteri.it\/it\/wp-json\/wp\/v2\/pages"}],"about":[{"href":"https:\/\/ambberna.esteri.it\/it\/wp-json\/wp\/v2\/types\/page"}],"author":[{"embeddable":true,"href":"https:\/\/ambberna.esteri.it\/it\/wp-json\/wp\/v2\/users\/14"}],"replies":[{"embeddable":true,"href":"https:\/\/ambberna.esteri.it\/it\/wp-json\/wp\/v2\/comments?post=7427"}],"version-history":[{"count":6,"href":"https:\/\/ambberna.esteri.it\/it\/wp-json\/wp\/v2\/pages\/7427\/revisions"}],"predecessor-version":[{"id":8634,"href":"https:\/\/ambberna.esteri.it\/it\/wp-json\/wp\/v2\/pages\/7427\/revisions\/8634"}],"up":[{"embeddable":true,"href":"https:\/\/ambberna.esteri.it\/it\/wp-json\/wp\/v2\/pages\/47"}],"wp:attachment":[{"href":"https:\/\/ambberna.esteri.it\/it\/wp-json\/wp\/v2\/media?parent=7427"}],"curies":[{"name":"wp","href":"https:\/\/api.w.org\/{rel}","templated":true}]}}