{"id":765,"date":"2023-09-07T11:53:58","date_gmt":"2023-09-07T09:53:58","guid":{"rendered":"https:\/\/ambberna.esteri.it\/?page_id=765"},"modified":"2023-10-17T15:20:07","modified_gmt":"2023-10-17T13:20:07","slug":"focus-sulla-svizzera","status":"publish","type":"page","link":"https:\/\/ambberna.esteri.it\/it\/italia-e-svizzera\/diplomazia-scientifica\/focus-sulla-svizzera\/","title":{"rendered":"Focus sulla Svizzera\ufeff"},"content":{"rendered":"<div class=\"entry-content\">\n<div id=\"1909234214\" class=\"u_1909234214 dmNewParagraph\" data-version=\"5\">\n<p style=\"text-align: justify;\"><span class=\"\">La Svizzera \u00e8 uno dei paesi a pi\u00f9 alta <\/span>intensit\u00e0<span class=\"\"> di Ricerca e Sviluppo, grazie ad una consolidata propensione verso gli investimenti pubblici e privati nel settore dell\u2019innovazione e ad un sistema della formazione superiore fortemente orientato alla ricerca. <\/span><a href=\"https:\/\/innovitalia.esteri.it\/pagina_paese\/Svizzera\" target=\"_blank\" rel=\"noopener\" type=\"url\">Continua a leggere<\/a><\/p>\n<\/div>\n<\/div>\n","protected":false},"excerpt":{"rendered":"La Svizzera \u00e8 uno dei paesi a pi\u00f9 alta intensit\u00e0 di Ricerca e Sviluppo, grazie ad una consolidata propensione verso gli investimenti pubblici e privati nel settore dell\u2019innovazione e ad un sistema della formazione superiore fortemente orientato alla ricerca. Continua a leggere","protected":false},"author":4,"featured_media":0,"parent":45,"menu_order":3,"comment_status":"closed","ping_status":"closed","template":"","meta":{"footnotes":""},"class_list":["post-765","page","type-page","status-publish","hentry"],"_links":{"self":[{"href":"https:\/\/ambberna.esteri.it\/it\/wp-json\/wp\/v2\/pages\/765","targetHints":{"allow":["GET"]}}],"collection":[{"href":"https:\/\/ambberna.esteri.it\/it\/wp-json\/wp\/v2\/pages"}],"about":[{"href":"https:\/\/ambberna.esteri.it\/it\/wp-json\/wp\/v2\/types\/page"}],"author":[{"embeddable":true,"href":"https:\/\/ambberna.esteri.it\/it\/wp-json\/wp\/v2\/users\/4"}],"replies":[{"embeddable":true,"href":"https:\/\/ambberna.esteri.it\/it\/wp-json\/wp\/v2\/comments?post=765"}],"version-history":[{"count":2,"href":"https:\/\/ambberna.esteri.it\/it\/wp-json\/wp\/v2\/pages\/765\/revisions"}],"predecessor-version":[{"id":1687,"href":"https:\/\/ambberna.esteri.it\/it\/wp-json\/wp\/v2\/pages\/765\/revisions\/1687"}],"up":[{"embeddable":true,"href":"https:\/\/ambberna.esteri.it\/it\/wp-json\/wp\/v2\/pages\/45"}],"wp:attachment":[{"href":"https:\/\/ambberna.esteri.it\/it\/wp-json\/wp\/v2\/media?parent=765"}],"curies":[{"name":"wp","href":"https:\/\/api.w.org\/{rel}","templated":true}]}}