{"id":95,"date":"2023-04-11T18:23:52","date_gmt":"2023-04-11T16:23:52","guid":{"rendered":"https:\/\/ambasciatapraga.esteri.it\/?page_id=95"},"modified":"2025-12-30T10:30:38","modified_gmt":"2025-12-30T08:30:38","slug":"fare-affari-in-svizzera","status":"publish","type":"page","link":"https:\/\/ambberna.esteri.it\/it\/italia-e-svizzera\/diplomazia-economica\/fare-affari-in-svizzera\/","title":{"rendered":"Fare affari in Svizzera"},"content":{"rendered":"<p>L&#8217;interesse del mercato svizzero per gli operatori italiani si fonda su alcuni e significativi punti di forza.<\/p>\n<p><strong>Potere d&#8217;acquisto<br \/>\n<\/strong>La Svizzera, con un reddito pro capite di oltre 83.000 euro (2022), rappresenta uno dei paesi pi\u00f9 ricchi d&#8217;Europa e con un potere d&#8217;acquisto fra i pi\u00f9 alti al mondo. La domanda interna \u00e8 sempre molto forte.<\/p>\n<p><strong>Apprezzamento del Made in Italy<br \/>\n<\/strong>La Svizzera apprezza e valorizza le produzioni Made in Italy, confermandosi di anno in anno il quarto mercato al mondo per i prodotti italiani.<\/p>\n<p><strong>Stabilit\u00e0 finanziaria<br \/>\n<\/strong>Nonostante la recente e non ancora superata crisi bancaria di uno dei pi\u00f9 importanti colossi finanziari svizzeri, il Paese \u00e8 tradizionalmente uno dei pi\u00f9 solidi del Vecchio continente e al mondo, con un rapporto Debito\/PIL inferiore al 30% e stabilmente in avanzo finanziario.<\/p>\n<p><strong>Stabilit\u00e0 politica<br \/>\n<\/strong>Il sistema istituzionale elvetico rappresenta un esempio di assoluta stabilit\u00e0, garantendo il funzionamento efficace ed efficiente dell&#8217;apparato statale, che tiene conto tra l&#8217;altro anche delle caratteristiche dei singoli Cantoni che compongono la Confederazione.<\/p>\n<p><strong>Posizione geografica<br \/>\n<\/strong>La Svizzera si colloca al centro dell&#8217;Europa ed \u00e8 un punto essenziale di passaggio tra i Paesi germanici e quelli latini. La capillarit\u00e0 dei suoi trasporti ferroviari e stradali ne fanno un Paese fondamentale per il commercio italiano.<\/p>\n<p>&nbsp;<\/p>\n<p class=\"boxLevel04\">Alcuni link e documenti di interesse:<\/p>\n<ul>\n<li class=\"boxLevel04\"><strong><a href=\"https:\/\/ambberna.esteri.it\/wp-content\/uploads\/2025\/12\/Nota-cong.-primo-semestre-2025-1.pdf\">Nota congiunturale Italian Trade Agency &#8211; Ufficio ICE Berna\u00a0 (aggiornato al 30-12-2025)<\/a><\/strong><\/li>\n<li class=\"boxLevel04\"><a href=\"https:\/\/www.infomercatiesteri.it\/presenza_italiana.php?id_paesi=94\"><strong>Aziende italiane o affiliate operanti in Svizzera (InfoMercatiEsteri)<\/strong><\/a><\/li>\n<\/ul>\n<p>&nbsp;<\/p>\n<p><strong><a title=\"Vai al sito web della Camera di Commercio italiana per la Svizzera\" href=\"http:\/\/www.ccis.ch\/\">Camera di Commercio Italiana per la Svizzera<\/a><\/strong><\/p>\n<div align=\"center\"><a href=\"http:\/\/www.ccis.ch\/\"><img loading=\"lazy\" decoding=\"async\" class=\"alignnone size-full wp-image-275 img-fluid\" src=\"https:\/\/ambberna.esteri.it\/wp-content\/uploads\/2023\/06\/CCIS_LOGO_2011.png\" alt=\"\" width=\"296\" height=\"150\" \/><\/a><\/div>\n<p>Fondata nel lontano 1909, la <a title=\"Vai al sito web della Camera di Commercio Italiana per la Svizzera\" href=\"http:\/\/www.ccis.ch\/\"><strong>Camera di Commercio Italiana per la Svizzera<\/strong><\/a>, con sede a Zurigo, ha notevolmente contribuito al raggiungimento dei positivi risultati, conseguiti di anno in anno, nelle relazioni economico-commerciali italo-svizzere e si \u00e8 affermata quale riferimento economico &#8211; istituzionale fondamentale per tutti i soggetti pubblici e privati che pianificano e realizzano progetti di espansione economica e commerciale dall\u2019Italia sul mercato svizzero e viceversa.<\/p>\n<p>Con i suoi circa 700 Soci la Camera di Commercio Italiana per la Svizzera \u00e8 un\u2019associazione indipendente del Codice Civile Svizzero. Il suo compito principale consiste nell\u2019assistenza alle imprese dedite all\u2019interscambio tra l\u2019Italia, Svizzera ed il principato del Liechtenstein.<\/p>\n<p>La Camera senza venire meno al suo ruolo istituzionale, fornisce assistenza alle istituzioni ed alle aziende, muovendosi con criteri imprenditoriali e cercando di massimizzare il ritorno commerciale per la propria clientela.<\/p>\n","protected":false},"excerpt":{"rendered":"L&#8217;interesse del mercato svizzero per gli operatori italiani si fonda su alcuni e significativi punti di forza. Potere d&#8217;acquisto La Svizzera, con un reddito pro capite di oltre 83.000 euro (2022), rappresenta uno dei paesi pi\u00f9 ricchi d&#8217;Europa e con un potere d&#8217;acquisto fra i pi\u00f9 alti al mondo. La domanda interna \u00e8 sempre molto [&hellip;]","protected":false},"author":1,"featured_media":0,"parent":43,"menu_order":0,"comment_status":"closed","ping_status":"closed","template":"","meta":{"footnotes":""},"class_list":["post-95","page","type-page","status-publish","hentry"],"_links":{"self":[{"href":"https:\/\/ambberna.esteri.it\/it\/wp-json\/wp\/v2\/pages\/95","targetHints":{"allow":["GET"]}}],"collection":[{"href":"https:\/\/ambberna.esteri.it\/it\/wp-json\/wp\/v2\/pages"}],"about":[{"href":"https:\/\/ambberna.esteri.it\/it\/wp-json\/wp\/v2\/types\/page"}],"author":[{"embeddable":true,"href":"https:\/\/ambberna.esteri.it\/it\/wp-json\/wp\/v2\/users\/1"}],"replies":[{"embeddable":true,"href":"https:\/\/ambberna.esteri.it\/it\/wp-json\/wp\/v2\/comments?post=95"}],"version-history":[{"count":7,"href":"https:\/\/ambberna.esteri.it\/it\/wp-json\/wp\/v2\/pages\/95\/revisions"}],"predecessor-version":[{"id":8461,"href":"https:\/\/ambberna.esteri.it\/it\/wp-json\/wp\/v2\/pages\/95\/revisions\/8461"}],"up":[{"embeddable":true,"href":"https:\/\/ambberna.esteri.it\/it\/wp-json\/wp\/v2\/pages\/43"}],"wp:attachment":[{"href":"https:\/\/ambberna.esteri.it\/it\/wp-json\/wp\/v2\/media?parent=95"}],"curies":[{"name":"wp","href":"https:\/\/api.w.org\/{rel}","templated":true}]}}